{"id":553,"date":"2022-03-24T23:15:02","date_gmt":"2022-03-24T17:15:02","guid":{"rendered":"https:\/\/r2-toys.com\/?post_type=product&#038;p=553"},"modified":"2026-01-19T23:02:41","modified_gmt":"2026-01-19T17:02:41","slug":"shadow-stormtrooper-force-unlashed","status":"publish","type":"product","link":"https:\/\/r2-toys.com\/index.php\/product\/shadow-stormtrooper-force-unlashed\/","title":{"rendered":"Shadow Stormtrooper GAMING GREATS"},"content":{"rendered":"<p>Los Shadow Stormtroopers utilizan dispositivos de camuflaje para emboscar a sus enemigos en el videojuego Star Wars: The Force Unleashed.<\/p>\n<p>La figura Shadow Stormtrooper de Gaming Greats exclusiva de 15 cm est\u00e1 detallada para parecerse al personaje del videojuego Star Wars: The Force Unleashed, con detalles premium y m\u00faltiples puntos de articulaci\u00f3n.<\/p>\n<p>El videojuego Star Wars: The Force Unleashed sigue al aprendiz secreto de Darth Vader, entrenado para cazar y destruir Jedi, mientras que los Stormtroopers usan dispositivos de camuflaje para tender una emboscada a los enemigos.<\/p>\n<p>Los fan\u00e1ticos y coleccionistas de Star Wars pueden mostrar esta figura altamente articulada (4 extremidades completamente articuladas), con decoraci\u00f3n premium, en su figura de acci\u00f3n y colecci\u00f3n de veh\u00edculos.<\/p>\n<div>\n<p>Edad recomendada: 4 a\u00f1os en adelante<\/p>\n<\/div>\n<div>\n<div>\n<p>\u26a0\ufe0f ADVERTENCIA: PELIGRO DE ASFIXIA &#8211; Piezas peque\u00f1as. No apto para ni\u00f1os menores de 4 a\u00f1os.<\/p>\n<\/div>\n<div>\n<p>Los productos Star Wars son producidos por Hasbro bajo licencia de Lucasfilm Ltd.<\/p>\n<\/div>\n<div>\n<p>Hasbro y todos los t\u00e9rminos relacionados son marcas registradas de Hasbro.<\/p>\n<\/div>\n<\/div>\n","protected":false},"excerpt":{"rendered":"<p>&nbsp;<\/p>\n<p>Los Shadow Stormtroopers utilizan dispositivos de camuflaje para emboscar a sus enemigos en el videojuego Star Wars: The Force Unleashed.<\/p>\n<p>El videojuego Star Wars: The Force Unleashed sigue al aprendiz secreto de Darth Vader, entrenado para cazar y destruir Jedi, mientras que los comandantes de Stormtrooper llevan a las tropas imperiales a la batalla.<\/p>\n","protected":false},"featured_media":2577,"comment_status":"open","ping_status":"closed","template":"","meta":[],"product_brand":[],"product_cat":[28],"product_tag":[],"class_list":{"0":"post-553","1":"product","2":"type-product","3":"status-publish","4":"has-post-thumbnail","6":"product_cat-black-series","8":"first","9":"instock","10":"taxable","11":"shipping-taxable","12":"purchasable","13":"product-type-simple"},"_links":{"self":[{"href":"https:\/\/r2-toys.com\/index.php\/wp-json\/wp\/v2\/product\/553","targetHints":{"allow":["GET"]}}],"collection":[{"href":"https:\/\/r2-toys.com\/index.php\/wp-json\/wp\/v2\/product"}],"about":[{"href":"https:\/\/r2-toys.com\/index.php\/wp-json\/wp\/v2\/types\/product"}],"replies":[{"embeddable":true,"href":"https:\/\/r2-toys.com\/index.php\/wp-json\/wp\/v2\/comments?post=553"}],"wp:featuredmedia":[{"embeddable":true,"href":"https:\/\/r2-toys.com\/index.php\/wp-json\/wp\/v2\/media\/2577"}],"wp:attachment":[{"href":"https:\/\/r2-toys.com\/index.php\/wp-json\/wp\/v2\/media?parent=553"}],"wp:term":[{"taxonomy":"product_brand","embeddable":true,"href":"https:\/\/r2-toys.com\/index.php\/wp-json\/wp\/v2\/product_brand?post=553"},{"taxonomy":"product_cat","embeddable":true,"href":"https:\/\/r2-toys.com\/index.php\/wp-json\/wp\/v2\/product_cat?post=553"},{"taxonomy":"product_tag","embeddable":true,"href":"https:\/\/r2-toys.com\/index.php\/wp-json\/wp\/v2\/product_tag?post=553"}],"curies":[{"name":"wp","href":"https:\/\/api.w.org\/{rel}","templated":true}]}}