{"id":558,"date":"2022-01-24T06:45:34","date_gmt":"2022-01-24T00:45:34","guid":{"rendered":"https:\/\/r2-toys.com\/?post_type=product&#038;p=558"},"modified":"2025-12-11T23:48:29","modified_gmt":"2025-12-11T17:48:29","slug":"clone-commander-cody","status":"publish","type":"product","link":"https:\/\/r2-toys.com\/index.php\/product\/clone-commander-cody\/","title":{"rendered":"CLONE COMMANDER CODY"},"content":{"rendered":"<p>Un l\u00edder natural y pr\u00e1ctico en el ej\u00e9rcito de clones, el Comandante Clon Cody encajaba bien con el General Kenobi, a quien era particularmente leal.<\/p>\n<p>\u00a1Las figuras m\u00e1s \u00e9picas de Star Wars The Black Series est\u00e1n de vuelta con Black Series Archive Collection! Estas figuras de archivo tienen una decoraci\u00f3n fotorrealista y un dise\u00f1o premium, por lo que los fan\u00e1ticos y coleccionistas pueden expandir sus colecciones de Star Wars.<\/p>\n<p>La figura de la serie Black a escala de 6 pulgadas se detalla para parecerse al Comandante clon Cody del entretenimiento de Star Wars, con detalles premium y m\u00faltiples puntos de articulaci\u00f3n.<\/p>\n<p>Incluye: figura y 2 accesorios.<\/p>\n<p>Esta figura de acci\u00f3n de Star Wars The Black Series viene con 2 accesorios bl\u00e1ster inspirados en Cody de Clone Commander que son una gran adici\u00f3n a cualquier colecci\u00f3n de Star Wars.<\/p>\n<p>Los fan\u00e1ticos y coleccionistas de Star Wars pueden exhibir esta figura totalmente articulada y altamente articulada, con decoraci\u00f3n premium, en su figura de acci\u00f3n y colecci\u00f3n de veh\u00edculos.<\/p>\n<p>Edad recomendada: 4 a\u00f1os en adelante<\/p>\n<p>\u26a0\ufe0f ADVERTENCIA: PELIGRO DE ASFIXIA &#8211; Piezas peque\u00f1as. No apto para ni\u00f1os menores de 4 a\u00f1os.<\/p>\n<p>Los juguetes de Hasbro de la L\u00ednea Star Wars Black Series son productos originales que traer\u00e1n horas de diversi\u00f3n a chicos y grandes, adem\u00e1s cuentan con licencias oficiales<\/p>\n<p>Los productos de Star Wars son producidos por Hasbro bajo licencia de Lucasfilm Ltd.<\/p>\n","protected":false},"excerpt":{"rendered":"<p>Un l\u00edder natural y pr\u00e1ctico en el ej\u00e9rcito de clones, el Comandante Clon Cody encajaba bien con el General Kenobi, a quien era particularmente leal.<\/p>\n","protected":false},"featured_media":2670,"comment_status":"open","ping_status":"closed","template":"","meta":[],"product_brand":[],"product_cat":[31,28],"product_tag":[],"class_list":{"0":"post-558","1":"product","2":"type-product","3":"status-publish","4":"has-post-thumbnail","6":"product_cat-archive","7":"product_cat-black-series","9":"first","10":"instock","11":"taxable","12":"shipping-taxable","13":"purchasable","14":"product-type-simple"},"_links":{"self":[{"href":"https:\/\/r2-toys.com\/index.php\/wp-json\/wp\/v2\/product\/558","targetHints":{"allow":["GET"]}}],"collection":[{"href":"https:\/\/r2-toys.com\/index.php\/wp-json\/wp\/v2\/product"}],"about":[{"href":"https:\/\/r2-toys.com\/index.php\/wp-json\/wp\/v2\/types\/product"}],"replies":[{"embeddable":true,"href":"https:\/\/r2-toys.com\/index.php\/wp-json\/wp\/v2\/comments?post=558"}],"wp:featuredmedia":[{"embeddable":true,"href":"https:\/\/r2-toys.com\/index.php\/wp-json\/wp\/v2\/media\/2670"}],"wp:attachment":[{"href":"https:\/\/r2-toys.com\/index.php\/wp-json\/wp\/v2\/media?parent=558"}],"wp:term":[{"taxonomy":"product_brand","embeddable":true,"href":"https:\/\/r2-toys.com\/index.php\/wp-json\/wp\/v2\/product_brand?post=558"},{"taxonomy":"product_cat","embeddable":true,"href":"https:\/\/r2-toys.com\/index.php\/wp-json\/wp\/v2\/product_cat?post=558"},{"taxonomy":"product_tag","embeddable":true,"href":"https:\/\/r2-toys.com\/index.php\/wp-json\/wp\/v2\/product_tag?post=558"}],"curies":[{"name":"wp","href":"https:\/\/api.w.org\/{rel}","templated":true}]}}