{"id":5582,"date":"2023-01-16T08:19:48","date_gmt":"2023-01-16T02:19:48","guid":{"rendered":"https:\/\/r2-toys.com\/?post_type=product&#038;p=5582"},"modified":"2026-01-24T09:11:50","modified_gmt":"2026-01-24T03:11:50","slug":"cad-bane-bracca","status":"publish","type":"product","link":"https:\/\/r2-toys.com\/index.php\/product\/cad-bane-bracca\/","title":{"rendered":"Cad Bane (BRACCA)"},"content":{"rendered":"<p>Cazarrecompensas del planeta Duro que se forj\u00f3 la reputaci\u00f3n de ser el mejor y mort\u00edfero mercenario de la galaxia durante las Guerras Clon. Bane empleaba numerosas variedades de armas y aliados para asegurar su pago, y se convirti\u00f3 en un l\u00edder\u00a0 tras la muerte de Jango Fett al inicio de la guerra.<\/p>\n<p>Figura de acci\u00f3n de 15cm, cuenta con m\u00faltiples puntos de articulaci\u00f3n y 4 accesorios de combate.<\/p>\n<p>Edad recomendada: 4 a\u00f1os en adelante<\/p>\n<p>\u26a0\ufe0fADVERTENCIA: PELIGRO DE ASFIXIA &#8211; Piezas peque\u00f1as. No apto para ni\u00f1os menores de 4 a\u00f1os.<\/p>\n<p>Los productos Star Wars son producidos por Hasbro bajo licencia de Lucasfilm Ltd.<\/p>\n<p>Hasbro y todos los t\u00e9rminos relacionados son marcas registradas de Hasbro.<\/p>\n<p>&nbsp;<\/p>\n","protected":false},"excerpt":{"rendered":"<p>Cazarrecompensas del planeta Duro que se forj\u00f3 la reputaci\u00f3n de ser el mejor y mort\u00edfero mercenario de la galaxia durante las Guerras Clon. Bane empleaba numerosas variedades de armas y aliados para asegurar su pago, y se convirti\u00f3 en un l\u00edder\u00a0 tras la muerte de Jango Fett al inicio de la guerra.<\/p>\n<p>&nbsp;<\/p>\n","protected":false},"featured_media":5563,"comment_status":"open","ping_status":"closed","template":"","meta":[],"product_brand":[],"product_cat":[28],"product_tag":[],"class_list":{"0":"post-5582","1":"product","2":"type-product","3":"status-publish","4":"has-post-thumbnail","6":"product_cat-black-series","8":"first","9":"instock","10":"taxable","11":"shipping-taxable","12":"purchasable","13":"product-type-simple"},"_links":{"self":[{"href":"https:\/\/r2-toys.com\/index.php\/wp-json\/wp\/v2\/product\/5582","targetHints":{"allow":["GET"]}}],"collection":[{"href":"https:\/\/r2-toys.com\/index.php\/wp-json\/wp\/v2\/product"}],"about":[{"href":"https:\/\/r2-toys.com\/index.php\/wp-json\/wp\/v2\/types\/product"}],"replies":[{"embeddable":true,"href":"https:\/\/r2-toys.com\/index.php\/wp-json\/wp\/v2\/comments?post=5582"}],"wp:featuredmedia":[{"embeddable":true,"href":"https:\/\/r2-toys.com\/index.php\/wp-json\/wp\/v2\/media\/5563"}],"wp:attachment":[{"href":"https:\/\/r2-toys.com\/index.php\/wp-json\/wp\/v2\/media?parent=5582"}],"wp:term":[{"taxonomy":"product_brand","embeddable":true,"href":"https:\/\/r2-toys.com\/index.php\/wp-json\/wp\/v2\/product_brand?post=5582"},{"taxonomy":"product_cat","embeddable":true,"href":"https:\/\/r2-toys.com\/index.php\/wp-json\/wp\/v2\/product_cat?post=5582"},{"taxonomy":"product_tag","embeddable":true,"href":"https:\/\/r2-toys.com\/index.php\/wp-json\/wp\/v2\/product_tag?post=5582"}],"curies":[{"name":"wp","href":"https:\/\/api.w.org\/{rel}","templated":true}]}}