{"id":5583,"date":"2023-01-16T08:32:20","date_gmt":"2023-01-16T02:32:20","guid":{"rendered":"https:\/\/r2-toys.com\/?post_type=product&#038;p=5583"},"modified":"2026-01-10T04:38:42","modified_gmt":"2026-01-09T22:38:42","slug":"mandalorian-ahsoka-grogu","status":"publish","type":"product","link":"https:\/\/r2-toys.com\/index.php\/product\/mandalorian-ahsoka-grogu\/","title":{"rendered":"Mandalorian, Ahsoka, Grogu"},"content":{"rendered":"<p>El Mandalorian busca a Ahsoka para que le ayude a descubrir el pasado de El ni\u00f1o e iluminar su futuro. Ella descubre que su nombre es Grogu y que tiene conocimientos de la fuerza. Renuente a entrenarlo, Ahsoka le dice al Mandalorian que debe ir a las antiguas ruinas del templo de Tython para que Grogu haga un llamado por medio de la fuerza desde las ruinas, con la esperanza que un Jedi sienta su presencia.<\/p>\n<p>Figuras de acci\u00f3n de 15cm, cuentan con m\u00faltiples puntos de articulaci\u00f3n y accesorios de combate.<\/p>\n<p>Edad recomendada: 4 a\u00f1os en adelante<\/p>\n<p>\u26a0\ufe0fADVERTENCIA: PELIGRO DE ASFIXIA &#8211; Piezas peque\u00f1as. No apto para ni\u00f1os menores de 4 a\u00f1os.<\/p>\n<p>Los productos Star Wars son producidos por Hasbro bajo licencia de Lucasfilm Ltd.<\/p>\n<p>Hasbro y todos los t\u00e9rminos relacionados son marcas registradas de Hasbro.<\/p>\n","protected":false},"excerpt":{"rendered":"<p>El Mandalorian busca a Ahsoka para que le ayude a descubrir el pasado de El ni\u00f1o e iluminar su futuro. Ella descubre que su nombre es Grogu y que tiene conocimientos de la fuerza. Renuente a entrenarlo, Ahsoka le dice al Mandalorian que debe ir a las antiguas ruinas del templo de Tython para que Grogu haga un llamado por medio de la fuerza desde las ruinas, con la esperanza que un Jedi sienta su presencia.<\/p>\n","protected":false},"featured_media":5566,"comment_status":"open","ping_status":"closed","template":"","meta":[],"product_brand":[],"product_cat":[28],"product_tag":[],"class_list":{"0":"post-5583","1":"product","2":"type-product","3":"status-publish","4":"has-post-thumbnail","6":"product_cat-black-series","8":"first","9":"outofstock","10":"taxable","11":"shipping-taxable","12":"purchasable","13":"product-type-simple"},"_links":{"self":[{"href":"https:\/\/r2-toys.com\/index.php\/wp-json\/wp\/v2\/product\/5583","targetHints":{"allow":["GET"]}}],"collection":[{"href":"https:\/\/r2-toys.com\/index.php\/wp-json\/wp\/v2\/product"}],"about":[{"href":"https:\/\/r2-toys.com\/index.php\/wp-json\/wp\/v2\/types\/product"}],"replies":[{"embeddable":true,"href":"https:\/\/r2-toys.com\/index.php\/wp-json\/wp\/v2\/comments?post=5583"}],"wp:featuredmedia":[{"embeddable":true,"href":"https:\/\/r2-toys.com\/index.php\/wp-json\/wp\/v2\/media\/5566"}],"wp:attachment":[{"href":"https:\/\/r2-toys.com\/index.php\/wp-json\/wp\/v2\/media?parent=5583"}],"wp:term":[{"taxonomy":"product_brand","embeddable":true,"href":"https:\/\/r2-toys.com\/index.php\/wp-json\/wp\/v2\/product_brand?post=5583"},{"taxonomy":"product_cat","embeddable":true,"href":"https:\/\/r2-toys.com\/index.php\/wp-json\/wp\/v2\/product_cat?post=5583"},{"taxonomy":"product_tag","embeddable":true,"href":"https:\/\/r2-toys.com\/index.php\/wp-json\/wp\/v2\/product_tag?post=5583"}],"curies":[{"name":"wp","href":"https:\/\/api.w.org\/{rel}","templated":true}]}}