{"id":5585,"date":"2023-01-16T08:49:47","date_gmt":"2023-01-16T02:49:47","guid":{"rendered":"https:\/\/r2-toys.com\/?post_type=product&#038;p=5585"},"modified":"2023-06-14T07:32:09","modified_gmt":"2023-06-14T01:32:09","slug":"darth-vader-galaxy-of-adventures-2","status":"publish","type":"product","link":"https:\/\/r2-toys.com\/index.php\/product\/darth-vader-galaxy-of-adventures-2\/","title":{"rendered":"Darth Vader Galaxy of Adventures"},"content":{"rendered":"<p>\u00a1Los fan\u00e1ticos de Star Wars nuevos y viejos pueden descubrir la acci\u00f3n emocionante de la galaxia muy, muy lejana con figuras, sables de luz!<\/p>\n<p>\u00a1Aprende sobre los personajes m\u00e1s ic\u00f3nicos de las pel\u00edculas de Star Wars y lee el mini c\u00f3mic incluido o escanea el c\u00f3digo QR incluido para unirte a sus<span class=\"Apple-converted-space\">\u00a0 <\/span>aventuras!<\/p>\n<p>\u00a1Aprende sobre Darth Vader y otros personajes de Star Wars con figuras de \u00bfQuien es en la galaxia?! \u00a1Cada paquete contiene 1 figura de 9.5cm, 1 minic\u00f3mic y 1 c\u00f3digo QR para que con un dispositivo inteligente descubras m\u00e1s historias en l\u00ednea sobre el personaje!<span class=\"Apple-converted-space\">\u00a0<\/span><\/p>\n<p>Edad recomendada: 4 a\u00f1os en adelante<\/p>\n<p>\u26a0\ufe0fADVERTENCIA: PELIGRO DE ASFIXIA &#8211; Piezas peque\u00f1as. No apto para ni\u00f1os menores de 4 a\u00f1os.<\/p>\n<p>Los productos Star Wars son producidos por Hasbro bajo licencia de Lucasfilm Ltd.<\/p>\n<p>Hasbro y todos los t\u00e9rminos relacionados son marcas registradas de Hasbro.<\/p>\n","protected":false},"excerpt":{"rendered":"<p>\u00a1Los fan\u00e1ticos de Star Wars nuevos y viejos pueden descubrir la acci\u00f3n emocionante de la galaxia muy, muy lejana con figuras, sables de luz!<\/p>\n<p>\u00a1Aprende sobre los personajes m\u00e1s ic\u00f3nicos de las pel\u00edculas de Star Wars y lee el mini c\u00f3mic incluido o escanea el c\u00f3digo QR incluido para unirte a sus<span class=\"Apple-converted-space\">\u00a0 <\/span>aventuras!<\/p>\n","protected":false},"featured_media":5547,"comment_status":"open","ping_status":"closed","template":"","meta":[],"product_brand":[],"product_cat":[33],"product_tag":[],"class_list":{"0":"post-5585","1":"product","2":"type-product","3":"status-publish","4":"has-post-thumbnail","6":"product_cat-otros","8":"first","9":"instock","10":"taxable","11":"shipping-taxable","12":"purchasable","13":"product-type-simple"},"_links":{"self":[{"href":"https:\/\/r2-toys.com\/index.php\/wp-json\/wp\/v2\/product\/5585","targetHints":{"allow":["GET"]}}],"collection":[{"href":"https:\/\/r2-toys.com\/index.php\/wp-json\/wp\/v2\/product"}],"about":[{"href":"https:\/\/r2-toys.com\/index.php\/wp-json\/wp\/v2\/types\/product"}],"replies":[{"embeddable":true,"href":"https:\/\/r2-toys.com\/index.php\/wp-json\/wp\/v2\/comments?post=5585"}],"wp:featuredmedia":[{"embeddable":true,"href":"https:\/\/r2-toys.com\/index.php\/wp-json\/wp\/v2\/media\/5547"}],"wp:attachment":[{"href":"https:\/\/r2-toys.com\/index.php\/wp-json\/wp\/v2\/media?parent=5585"}],"wp:term":[{"taxonomy":"product_brand","embeddable":true,"href":"https:\/\/r2-toys.com\/index.php\/wp-json\/wp\/v2\/product_brand?post=5585"},{"taxonomy":"product_cat","embeddable":true,"href":"https:\/\/r2-toys.com\/index.php\/wp-json\/wp\/v2\/product_cat?post=5585"},{"taxonomy":"product_tag","embeddable":true,"href":"https:\/\/r2-toys.com\/index.php\/wp-json\/wp\/v2\/product_tag?post=5585"}],"curies":[{"name":"wp","href":"https:\/\/api.w.org\/{rel}","templated":true}]}}