{"id":5588,"date":"2023-01-16T11:04:09","date_gmt":"2023-01-16T05:04:09","guid":{"rendered":"https:\/\/r2-toys.com\/?post_type=product&#038;p=5588"},"modified":"2024-02-21T01:00:14","modified_gmt":"2024-02-20T19:00:14","slug":"marvelss-legion","status":"publish","type":"product","link":"https:\/\/r2-toys.com\/index.php\/product\/marvelss-legion\/","title":{"rendered":"Marvels\u2019s Legion"},"content":{"rendered":"<p>Obtiene su incre\u00edble mente de su legendario padre, Charles Xavier, pero debe equilibrar inimaginables poderes mutantes con su enfermedad mental.<\/p>\n<p>Figura de 15cm e incluye 3 accesorios.<\/p>\n<p>Edad recomendada: 4 a\u00f1os en adelante<\/p>\n<p>\u26a0\ufe0fADVERTENCIA: PELIGRO DE ASFIXIA &#8211; Piezas peque\u00f1as. No apto para ni\u00f1os menores de 4 a\u00f1os.<\/p>\n<p>Los productos Marvel son producidos por Hasbro bajo licencia de Marvel y Disney.<\/p>\n<p>Marvel, Hasbro y Disney as\u00ed todos los t\u00e9rminos relacionados son marcas registradas.<\/p>\n","protected":false},"excerpt":{"rendered":"<p>Obtiene su incre\u00edble mente de su legendario padre, Charles Xavier, pero debe equilibrar inimaginables poderes mutantes con su enfermedad mental.<\/p>\n","protected":false},"featured_media":5557,"comment_status":"open","ping_status":"closed","template":"","meta":[],"product_brand":[],"product_cat":[21],"product_tag":[],"class_list":{"0":"post-5588","1":"product","2":"type-product","3":"status-publish","4":"has-post-thumbnail","6":"product_cat-retro","8":"first","9":"instock","10":"taxable","11":"shipping-taxable","12":"purchasable","13":"product-type-simple"},"_links":{"self":[{"href":"https:\/\/r2-toys.com\/index.php\/wp-json\/wp\/v2\/product\/5588","targetHints":{"allow":["GET"]}}],"collection":[{"href":"https:\/\/r2-toys.com\/index.php\/wp-json\/wp\/v2\/product"}],"about":[{"href":"https:\/\/r2-toys.com\/index.php\/wp-json\/wp\/v2\/types\/product"}],"replies":[{"embeddable":true,"href":"https:\/\/r2-toys.com\/index.php\/wp-json\/wp\/v2\/comments?post=5588"}],"wp:featuredmedia":[{"embeddable":true,"href":"https:\/\/r2-toys.com\/index.php\/wp-json\/wp\/v2\/media\/5557"}],"wp:attachment":[{"href":"https:\/\/r2-toys.com\/index.php\/wp-json\/wp\/v2\/media?parent=5588"}],"wp:term":[{"taxonomy":"product_brand","embeddable":true,"href":"https:\/\/r2-toys.com\/index.php\/wp-json\/wp\/v2\/product_brand?post=5588"},{"taxonomy":"product_cat","embeddable":true,"href":"https:\/\/r2-toys.com\/index.php\/wp-json\/wp\/v2\/product_cat?post=5588"},{"taxonomy":"product_tag","embeddable":true,"href":"https:\/\/r2-toys.com\/index.php\/wp-json\/wp\/v2\/product_tag?post=5588"}],"curies":[{"name":"wp","href":"https:\/\/api.w.org\/{rel}","templated":true}]}}