{"id":5589,"date":"2023-01-16T11:05:43","date_gmt":"2023-01-16T05:05:43","guid":{"rendered":"https:\/\/r2-toys.com\/?post_type=product&#038;p=5589"},"modified":"2023-01-16T11:05:43","modified_gmt":"2023-01-16T05:05:43","slug":"iceman","status":"publish","type":"product","link":"https:\/\/r2-toys.com\/index.php\/product\/iceman\/","title":{"rendered":"Iceman"},"content":{"rendered":"<p>Se une a los X-Men para detener a Apocalipsis y evitar una catastr\u00f3fica matanza de la humanidad en un duro futuro dist\u00f3pico.<\/p>\n<p>Figura de 15cm e incluye 3 accesorios.<\/p>\n<p>Edad recomendada: 4 a\u00f1os en adelante<\/p>\n<p>\u26a0\ufe0fADVERTENCIA: PELIGRO DE ASFIXIA &#8211; Piezas peque\u00f1as. No apto para ni\u00f1os menores de 4 a\u00f1os.<\/p>\n<p>Los productos Marvel son producidos por Hasbro bajo licencia de Marvel y Disney.<\/p>\n<p>Marvel, Hasbro y Disney as\u00ed todos los t\u00e9rminos relacionados son marcas registradas.<\/p>\n","protected":false},"excerpt":{"rendered":"<p>Se une a los X-Men para detener a Apocalipsis y evitar una catastr\u00f3fica matanza de la humanidad en un duro futuro dist\u00f3pico.<\/p>\n","protected":false},"featured_media":5555,"comment_status":"open","ping_status":"closed","template":"","meta":[],"product_brand":[],"product_cat":[21],"product_tag":[],"class_list":{"0":"post-5589","1":"product","2":"type-product","3":"status-publish","4":"has-post-thumbnail","6":"product_cat-retro","8":"first","9":"instock","10":"taxable","11":"shipping-taxable","12":"purchasable","13":"product-type-simple"},"_links":{"self":[{"href":"https:\/\/r2-toys.com\/index.php\/wp-json\/wp\/v2\/product\/5589","targetHints":{"allow":["GET"]}}],"collection":[{"href":"https:\/\/r2-toys.com\/index.php\/wp-json\/wp\/v2\/product"}],"about":[{"href":"https:\/\/r2-toys.com\/index.php\/wp-json\/wp\/v2\/types\/product"}],"replies":[{"embeddable":true,"href":"https:\/\/r2-toys.com\/index.php\/wp-json\/wp\/v2\/comments?post=5589"}],"wp:featuredmedia":[{"embeddable":true,"href":"https:\/\/r2-toys.com\/index.php\/wp-json\/wp\/v2\/media\/5555"}],"wp:attachment":[{"href":"https:\/\/r2-toys.com\/index.php\/wp-json\/wp\/v2\/media?parent=5589"}],"wp:term":[{"taxonomy":"product_brand","embeddable":true,"href":"https:\/\/r2-toys.com\/index.php\/wp-json\/wp\/v2\/product_brand?post=5589"},{"taxonomy":"product_cat","embeddable":true,"href":"https:\/\/r2-toys.com\/index.php\/wp-json\/wp\/v2\/product_cat?post=5589"},{"taxonomy":"product_tag","embeddable":true,"href":"https:\/\/r2-toys.com\/index.php\/wp-json\/wp\/v2\/product_tag?post=5589"}],"curies":[{"name":"wp","href":"https:\/\/api.w.org\/{rel}","templated":true}]}}