{"id":5591,"date":"2023-01-16T11:08:34","date_gmt":"2023-01-16T05:08:34","guid":{"rendered":"https:\/\/r2-toys.com\/?post_type=product&#038;p=5591"},"modified":"2024-07-17T08:32:58","modified_gmt":"2024-07-17T02:32:58","slug":"sabretooth","status":"publish","type":"product","link":"https:\/\/r2-toys.com\/index.php\/product\/sabretooth\/","title":{"rendered":"Sabretooth"},"content":{"rendered":"<p>Despu\u00e9s de traicionar a Apocalipsis y escapar, Sabretooth se une a los X-Men para luchar por el bien en un duro futuro dist\u00f3pico.<\/p>\n<p>Figura de 15cm e incluye 3 accesorios.<\/p>\n<p>Edad recomendada: 4 a\u00f1os en adelante<\/p>\n<p>\u26a0\ufe0fADVERTENCIA: PELIGRO DE ASFIXIA &#8211; Piezas peque\u00f1as. No apto para ni\u00f1os menores de 4 a\u00f1os.<\/p>\n<p>Los productos Marvel son producidos por Hasbro bajo licencia de Marvel y Disney.<\/p>\n<p>Marvel, Hasbro y Disney as\u00ed todos los t\u00e9rminos relacionados son marcas registradas.<\/p>\n","protected":false},"excerpt":{"rendered":"<p>Despu\u00e9s de traicionar a Apocalipsis y escapar, Sabretooth se une a los X-Men para luchar por el bien en un duro futuro dist\u00f3pico.<\/p>\n","protected":false},"featured_media":5552,"comment_status":"open","ping_status":"closed","template":"","meta":[],"product_brand":[],"product_cat":[21],"product_tag":[],"class_list":{"0":"post-5591","1":"product","2":"type-product","3":"status-publish","4":"has-post-thumbnail","6":"product_cat-retro","8":"first","9":"outofstock","10":"taxable","11":"shipping-taxable","12":"purchasable","13":"product-type-simple"},"_links":{"self":[{"href":"https:\/\/r2-toys.com\/index.php\/wp-json\/wp\/v2\/product\/5591","targetHints":{"allow":["GET"]}}],"collection":[{"href":"https:\/\/r2-toys.com\/index.php\/wp-json\/wp\/v2\/product"}],"about":[{"href":"https:\/\/r2-toys.com\/index.php\/wp-json\/wp\/v2\/types\/product"}],"replies":[{"embeddable":true,"href":"https:\/\/r2-toys.com\/index.php\/wp-json\/wp\/v2\/comments?post=5591"}],"wp:featuredmedia":[{"embeddable":true,"href":"https:\/\/r2-toys.com\/index.php\/wp-json\/wp\/v2\/media\/5552"}],"wp:attachment":[{"href":"https:\/\/r2-toys.com\/index.php\/wp-json\/wp\/v2\/media?parent=5591"}],"wp:term":[{"taxonomy":"product_brand","embeddable":true,"href":"https:\/\/r2-toys.com\/index.php\/wp-json\/wp\/v2\/product_brand?post=5591"},{"taxonomy":"product_cat","embeddable":true,"href":"https:\/\/r2-toys.com\/index.php\/wp-json\/wp\/v2\/product_cat?post=5591"},{"taxonomy":"product_tag","embeddable":true,"href":"https:\/\/r2-toys.com\/index.php\/wp-json\/wp\/v2\/product_tag?post=5591"}],"curies":[{"name":"wp","href":"https:\/\/api.w.org\/{rel}","templated":true}]}}