{"id":562,"date":"2022-03-25T01:29:13","date_gmt":"2022-03-24T19:29:13","guid":{"rendered":"https:\/\/r2-toys.com\/?post_type=product&#038;p=562"},"modified":"2025-12-11T23:46:12","modified_gmt":"2025-12-11T17:46:12","slug":"han-solo-hoth","status":"publish","type":"product","link":"https:\/\/r2-toys.com\/index.php\/product\/han-solo-hoth\/","title":{"rendered":"HAN SOLO (HOTH)"},"content":{"rendered":"<p>Cuando el tauntaun de Han muere por exposici\u00f3n, usa el cuerpo de la bestia para evitar que Luke Skywalker, gravemente herido, muera congelado hasta que la pareja pueda ser rescatada.<\/p>\n<p>\u00a1Las figuras m\u00e1s \u00e9picas de Star Wars The Black Series est\u00e1n de vuelta con Black Series Archive Collection! Estas figuras de archivo tienen una decoraci\u00f3n fotorrealista y un dise\u00f1o premium, por lo que los fan\u00e1ticos y coleccionistas pueden expandir sus colecciones de Star Wars. (Cada uno se vende por separado, sujeto a disponibilidad.)<\/p>\n<p>La figura de la serie Black a escala de 6 pulgadas se detalla para parecerse a Han Solo de Star Wars: The Empire Strikes Back, con detalles premium y m\u00faltiples puntos de articulaci\u00f3n.<\/p>\n<p>Incluye: figura y 3 accesorios.<\/p>\n<p>Figuras \u00e9picas de Star Wars The Black Series regresan con las figuras de acci\u00f3n de escala de 6 pulgadas de Black Series Archive, con decoraci\u00f3n fotorrealista y dise\u00f1o premium.<\/p>\n<p>Esta figura de acci\u00f3n de Star Wars The Black Series viene con 3 accesorios inspirados en Han Solo (Hoth) que son excelentes adiciones a cualquier colecci\u00f3n de Star Wars.<\/p>\n<div>\n<p>Edad recomendada: 4 a\u00f1os en adelante<\/p>\n<\/div>\n<div>\n<p>\u26a0\ufe0f ADVERTENCIA: PELIGRO DE ASFIXIA &#8211; Piezas peque\u00f1as. No apto para ni\u00f1os menores de 4 a\u00f1os.<\/p>\n<\/div>\n<div>\n<p>Los juguetes de Hasbro de la L\u00ednea Star Wars Black Series son productos originales que traer\u00e1n horas de diversi\u00f3n a chicos y grandes, adem\u00e1s cuentan con licencias oficiales<\/p>\n<\/div>\n<div>\n<p>Los productos de Star Wars son producidos por Hasbro bajo licencia de Lucasfilm Ltd.<\/p>\n<\/div>\n","protected":false},"excerpt":{"rendered":"<p>Cuando el tauntaun de Han muere por exposici\u00f3n, usa el cuerpo de la bestia para evitar que Luke Skywalker, gravemente herido, muera congelado hasta que la pareja pueda ser rescatada.<\/p>\n","protected":false},"featured_media":2675,"comment_status":"open","ping_status":"closed","template":"","meta":[],"product_brand":[],"product_cat":[31,28],"product_tag":[],"class_list":{"0":"post-562","1":"product","2":"type-product","3":"status-publish","4":"has-post-thumbnail","6":"product_cat-archive","7":"product_cat-black-series","9":"first","10":"instock","11":"taxable","12":"shipping-taxable","13":"purchasable","14":"product-type-simple"},"_links":{"self":[{"href":"https:\/\/r2-toys.com\/index.php\/wp-json\/wp\/v2\/product\/562","targetHints":{"allow":["GET"]}}],"collection":[{"href":"https:\/\/r2-toys.com\/index.php\/wp-json\/wp\/v2\/product"}],"about":[{"href":"https:\/\/r2-toys.com\/index.php\/wp-json\/wp\/v2\/types\/product"}],"replies":[{"embeddable":true,"href":"https:\/\/r2-toys.com\/index.php\/wp-json\/wp\/v2\/comments?post=562"}],"wp:featuredmedia":[{"embeddable":true,"href":"https:\/\/r2-toys.com\/index.php\/wp-json\/wp\/v2\/media\/2675"}],"wp:attachment":[{"href":"https:\/\/r2-toys.com\/index.php\/wp-json\/wp\/v2\/media?parent=562"}],"wp:term":[{"taxonomy":"product_brand","embeddable":true,"href":"https:\/\/r2-toys.com\/index.php\/wp-json\/wp\/v2\/product_brand?post=562"},{"taxonomy":"product_cat","embeddable":true,"href":"https:\/\/r2-toys.com\/index.php\/wp-json\/wp\/v2\/product_cat?post=562"},{"taxonomy":"product_tag","embeddable":true,"href":"https:\/\/r2-toys.com\/index.php\/wp-json\/wp\/v2\/product_tag?post=562"}],"curies":[{"name":"wp","href":"https:\/\/api.w.org\/{rel}","templated":true}]}}