{"id":5638,"date":"2023-01-29T08:12:52","date_gmt":"2023-01-29T02:12:52","guid":{"rendered":"https:\/\/r2-toys.com\/?post_type=product&#038;p=5638"},"modified":"2023-01-29T08:12:52","modified_gmt":"2023-01-29T02:12:52","slug":"anakin-skywalker-271","status":"publish","type":"product","link":"https:\/\/r2-toys.com\/index.php\/product\/anakin-skywalker-271\/","title":{"rendered":"Anakin Skywalker (271)"},"content":{"rendered":"<p>&nbsp;<\/p>\n<p>Ten\u00eda el potencial de convertirse en uno de los Jedi m\u00e1s poderosos de la historia, y algunos cre\u00edan que era el Elegido profetizado que traer\u00eda el equilibrio a la Fuerza. Fue un Caballero Jedi de la Rep\u00fablica Gal\u00e1ctica y el Elegido de la Fuerza. Durante las Guerras Clon, sus logros como comandante en el campo de batalla le valieron el apodo del H\u00e9roe Sin Miedo.<\/p>\n<p>Desde 1977 la saga de Star Wars ha sido un movimiento revolucionario de la cultura pop generaci\u00f3n tras generaci\u00f3n, reclutando fans y seguidores, creando para ellos diversas producciones del amplio universo. Gracias a FunkoPop podemos tener incre\u00edbles figuras de tus personajes favoritos con incre\u00edbles dise\u00f1os.<\/p>\n<p>Altura aproximada de 11 cm<\/p>\n<p>Empaque con ventana para su exhibici\u00f3n<\/p>\n<p>Fabricados en Vinyl<\/p>\n<p>Edad recomendada: 4 a\u00f1os en adelante<\/p>\n<p>\u26a0\ufe0fADVERTENCIA: PELIGRO DE ASFIXIA &#8211; Piezas peque\u00f1as. No apto para ni\u00f1os menores de 4 a\u00f1os.<\/p>\n<p>Los productos Star Wars son producidos por FUNKO bajo licencia de Lucasfilm Ltd. y Disney<\/p>\n<p>FUNKO y todos los t\u00e9rminos relacionados son marcas registradas de Funko.<\/p>\n","protected":false},"excerpt":{"rendered":"<p>Ten\u00eda el potencial de convertirse en uno de los Jedi m\u00e1s poderosos de la historia, y algunos cre\u00edan que era el Elegido profetizado que traer\u00eda el equilibrio a la Fuerza. Fue un Caballero Jedi de la Rep\u00fablica Gal\u00e1ctica y el Elegido de la Fuerza. Durante las Guerras Clon, sus logros como comandante en el campo de batalla le valieron el apodo del H\u00e9roe Sin Miedo.<\/p>\n<p>&nbsp;<\/p>\n","protected":false},"featured_media":5624,"comment_status":"open","ping_status":"closed","template":"","meta":[],"product_brand":[],"product_cat":[20],"product_tag":[],"class_list":{"0":"post-5638","1":"product","2":"type-product","3":"status-publish","4":"has-post-thumbnail","6":"product_cat-funko1","8":"first","9":"instock","10":"taxable","11":"shipping-taxable","12":"purchasable","13":"product-type-simple"},"_links":{"self":[{"href":"https:\/\/r2-toys.com\/index.php\/wp-json\/wp\/v2\/product\/5638","targetHints":{"allow":["GET"]}}],"collection":[{"href":"https:\/\/r2-toys.com\/index.php\/wp-json\/wp\/v2\/product"}],"about":[{"href":"https:\/\/r2-toys.com\/index.php\/wp-json\/wp\/v2\/types\/product"}],"replies":[{"embeddable":true,"href":"https:\/\/r2-toys.com\/index.php\/wp-json\/wp\/v2\/comments?post=5638"}],"wp:featuredmedia":[{"embeddable":true,"href":"https:\/\/r2-toys.com\/index.php\/wp-json\/wp\/v2\/media\/5624"}],"wp:attachment":[{"href":"https:\/\/r2-toys.com\/index.php\/wp-json\/wp\/v2\/media?parent=5638"}],"wp:term":[{"taxonomy":"product_brand","embeddable":true,"href":"https:\/\/r2-toys.com\/index.php\/wp-json\/wp\/v2\/product_brand?post=5638"},{"taxonomy":"product_cat","embeddable":true,"href":"https:\/\/r2-toys.com\/index.php\/wp-json\/wp\/v2\/product_cat?post=5638"},{"taxonomy":"product_tag","embeddable":true,"href":"https:\/\/r2-toys.com\/index.php\/wp-json\/wp\/v2\/product_tag?post=5638"}],"curies":[{"name":"wp","href":"https:\/\/api.w.org\/{rel}","templated":true}]}}