{"id":5640,"date":"2023-01-29T08:26:42","date_gmt":"2023-01-29T02:26:42","guid":{"rendered":"https:\/\/r2-toys.com\/?post_type=product&#038;p=5640"},"modified":"2023-01-29T08:26:42","modified_gmt":"2023-01-29T02:26:42","slug":"tamagotchi-grogu-blue","status":"publish","type":"product","link":"https:\/\/r2-toys.com\/index.php\/product\/tamagotchi-grogu-blue\/","title":{"rendered":"Tamagotchi Grogu\u00a0 Blue"},"content":{"rendered":"<p>Grogu, conocido como \u201cThe child\u201d fue\u00a0un\u00a0exp\u00f3sito\u00a0mandaloriano\u00a0sensible a la Fuerza\u00a0que pertenec\u00eda a la misma\u00a0especie\u00a0del\u00a0Gran Maestro\u00a0Jedi\u00a0Yoda, mientras era todav\u00eda un infante a la edad de cincuenta\u00a0a\u00f1os, \u00e9l fue\u00a0buscado, a petici\u00f3n del\u00a0Moff\u00a0Gideon y por un\u00a0Imperial\u00a0que contrat\u00f3 a un\u00a0cazarrecompensas\u00a0mandaloriano llamado\u00a0Din Djarin\u00a0para\u00a0recuperarlo.<\/p>\n<ul>\n<li>Cuida de Grogu para cambiar a una de las 12 apariencias diferentes<\/li>\n<li>Tres mini juegos, incluyendo un juego que cambia dependiendo de tu patr\u00f3n de juego con 10 opciones posibles<\/li>\n<li>Alimenta Grogu para nutrirlo.<span class=\"Apple-converted-space\">\u00a0<\/span><\/li>\n<li>Los invitados especiales vienen y visitan cada hora<\/li>\n<li>Bater\u00eda incluida (2 pilas LR44).<\/li>\n<\/ul>\n<p>Incluye una cadena para llevar contigo a todas partes. Utiliza Pilas (2 x LR44) incluidas.<\/p>\n<p>Edad recomendada: 8 a\u00f1os en adelante<\/p>\n<p>\u26a0\ufe0f\u008fADVERTENCIA: PELIGRO DE ASFIXIA &#8211; Piezas peque\u00f1as. No apto para ni\u00f1os menores de 8 a\u00f1os.<\/p>\n<p>Los productos Star Wars son producidos por Bandai bajo licencia de Lucasfilm Ltd. y Disney.<\/p>\n<p>Bandai y todos los t\u00e9rminos relacionados son marcas registradas de Bandai.<\/p>\n","protected":false},"excerpt":{"rendered":"<p>Grogu, conocido como \u201cThe child\u201d fue\u00a0un\u00a0exp\u00f3sito\u00a0mandaloriano\u00a0sensible a la Fuerza\u00a0que pertenec\u00eda a la misma\u00a0especie\u00a0del\u00a0Gran Maestro\u00a0Jedi\u00a0Yoda, mientras era todav\u00eda un infante a la edad de cincuenta\u00a0a\u00f1os, \u00e9l fue\u00a0buscado, a petici\u00f3n del\u00a0Moff\u00a0Gideon y por un\u00a0Imperial\u00a0que contrat\u00f3 a un\u00a0cazarrecompensas\u00a0mandaloriano llamado\u00a0Din Djarin\u00a0para\u00a0recuperarlo.<\/p>\n","protected":false},"featured_media":5622,"comment_status":"open","ping_status":"closed","template":"","meta":[],"product_brand":[],"product_cat":[33],"product_tag":[],"class_list":{"0":"post-5640","1":"product","2":"type-product","3":"status-publish","4":"has-post-thumbnail","6":"product_cat-otros","8":"first","9":"instock","10":"taxable","11":"shipping-taxable","12":"purchasable","13":"product-type-simple"},"_links":{"self":[{"href":"https:\/\/r2-toys.com\/index.php\/wp-json\/wp\/v2\/product\/5640","targetHints":{"allow":["GET"]}}],"collection":[{"href":"https:\/\/r2-toys.com\/index.php\/wp-json\/wp\/v2\/product"}],"about":[{"href":"https:\/\/r2-toys.com\/index.php\/wp-json\/wp\/v2\/types\/product"}],"replies":[{"embeddable":true,"href":"https:\/\/r2-toys.com\/index.php\/wp-json\/wp\/v2\/comments?post=5640"}],"wp:featuredmedia":[{"embeddable":true,"href":"https:\/\/r2-toys.com\/index.php\/wp-json\/wp\/v2\/media\/5622"}],"wp:attachment":[{"href":"https:\/\/r2-toys.com\/index.php\/wp-json\/wp\/v2\/media?parent=5640"}],"wp:term":[{"taxonomy":"product_brand","embeddable":true,"href":"https:\/\/r2-toys.com\/index.php\/wp-json\/wp\/v2\/product_brand?post=5640"},{"taxonomy":"product_cat","embeddable":true,"href":"https:\/\/r2-toys.com\/index.php\/wp-json\/wp\/v2\/product_cat?post=5640"},{"taxonomy":"product_tag","embeddable":true,"href":"https:\/\/r2-toys.com\/index.php\/wp-json\/wp\/v2\/product_tag?post=5640"}],"curies":[{"name":"wp","href":"https:\/\/api.w.org\/{rel}","templated":true}]}}