{"id":5701,"date":"2023-02-14T07:27:30","date_gmt":"2023-02-14T01:27:30","guid":{"rendered":"https:\/\/r2-toys.com\/?post_type=product&#038;p=5701"},"modified":"2023-02-14T07:27:30","modified_gmt":"2023-02-14T01:27:30","slug":"2-1b-medic-droid","status":"publish","type":"product","link":"https:\/\/r2-toys.com\/index.php\/product\/2-1b-medic-droid\/","title":{"rendered":"2-1B Medic Droid"},"content":{"rendered":"<p>La serie 2-1B era humanoide, con muchos de sus componentes internos visibles a trav\u00e9s de una vaina transl\u00facida en el torso. Los brazos de un modelo 2-1B presentaban una articulaci\u00f3n excepcional con pinzas servogrip dise\u00f1adas con precisi\u00f3n . A veces, en ciertas operaciones, estas pinzas se pueden quitar y reemplazar con m\u00faltiples accesorios de brazo que contienen varias herramientas m\u00e9dicas y paquetes de software, incluidos inyectores hipod\u00e9rmicos y sierras de corte.<\/p>\n<p>Esta figura de 9,5 cm cuenta con un excelente<span class=\"Apple-converted-space\">\u00a0 <\/span>dise\u00f1o, en empaques inspirados en la l\u00ednea original e incluye 1 accesorio.<\/p>\n<p>Edad recomendada: 4 a\u00f1os en adelante<\/p>\n<p>\u26a0\ufe0fADVERTENCIA: PELIGRO DE ASFIXIA &#8211; Piezas peque\u00f1as. No apto para ni\u00f1os menores de 4 a\u00f1os.<\/p>\n<p>Los productos Star Wars son producidos por Hasbro bajo licencia de Lucasfilm Ltd.<\/p>\n<p>Hasbro, Kenner y todos los t\u00e9rminos relacionados son marcas registradas de Hasbro y Kenner.<\/p>\n","protected":false},"excerpt":{"rendered":"<p>La serie 2-1B era humanoide, con muchos de sus componentes internos visibles a trav\u00e9s de una vaina transl\u00facida en el torso. Los brazos de un modelo 2-1B presentaban una articulaci\u00f3n excepcional con pinzas servogrip dise\u00f1adas con precisi\u00f3n . A veces, en ciertas operaciones, estas pinzas se pueden quitar y reemplazar con m\u00faltiples accesorios de brazo que contienen varias herramientas m\u00e9dicas y paquetes de software, incluidos inyectores hipod\u00e9rmicos y sierras de corte.<\/p>\n","protected":false},"featured_media":5680,"comment_status":"open","ping_status":"closed","template":"","meta":[],"product_brand":[],"product_cat":[29],"product_tag":[],"class_list":{"0":"post-5701","1":"product","2":"type-product","3":"status-publish","4":"has-post-thumbnail","6":"product_cat-vintage","8":"first","9":"instock","10":"taxable","11":"shipping-taxable","12":"purchasable","13":"product-type-simple"},"_links":{"self":[{"href":"https:\/\/r2-toys.com\/index.php\/wp-json\/wp\/v2\/product\/5701","targetHints":{"allow":["GET"]}}],"collection":[{"href":"https:\/\/r2-toys.com\/index.php\/wp-json\/wp\/v2\/product"}],"about":[{"href":"https:\/\/r2-toys.com\/index.php\/wp-json\/wp\/v2\/types\/product"}],"replies":[{"embeddable":true,"href":"https:\/\/r2-toys.com\/index.php\/wp-json\/wp\/v2\/comments?post=5701"}],"wp:featuredmedia":[{"embeddable":true,"href":"https:\/\/r2-toys.com\/index.php\/wp-json\/wp\/v2\/media\/5680"}],"wp:attachment":[{"href":"https:\/\/r2-toys.com\/index.php\/wp-json\/wp\/v2\/media?parent=5701"}],"wp:term":[{"taxonomy":"product_brand","embeddable":true,"href":"https:\/\/r2-toys.com\/index.php\/wp-json\/wp\/v2\/product_brand?post=5701"},{"taxonomy":"product_cat","embeddable":true,"href":"https:\/\/r2-toys.com\/index.php\/wp-json\/wp\/v2\/product_cat?post=5701"},{"taxonomy":"product_tag","embeddable":true,"href":"https:\/\/r2-toys.com\/index.php\/wp-json\/wp\/v2\/product_tag?post=5701"}],"curies":[{"name":"wp","href":"https:\/\/api.w.org\/{rel}","templated":true}]}}