{"id":573,"date":"2022-03-25T01:40:05","date_gmt":"2022-03-24T19:40:05","guid":{"rendered":"https:\/\/r2-toys.com\/?post_type=product&#038;p=573"},"modified":"2025-12-11T23:41:36","modified_gmt":"2025-12-11T17:41:36","slug":"tusken-raiders","status":"publish","type":"product","link":"https:\/\/r2-toys.com\/index.php\/product\/tusken-raiders\/","title":{"rendered":"TUSKEN RAIDER"},"content":{"rendered":"<p>TUSKEN RAIDERS: temibles salvajes del desierto, Tusken Raiders son la principal raz\u00f3n por la que los colonos de Tatooine no se alejan de sus comunidades aisladas.<\/p>\n<p>La saga Star Wars captur\u00f3 los corazones de millones con personajes ic\u00f3nicos, veh\u00edculos impresionantes y una galaxia de historias que ha pasado la prueba una y otra vez. \u00a1Conmemora los primeros 50 a\u00f1os de Lucasfilm con figuras de la colecci\u00f3n Black Series Archive, inspiradas en la trilog\u00eda original de Star Wars! (Cada uno se vende por separado, sujeto a disponibilidad.)<\/p>\n<p>Recuerda momentos intensos de Star Wars Galaxy con esta figura Tusken Raider de escala de 6 pulgadas del 50 aniversario de Star Wars The Black Series Archive Lucasfilm con 4 accesorios, con decoraci\u00f3n premium en m\u00faltiples puntos de articulaci\u00f3n.<\/p>\n<p>Esta figura de acci\u00f3n de Star Wars The Black Series viene con 4 accesorios inspirados en el entretenimiento que son excelentes adiciones a cualquier colecci\u00f3n de Star Wars.<\/p>\n<p>Incluye: figura y 4 accesorios.<\/p>\n<div>\n<p>Edad recomendada: 4 a\u00f1os en adelante<\/p>\n<\/div>\n<div>\n<p>\u26a0\ufe0f ADVERTENCIA: PELIGRO DE ASFIXIA &#8211; Piezas peque\u00f1as. No apto para ni\u00f1os menores de 4 a\u00f1os.<\/p>\n<\/div>\n<div>\n<p>Los juguetes de Hasbro de la L\u00ednea Star Wars Black Series son productos originales que traer\u00e1n horas de diversi\u00f3n a chicos y grandes, adem\u00e1s cuentan con licencias oficiales<\/p>\n<\/div>\n<div>\n<p>Los productos de Star Wars son producidos por Hasbro bajo licencia de Lucasfilm Ltd.<\/p>\n<\/div>\n","protected":false},"excerpt":{"rendered":"<p>TUSKEN RAIDERS: temibles salvajes del desierto, Tusken Raiders son la principal raz\u00f3n por la que los colonos de Tatooine no se alejan de sus comunidades aisladas.<\/p>\n","protected":false},"featured_media":2679,"comment_status":"open","ping_status":"closed","template":"","meta":[],"product_brand":[],"product_cat":[31,28],"product_tag":[],"class_list":{"0":"post-573","1":"product","2":"type-product","3":"status-publish","4":"has-post-thumbnail","6":"product_cat-archive","7":"product_cat-black-series","9":"first","10":"instock","11":"taxable","12":"shipping-taxable","13":"purchasable","14":"product-type-simple"},"_links":{"self":[{"href":"https:\/\/r2-toys.com\/index.php\/wp-json\/wp\/v2\/product\/573","targetHints":{"allow":["GET"]}}],"collection":[{"href":"https:\/\/r2-toys.com\/index.php\/wp-json\/wp\/v2\/product"}],"about":[{"href":"https:\/\/r2-toys.com\/index.php\/wp-json\/wp\/v2\/types\/product"}],"replies":[{"embeddable":true,"href":"https:\/\/r2-toys.com\/index.php\/wp-json\/wp\/v2\/comments?post=573"}],"wp:featuredmedia":[{"embeddable":true,"href":"https:\/\/r2-toys.com\/index.php\/wp-json\/wp\/v2\/media\/2679"}],"wp:attachment":[{"href":"https:\/\/r2-toys.com\/index.php\/wp-json\/wp\/v2\/media?parent=573"}],"wp:term":[{"taxonomy":"product_brand","embeddable":true,"href":"https:\/\/r2-toys.com\/index.php\/wp-json\/wp\/v2\/product_brand?post=573"},{"taxonomy":"product_cat","embeddable":true,"href":"https:\/\/r2-toys.com\/index.php\/wp-json\/wp\/v2\/product_cat?post=573"},{"taxonomy":"product_tag","embeddable":true,"href":"https:\/\/r2-toys.com\/index.php\/wp-json\/wp\/v2\/product_tag?post=573"}],"curies":[{"name":"wp","href":"https:\/\/api.w.org\/{rel}","templated":true}]}}