{"id":578,"date":"2022-03-29T00:36:32","date_gmt":"2022-03-28T18:36:32","guid":{"rendered":"https:\/\/r2-toys.com\/?post_type=product&#038;p=578"},"modified":"2025-12-11T02:24:03","modified_gmt":"2025-12-10T20:24:03","slug":"admiral-ackbar-2","status":"publish","type":"product","link":"https:\/\/r2-toys.com\/index.php\/product\/admiral-ackbar-2\/","title":{"rendered":"ADMIRAL ACKBAR"},"content":{"rendered":"<p>El almirante Ackbar supervis\u00f3 el ataque rebelde a la segunda Estrella de la Muerte, coordinando las operaciones de cazas estelares dirigidas por Lando Calrissian y Wedge Antilles.<\/p>\n<p>Con detalles y dise\u00f1o premium en m\u00faltiples puntos de articulaci\u00f3n inspirados en Star Wars: El retorno del Jedi, esta figura coleccionable de escala de 3,75 pulgadas de Star Wars The Vintage Collection es un gran regalo para los fan\u00e1ticos y coleccionistas de Star Wars.<\/p>\n<p>Incluye: figura y 2 accesorios.<\/p>\n<p>Un comandante veterano, el almirante Ackbar dirigi\u00f3 la defensa de su mundo natal, Mon Cala, durante las Guerras Clon y luego plane\u00f3 el ataque rebelde a la segunda Estrella de la Muerte en la Batalla de Endor.<\/p>\n<p>Esta figura de acci\u00f3n del almirante Ackbar est\u00e1 inspirada en el personaje de Star Wars: Return of the Jedi y es un gran regalo para los coleccionistas y fan\u00e1ticos de Star Wars de 4 a\u00f1os en adelante.<\/p>\n<p>\u26a0\ufe0f ADVERTENCIA: PELIGRO DE ASFIXIA &#8211; Piezas peque\u00f1as. No apto para ni\u00f1os menores de 4 a\u00f1os.<\/p>\n<p>Los productos Star Wars son producidos por Hasbro bajo licencia de Lucasfilm Ltd.<\/p>\n<p>Hasbro y todos los t\u00e9rminos relacionados son marcas de comercio de Hasbro.<\/p>\n<p>&nbsp;<\/p>\n","protected":false},"excerpt":{"rendered":"<p>Un comandante veterano, el almirante Ackbar dirigi\u00f3 la defensa de su mundo natal, Mon Cala, durante las Guerras Clon y luego plane\u00f3 el ataque rebelde a la segunda Estrella de la Muerte en la Batalla de Endor.<\/p>\n<p>El almirante Ackbar supervis\u00f3 el ataque rebelde a la segunda Estrella de la Muerte, coordinando las operaciones de cazas estelares dirigidas por Lando Calrissian y Wedge Antilles.<\/p>\n","protected":false},"featured_media":2884,"comment_status":"open","ping_status":"closed","template":"","meta":[],"product_brand":[],"product_cat":[29],"product_tag":[],"class_list":{"0":"post-578","1":"product","2":"type-product","3":"status-publish","4":"has-post-thumbnail","6":"product_cat-vintage","8":"first","9":"outofstock","10":"taxable","11":"shipping-taxable","12":"purchasable","13":"product-type-simple"},"_links":{"self":[{"href":"https:\/\/r2-toys.com\/index.php\/wp-json\/wp\/v2\/product\/578","targetHints":{"allow":["GET"]}}],"collection":[{"href":"https:\/\/r2-toys.com\/index.php\/wp-json\/wp\/v2\/product"}],"about":[{"href":"https:\/\/r2-toys.com\/index.php\/wp-json\/wp\/v2\/types\/product"}],"replies":[{"embeddable":true,"href":"https:\/\/r2-toys.com\/index.php\/wp-json\/wp\/v2\/comments?post=578"}],"wp:featuredmedia":[{"embeddable":true,"href":"https:\/\/r2-toys.com\/index.php\/wp-json\/wp\/v2\/media\/2884"}],"wp:attachment":[{"href":"https:\/\/r2-toys.com\/index.php\/wp-json\/wp\/v2\/media?parent=578"}],"wp:term":[{"taxonomy":"product_brand","embeddable":true,"href":"https:\/\/r2-toys.com\/index.php\/wp-json\/wp\/v2\/product_brand?post=578"},{"taxonomy":"product_cat","embeddable":true,"href":"https:\/\/r2-toys.com\/index.php\/wp-json\/wp\/v2\/product_cat?post=578"},{"taxonomy":"product_tag","embeddable":true,"href":"https:\/\/r2-toys.com\/index.php\/wp-json\/wp\/v2\/product_tag?post=578"}],"curies":[{"name":"wp","href":"https:\/\/api.w.org\/{rel}","templated":true}]}}