{"id":5797,"date":"2023-02-21T09:46:52","date_gmt":"2023-02-21T03:46:52","guid":{"rendered":"https:\/\/r2-toys.com\/?post_type=product&#038;p=5797"},"modified":"2023-06-14T09:12:36","modified_gmt":"2023-06-14T03:12:36","slug":"caja-organizadora-grogu","status":"publish","type":"product","link":"https:\/\/r2-toys.com\/index.php\/product\/caja-organizadora-grogu\/","title":{"rendered":"Caja Organizadora: GROGU"},"content":{"rendered":"<p>Caja organizadora\u00a0con tus personajes favoritos. Directamente de la\u00a0serie, llega Baby Yoda, en un fondo color gris que hace resaltar su peque\u00f1a c\u00e1psula espacial con su enternecedora apariencia\u00a0y dise\u00f1o que fascinar\u00e1 a todos, esta caja est\u00e1 hecha con materiales de la m\u00e1s alta calidad y est\u00e1 lista para mantener organizada tu habitaci\u00f3n o bien, tu lugar de trabajo.<\/p>\n<p>Edad recomendada: 12 a\u00f1os en adelante<\/p>\n<p>\u26a0\ufe0fADVERTENCIA: PELIGRO DE ASFIXIA \u2013 Piezas peque\u00f1as. No apto para ni\u00f1os menores de 12 a\u00f1os.<\/p>\n<p>Los productos Star Wars son producidos bajo licencia de Lucasfilm Ltd. y Disney.<\/p>\n<p>ZAK, FunKids y todos los t\u00e9rminos relacionados con este producto son marcas registradas de ZAK, FunKids.<\/p>\n","protected":false},"excerpt":{"rendered":"<p>Caja organizadora\u00a0con tus personajes favoritos. Directamente de la\u00a0serie, llega Baby Yoda, en un fondo color gris que hace resaltar su peque\u00f1a c\u00e1psula espacial con su enternecedora apariencia\u00a0y dise\u00f1o que fascinar\u00e1 a todos, esta caja est\u00e1 hecha con materiales de la m\u00e1s alta calidad y est\u00e1 lista para mantener organizada tu habitaci\u00f3n o bien, tu lugar de trabajo.<\/p>\n","protected":false},"featured_media":5784,"comment_status":"open","ping_status":"closed","template":"","meta":[],"product_brand":[],"product_cat":[34],"product_tag":[],"class_list":{"0":"post-5797","1":"product","2":"type-product","3":"status-publish","4":"has-post-thumbnail","6":"product_cat-accesorios","8":"first","9":"instock","10":"taxable","11":"shipping-taxable","12":"purchasable","13":"product-type-simple"},"_links":{"self":[{"href":"https:\/\/r2-toys.com\/index.php\/wp-json\/wp\/v2\/product\/5797","targetHints":{"allow":["GET"]}}],"collection":[{"href":"https:\/\/r2-toys.com\/index.php\/wp-json\/wp\/v2\/product"}],"about":[{"href":"https:\/\/r2-toys.com\/index.php\/wp-json\/wp\/v2\/types\/product"}],"replies":[{"embeddable":true,"href":"https:\/\/r2-toys.com\/index.php\/wp-json\/wp\/v2\/comments?post=5797"}],"wp:featuredmedia":[{"embeddable":true,"href":"https:\/\/r2-toys.com\/index.php\/wp-json\/wp\/v2\/media\/5784"}],"wp:attachment":[{"href":"https:\/\/r2-toys.com\/index.php\/wp-json\/wp\/v2\/media?parent=5797"}],"wp:term":[{"taxonomy":"product_brand","embeddable":true,"href":"https:\/\/r2-toys.com\/index.php\/wp-json\/wp\/v2\/product_brand?post=5797"},{"taxonomy":"product_cat","embeddable":true,"href":"https:\/\/r2-toys.com\/index.php\/wp-json\/wp\/v2\/product_cat?post=5797"},{"taxonomy":"product_tag","embeddable":true,"href":"https:\/\/r2-toys.com\/index.php\/wp-json\/wp\/v2\/product_tag?post=5797"}],"curies":[{"name":"wp","href":"https:\/\/api.w.org\/{rel}","templated":true}]}}