{"id":5799,"date":"2023-02-21T09:53:26","date_gmt":"2023-02-21T03:53:26","guid":{"rendered":"https:\/\/r2-toys.com\/?post_type=product&#038;p=5799"},"modified":"2026-02-22T11:47:21","modified_gmt":"2026-02-22T05:47:21","slug":"hielera-de-tela-grogu","status":"publish","type":"product","link":"https:\/\/r2-toys.com\/index.php\/product\/hielera-de-tela-grogu\/","title":{"rendered":"Hielera De Tela : Grogu"},"content":{"rendered":"<p>Hielera De Tela, inspirada en tus\u00a0personajes\u00a0favoritos.\u00a0Su dise\u00f1o est\u00e1\u00a0inspirado en\u00a0el personaje m\u00e1s tierno de esta gran saga, Grogu, en color verde y negro. Lo que resguardes se mantendr\u00e1 fresco. Sorprender\u00e1s con esta incre\u00edble Hielera, dando un toque de diversi\u00f3n a tus reuniones.<span class=\"Apple-converted-space\">\u00a0<\/span><\/p>\n<p>Medidas:\u00a024.5 x 17 x 17.5 cm.<\/p>\n<p>Fabricado de tela.<\/p>\n<p>Edad recomendada: 12 a\u00f1os en adelante<\/p>\n<p>\u26a0\ufe0fADVERTENCIA: PELIGRO DE ASFIXIA \u2013 Piezas peque\u00f1as. No apto para ni\u00f1os menores de 12 a\u00f1os.<\/p>\n<p>Los productos Star Wars son producidos bajo licencia de Lucasfilm Ltd. y Disney.<\/p>\n<p>ZAK, FunKids y todos los t\u00e9rminos relacionados con este producto son marcas registradas de ZAK, FunKids.<\/p>\n","protected":false},"excerpt":{"rendered":"<p>Hielera De Tela, inspirada en tus\u00a0personajes\u00a0favoritos.\u00a0Su dise\u00f1o est\u00e1\u00a0inspirado en\u00a0el personaje m\u00e1s tierno de esta gran saga, Grogu, en color verde y negro. Lo que resguardes se mantendr\u00e1 fresco. Sorprender\u00e1s con esta incre\u00edble Hielera, dando un toque de diversi\u00f3n a tus reuniones.<\/p>\n","protected":false},"featured_media":5777,"comment_status":"open","ping_status":"closed","template":"","meta":[],"product_brand":[],"product_cat":[34],"product_tag":[],"class_list":{"0":"post-5799","1":"product","2":"type-product","3":"status-publish","4":"has-post-thumbnail","6":"product_cat-accesorios","8":"first","9":"instock","10":"taxable","11":"shipping-taxable","12":"purchasable","13":"product-type-simple"},"_links":{"self":[{"href":"https:\/\/r2-toys.com\/index.php\/wp-json\/wp\/v2\/product\/5799","targetHints":{"allow":["GET"]}}],"collection":[{"href":"https:\/\/r2-toys.com\/index.php\/wp-json\/wp\/v2\/product"}],"about":[{"href":"https:\/\/r2-toys.com\/index.php\/wp-json\/wp\/v2\/types\/product"}],"replies":[{"embeddable":true,"href":"https:\/\/r2-toys.com\/index.php\/wp-json\/wp\/v2\/comments?post=5799"}],"wp:featuredmedia":[{"embeddable":true,"href":"https:\/\/r2-toys.com\/index.php\/wp-json\/wp\/v2\/media\/5777"}],"wp:attachment":[{"href":"https:\/\/r2-toys.com\/index.php\/wp-json\/wp\/v2\/media?parent=5799"}],"wp:term":[{"taxonomy":"product_brand","embeddable":true,"href":"https:\/\/r2-toys.com\/index.php\/wp-json\/wp\/v2\/product_brand?post=5799"},{"taxonomy":"product_cat","embeddable":true,"href":"https:\/\/r2-toys.com\/index.php\/wp-json\/wp\/v2\/product_cat?post=5799"},{"taxonomy":"product_tag","embeddable":true,"href":"https:\/\/r2-toys.com\/index.php\/wp-json\/wp\/v2\/product_tag?post=5799"}],"curies":[{"name":"wp","href":"https:\/\/api.w.org\/{rel}","templated":true}]}}