{"id":580,"date":"2022-03-29T00:38:35","date_gmt":"2022-03-28T18:38:35","guid":{"rendered":"https:\/\/r2-toys.com\/?post_type=product&#038;p=580"},"modified":"2025-12-11T02:18:11","modified_gmt":"2025-12-10T20:18:11","slug":"anakin-skywalker-peasant-disguise","status":"publish","type":"product","link":"https:\/\/r2-toys.com\/index.php\/product\/anakin-skywalker-peasant-disguise\/","title":{"rendered":"ANAKIN SKYWALKER (PEASANT DISGUISE)"},"content":{"rendered":"<p>A Anakin se le asigna llevar al senador Padme Amidala de regreso a Naboo despu\u00e9s de que ella escapa de otro intento de asesinato, visti\u00e9ndose con ropa de campesina para ocultar su identidad Jedi.<\/p>\n<p>Con detalles y dise\u00f1o de primera calidad inspirados en Star Wars: El ataque de los clones, esta figura coleccionable de Anakin Skywalker (disfraz de campesino) de Star Wars The Vintage Collection de 3,75 pulgadas es un gran regalo para los fan\u00e1ticos y coleccionistas de Star Wars.<\/p>\n<p>Incluye: figura y 3 accesorios.<\/p>\n<p>Este juguete de Anakin Skywalker (disfraz de campesino) est\u00e1 inspirado en el personaje de Star Wars: Attack of the Clones y es un gran regalo para los coleccionistas y fan\u00e1ticos de Star Wars de 4 a\u00f1os en adelante.<\/p>\n<p>Altamente posable con detalles realistas, la figura de acci\u00f3n de Star Wars Anakin Skywalker (disfraz de campesino) se puede mostrar en colecciones de figuras de acci\u00f3n y veh\u00edculos.<\/p>\n<div>\n<p>Edad recomendada: 4 a\u00f1os en adelante<\/p>\n<\/div>\n<div>\n<p>\u26a0\ufe0f ADVERTENCIA: PELIGRO DE ASFIXIA &#8211; Piezas peque\u00f1as. No apto para ni\u00f1os menores de 4 a\u00f1os.<\/p>\n<\/div>\n<div>\n<p>Los productos Star Wars son producidos por Hasbro bajo licencia de Lucasfilm Ltd.<\/p>\n<\/div>\n<div>\n<p>Hasbro y todos los t\u00e9rminos relacionados son marcas de comercio de Hasbro.<\/p>\n<\/div>\n","protected":false},"excerpt":{"rendered":"<p>A Anakin se le asigna llevar al senador Padme Amidala de regreso a Naboo despu\u00e9s de que ella escapa de otro intento de asesinato, visti\u00e9ndose con ropa de campesina para ocultar su identidad Jedi.<\/p>\n","protected":false},"featured_media":2887,"comment_status":"open","ping_status":"closed","template":"","meta":[],"product_brand":[],"product_cat":[29],"product_tag":[],"class_list":{"0":"post-580","1":"product","2":"type-product","3":"status-publish","4":"has-post-thumbnail","6":"product_cat-vintage","8":"first","9":"instock","10":"taxable","11":"shipping-taxable","12":"purchasable","13":"product-type-simple"},"_links":{"self":[{"href":"https:\/\/r2-toys.com\/index.php\/wp-json\/wp\/v2\/product\/580","targetHints":{"allow":["GET"]}}],"collection":[{"href":"https:\/\/r2-toys.com\/index.php\/wp-json\/wp\/v2\/product"}],"about":[{"href":"https:\/\/r2-toys.com\/index.php\/wp-json\/wp\/v2\/types\/product"}],"replies":[{"embeddable":true,"href":"https:\/\/r2-toys.com\/index.php\/wp-json\/wp\/v2\/comments?post=580"}],"wp:featuredmedia":[{"embeddable":true,"href":"https:\/\/r2-toys.com\/index.php\/wp-json\/wp\/v2\/media\/2887"}],"wp:attachment":[{"href":"https:\/\/r2-toys.com\/index.php\/wp-json\/wp\/v2\/media?parent=580"}],"wp:term":[{"taxonomy":"product_brand","embeddable":true,"href":"https:\/\/r2-toys.com\/index.php\/wp-json\/wp\/v2\/product_brand?post=580"},{"taxonomy":"product_cat","embeddable":true,"href":"https:\/\/r2-toys.com\/index.php\/wp-json\/wp\/v2\/product_cat?post=580"},{"taxonomy":"product_tag","embeddable":true,"href":"https:\/\/r2-toys.com\/index.php\/wp-json\/wp\/v2\/product_tag?post=580"}],"curies":[{"name":"wp","href":"https:\/\/api.w.org\/{rel}","templated":true}]}}