{"id":5802,"date":"2023-02-21T11:02:02","date_gmt":"2023-02-21T05:02:02","guid":{"rendered":"https:\/\/r2-toys.com\/?post_type=product&#038;p=5802"},"modified":"2023-02-21T11:02:02","modified_gmt":"2023-02-21T05:02:02","slug":"iman-3d-darth-vader","status":"publish","type":"product","link":"https:\/\/r2-toys.com\/index.php\/product\/iman-3d-darth-vader\/","title":{"rendered":"Im\u00e1n 3D Darth Vader"},"content":{"rendered":"<p>Alguna vez heroico Caballero Jedi, Darth Vader fue encaminado al lado oscuro de la Fuerza, se convirti\u00f3 en un Se\u00f1or Sith y lider\u00f3 la erradicaci\u00f3n de la Orden Jedi por parte del Imperio. Permaneci\u00f3 al servicio del Emperador, el malvado Darth Sidious.<\/p>\n<p>Fabricado en Vinil e im\u00e1n<\/p>\n<p>Altura aproximada 5 cm.<\/p>\n<p>Edad recomendada: 14 a\u00f1os en adelante<\/p>\n<p>\u26a0\ufe0fADVERTENCIA: PELIGRO DE ASFIXIA &#8211; Piezas peque\u00f1as. No apto para ni\u00f1os menores de 14 a\u00f1os.<\/p>\n<p>Los productos Star Wars son producidos por Monogram bajo licencia de Lucasfilm Ltd y Disney.<\/p>\n<p>Disney, Monogram, Lucasfilm Ltd<span class=\"Apple-converted-space\">\u00a0 <\/span>y todos los t\u00e9rminos relacionados son marcas registradas de Monogram, Lucasfilm Ltd y Disney.<\/p>\n","protected":false},"excerpt":{"rendered":"<p>Alguna vez heroico Caballero Jedi, Darth Vader fue encaminado al lado oscuro de la Fuerza, se convirti\u00f3 en un Se\u00f1or Sith y lider\u00f3 la erradicaci\u00f3n de la Orden Jedi por parte del Imperio. Permaneci\u00f3 al servicio del Emperador, el malvado Darth Sidious.<\/p>\n","protected":false},"featured_media":5813,"comment_status":"open","ping_status":"closed","template":"","meta":[],"product_brand":[],"product_cat":[34],"product_tag":[],"class_list":{"0":"post-5802","1":"product","2":"type-product","3":"status-publish","4":"has-post-thumbnail","6":"product_cat-accesorios","8":"first","9":"instock","10":"taxable","11":"shipping-taxable","12":"purchasable","13":"product-type-simple"},"_links":{"self":[{"href":"https:\/\/r2-toys.com\/index.php\/wp-json\/wp\/v2\/product\/5802","targetHints":{"allow":["GET"]}}],"collection":[{"href":"https:\/\/r2-toys.com\/index.php\/wp-json\/wp\/v2\/product"}],"about":[{"href":"https:\/\/r2-toys.com\/index.php\/wp-json\/wp\/v2\/types\/product"}],"replies":[{"embeddable":true,"href":"https:\/\/r2-toys.com\/index.php\/wp-json\/wp\/v2\/comments?post=5802"}],"wp:featuredmedia":[{"embeddable":true,"href":"https:\/\/r2-toys.com\/index.php\/wp-json\/wp\/v2\/media\/5813"}],"wp:attachment":[{"href":"https:\/\/r2-toys.com\/index.php\/wp-json\/wp\/v2\/media?parent=5802"}],"wp:term":[{"taxonomy":"product_brand","embeddable":true,"href":"https:\/\/r2-toys.com\/index.php\/wp-json\/wp\/v2\/product_brand?post=5802"},{"taxonomy":"product_cat","embeddable":true,"href":"https:\/\/r2-toys.com\/index.php\/wp-json\/wp\/v2\/product_cat?post=5802"},{"taxonomy":"product_tag","embeddable":true,"href":"https:\/\/r2-toys.com\/index.php\/wp-json\/wp\/v2\/product_tag?post=5802"}],"curies":[{"name":"wp","href":"https:\/\/api.w.org\/{rel}","templated":true}]}}