{"id":5812,"date":"2023-02-21T10:53:10","date_gmt":"2023-02-21T04:53:10","guid":{"rendered":"https:\/\/r2-toys.com\/?post_type=product&#038;p=5812"},"modified":"2023-05-11T09:20:26","modified_gmt":"2023-05-11T03:20:26","slug":"koska-reeves-specialty","status":"publish","type":"product","link":"https:\/\/r2-toys.com\/index.php\/product\/koska-reeves-specialty\/","title":{"rendered":"Koska Reeves Specialty"},"content":{"rendered":"<p>Fue una mandaloriana humana que era miembro de los B\u00fahos Nocturnos. Varios a\u00f1os despu\u00e9s de la Gran Purga de Mandalore, Reeves estaba en la luna de Trask, donde ayud\u00f3 a robar un crucero clase Gozanti Imperial junto a Lady Bo-Katan Kryze, Axe Woves y Din Djarin.<\/p>\n<p>Altura aproximada de 11 cm<\/p>\n<p>Empaque con ventana para su exhibici\u00f3n<\/p>\n<p>Fabricados en Vinyl<\/p>\n<p>Edad recomendada: 4 a\u00f1os en adelante<\/p>\n<p>\u26a0\ufe0fADVERTENCIA: PELIGRO DE ASFIXIA &#8211; Piezas peque\u00f1as. No apto para ni\u00f1os menores de 4 a\u00f1os.<\/p>\n<p>Los productos Star Wars son producidos por FUNKO bajo licencia de Lucasfilm Ltd. y Disney<\/p>\n<p>FUNKO y todos los t\u00e9rminos relacionados son marcas registradas Funko.<\/p>\n","protected":false},"excerpt":{"rendered":"<p>Fue una mandaloriana humana que era miembro de los B\u00fahos Nocturnos. Varios a\u00f1os despu\u00e9s de la Gran Purga de Mandalore, Reeves estaba en la luna de Trask, donde ayud\u00f3 a robar un crucero clase Gozanti Imperial junto a Lady Bo-Katan Kryze, Axe Woves y Din Djarin.<\/p>\n","protected":false},"featured_media":5748,"comment_status":"open","ping_status":"closed","template":"","meta":[],"product_brand":[],"product_cat":[20],"product_tag":[],"class_list":{"0":"post-5812","1":"product","2":"type-product","3":"status-publish","4":"has-post-thumbnail","6":"product_cat-funko1","8":"first","9":"instock","10":"taxable","11":"shipping-taxable","12":"purchasable","13":"product-type-simple"},"_links":{"self":[{"href":"https:\/\/r2-toys.com\/index.php\/wp-json\/wp\/v2\/product\/5812","targetHints":{"allow":["GET"]}}],"collection":[{"href":"https:\/\/r2-toys.com\/index.php\/wp-json\/wp\/v2\/product"}],"about":[{"href":"https:\/\/r2-toys.com\/index.php\/wp-json\/wp\/v2\/types\/product"}],"replies":[{"embeddable":true,"href":"https:\/\/r2-toys.com\/index.php\/wp-json\/wp\/v2\/comments?post=5812"}],"wp:featuredmedia":[{"embeddable":true,"href":"https:\/\/r2-toys.com\/index.php\/wp-json\/wp\/v2\/media\/5748"}],"wp:attachment":[{"href":"https:\/\/r2-toys.com\/index.php\/wp-json\/wp\/v2\/media?parent=5812"}],"wp:term":[{"taxonomy":"product_brand","embeddable":true,"href":"https:\/\/r2-toys.com\/index.php\/wp-json\/wp\/v2\/product_brand?post=5812"},{"taxonomy":"product_cat","embeddable":true,"href":"https:\/\/r2-toys.com\/index.php\/wp-json\/wp\/v2\/product_cat?post=5812"},{"taxonomy":"product_tag","embeddable":true,"href":"https:\/\/r2-toys.com\/index.php\/wp-json\/wp\/v2\/product_tag?post=5812"}],"curies":[{"name":"wp","href":"https:\/\/api.w.org\/{rel}","templated":true}]}}