{"id":5815,"date":"2023-02-22T10:44:27","date_gmt":"2023-02-22T04:44:27","guid":{"rendered":"https:\/\/r2-toys.com\/?post_type=product&#038;p=5815"},"modified":"2023-02-22T10:44:27","modified_gmt":"2023-02-22T04:44:27","slug":"thor","status":"publish","type":"product","link":"https:\/\/r2-toys.com\/index.php\/product\/thor\/","title":{"rendered":"Thor"},"content":{"rendered":"<p>Es poseedor del martillo encantado, <a href=\"https:\/\/es.wikipedia.org\/wiki\/Mjolnir_(Marvel_Comics)\">Mjolnir<\/a>, que le otorga capacidad de volar y manipular el clima entre sus otros atributos sobrehumanos, adem\u00e1s de concentrar su poder.<\/p>\n<p>Con m\u00e1s de 80 a\u00f1os de historia del entretenimiento, Marvel se ha convertido en la piedra angular de las colecciones de fans de todo el mundo.<span class=\"Apple-converted-space\">\u00a0<\/span><\/p>\n<p>Edad recomendada: 4 a\u00f1os en adelante<\/p>\n<p>\u26a0\ufe0f ADVERTENCIA: PELIGRO DE ASFIXIA \u2013 Piezas peque\u00f1as. No apto para ni\u00f1os menores de 4 a\u00f1os.<\/p>\n<p>Los productos son producidos por Hasbro bajo licencia de Marvel<\/p>\n<p>Hasbro, Marvel y<span class=\"Apple-converted-space\">\u00a0 <\/span>todos los t\u00e9rminos relacionados son marcas registradas de Hasbro y Marvel.<\/p>\n","protected":false},"excerpt":{"rendered":"<p>Es poseedor del martillo encantado, <a href=\"https:\/\/es.wikipedia.org\/wiki\/Mjolnir_(Marvel_Comics)\">Mjolnir<\/a>, que le otorga capacidad de volar y manipular el clima entre sus otros atributos sobrehumanos, adem\u00e1s de concentrar su poder.<\/p>\n","protected":false},"featured_media":5752,"comment_status":"open","ping_status":"closed","template":"","meta":[],"product_brand":[],"product_cat":[21],"product_tag":[],"class_list":{"0":"post-5815","1":"product","2":"type-product","3":"status-publish","4":"has-post-thumbnail","6":"product_cat-retro","8":"first","9":"instock","10":"taxable","11":"shipping-taxable","12":"purchasable","13":"product-type-simple"},"_links":{"self":[{"href":"https:\/\/r2-toys.com\/index.php\/wp-json\/wp\/v2\/product\/5815","targetHints":{"allow":["GET"]}}],"collection":[{"href":"https:\/\/r2-toys.com\/index.php\/wp-json\/wp\/v2\/product"}],"about":[{"href":"https:\/\/r2-toys.com\/index.php\/wp-json\/wp\/v2\/types\/product"}],"replies":[{"embeddable":true,"href":"https:\/\/r2-toys.com\/index.php\/wp-json\/wp\/v2\/comments?post=5815"}],"wp:featuredmedia":[{"embeddable":true,"href":"https:\/\/r2-toys.com\/index.php\/wp-json\/wp\/v2\/media\/5752"}],"wp:attachment":[{"href":"https:\/\/r2-toys.com\/index.php\/wp-json\/wp\/v2\/media?parent=5815"}],"wp:term":[{"taxonomy":"product_brand","embeddable":true,"href":"https:\/\/r2-toys.com\/index.php\/wp-json\/wp\/v2\/product_brand?post=5815"},{"taxonomy":"product_cat","embeddable":true,"href":"https:\/\/r2-toys.com\/index.php\/wp-json\/wp\/v2\/product_cat?post=5815"},{"taxonomy":"product_tag","embeddable":true,"href":"https:\/\/r2-toys.com\/index.php\/wp-json\/wp\/v2\/product_tag?post=5815"}],"curies":[{"name":"wp","href":"https:\/\/api.w.org\/{rel}","templated":true}]}}