{"id":5820,"date":"2023-02-22T10:57:14","date_gmt":"2023-02-22T04:57:14","guid":{"rendered":"https:\/\/r2-toys.com\/?post_type=product&#038;p=5820"},"modified":"2023-02-22T10:57:34","modified_gmt":"2023-02-22T04:57:34","slug":"funko-pop-keychain-tee-playera-infantil-stormtrooper-xg","status":"publish","type":"product","link":"https:\/\/r2-toys.com\/index.php\/product\/funko-pop-keychain-tee-playera-infantil-stormtrooper-xg\/","title":{"rendered":"Funko pop keychain &#038; Tee: Playera infantil Stormtrooper \u00a0 (XG)"},"content":{"rendered":"<p><b>Funko pop keychain &amp; Tee: Playera infantil Stormtrooper <span class=\"Apple-converted-space\">\u00a0<\/span><\/b><\/p>\n<p>Son tropas de choque \u00e9lite, leales al Imperio y libran batallas entre las fuerzas imperiales y los rebeldes por toda la galaxia.<\/p>\n<p>Desde 1977 la saga de Star Wars ha sido un movimiento revolucionario de la cultura pop generaci\u00f3n tras generaci\u00f3n, reclutando fans y seguidores, creando para ellos diversas producciones del amplio universo. Gracias a FunkoPop podemos tener incre\u00edbles figuras de tus personajes favoritos con incre\u00edbles dise\u00f1os.<\/p>\n<p>La l\u00ednea de Playeras de Funko Boxed Tee\u00a0trae a tus personajes favoritos de Star Wars de una manera estilizada e incre\u00edble, impresos a detalle con la m\u00e1s alta calidad, para que lleves tu pasi\u00f3n a donde quieras.<\/p>\n<p>Contenido Playera Talla XG<\/p>\n<p>Fabricado en tela.<\/p>\n<p>Basado en StarWars.<\/p>\n<p>Empaque con incre\u00edble dise\u00f1o.<\/p>\n<p>\u26a0\ufe0fADVERTENCIA: PELIGRO DE ASFIXIA &#8211; Piezas peque\u00f1as. No apto para ni\u00f1os menores de 4 a\u00f1os.<\/p>\n<p>Las consideraciones de alergias a materiales son responsabilidad del comprador o consumidor.<\/p>\n<p>Los productos Star Wars son producidos por FUNKO bajo licencia de Lucasfilm Ltd. y Disney<\/p>\n<p>FUNKO y todos los t\u00e9rminos relacionados son marcas registradas Funko.<\/p>\n","protected":false},"excerpt":{"rendered":"<p>Son tropas de choque \u00e9lite, leales al Imperio y libran batallas entre las fuerzas imperiales y los rebeldes por toda la galaxia.<\/p>\n","protected":false},"featured_media":5723,"comment_status":"open","ping_status":"closed","template":"","meta":[],"product_brand":[],"product_cat":[20],"product_tag":[],"class_list":{"0":"post-5820","1":"product","2":"type-product","3":"status-publish","4":"has-post-thumbnail","6":"product_cat-funko1","8":"first","9":"instock","10":"taxable","11":"shipping-taxable","12":"purchasable","13":"product-type-simple"},"_links":{"self":[{"href":"https:\/\/r2-toys.com\/index.php\/wp-json\/wp\/v2\/product\/5820","targetHints":{"allow":["GET"]}}],"collection":[{"href":"https:\/\/r2-toys.com\/index.php\/wp-json\/wp\/v2\/product"}],"about":[{"href":"https:\/\/r2-toys.com\/index.php\/wp-json\/wp\/v2\/types\/product"}],"replies":[{"embeddable":true,"href":"https:\/\/r2-toys.com\/index.php\/wp-json\/wp\/v2\/comments?post=5820"}],"wp:featuredmedia":[{"embeddable":true,"href":"https:\/\/r2-toys.com\/index.php\/wp-json\/wp\/v2\/media\/5723"}],"wp:attachment":[{"href":"https:\/\/r2-toys.com\/index.php\/wp-json\/wp\/v2\/media?parent=5820"}],"wp:term":[{"taxonomy":"product_brand","embeddable":true,"href":"https:\/\/r2-toys.com\/index.php\/wp-json\/wp\/v2\/product_brand?post=5820"},{"taxonomy":"product_cat","embeddable":true,"href":"https:\/\/r2-toys.com\/index.php\/wp-json\/wp\/v2\/product_cat?post=5820"},{"taxonomy":"product_tag","embeddable":true,"href":"https:\/\/r2-toys.com\/index.php\/wp-json\/wp\/v2\/product_tag?post=5820"}],"curies":[{"name":"wp","href":"https:\/\/api.w.org\/{rel}","templated":true}]}}