{"id":5822,"date":"2023-02-22T11:08:45","date_gmt":"2023-02-22T05:08:45","guid":{"rendered":"https:\/\/r2-toys.com\/?post_type=product&#038;p=5822"},"modified":"2023-02-22T11:08:59","modified_gmt":"2023-02-22T05:08:59","slug":"funko-boxed-tee-back-to-the-future-doc-with-helmet-995-g-copia","status":"publish","type":"product","link":"https:\/\/r2-toys.com\/index.php\/product\/funko-boxed-tee-back-to-the-future-doc-with-helmet-995-g-copia\/","title":{"rendered":"Funko Boxed Tee: Back to the future, Doc with helmet 995 (G) (copia)"},"content":{"rendered":"<p>Emmett Brown es un cient\u00edfico y el mejor amigo de Marty McFly. Nacido en el<span class=\"Apple-converted-space\">\u00a0 <\/span>pueblo de Hill Valley, California, en 1914, se define como &#8220;estudiante de todas las ciencias&#8221;<span class=\"Apple-converted-space\">\u00a0 <\/span>y pasa gran parte de su tiempo inventando diversos artefactos, entre los que destaca la m\u00e1quina del tiempo, construida sobre la carrocer\u00eda de un autom\u00f3vil deportivo llamado DMC DeLorean, que motiva las peripecias de Back to the Future.<\/p>\n<p>La l\u00ednea de Playeras de Funko Boxed Tee\u00a0trae a tus personajes favoritos de una manera estilizada e incre\u00edble, impresos a detalle con la m\u00e1s alta calidad, para que lleves tu pasi\u00f3n a donde quieras.<\/p>\n<p>Contenido Playera Talla<span class=\"Apple-converted-space\">\u00a0G<\/span><\/p>\n<p>Fabricado en tela.<\/p>\n<p>Basado en StarWars.<\/p>\n<p>Empaque con incre\u00edble dise\u00f1o.<\/p>\n<p>\u26a0\ufe0fADVERTENCIA: PELIGRO DE ASFIXIA &#8211; Piezas peque\u00f1as. No apto para ni\u00f1os menores de 4 a\u00f1os.<\/p>\n<p>Las consideraciones de alergias a materiales son responsabilidad del comprador o consumidor.<\/p>\n<p>Los productos Star Wars son producidos por FUNKO bajo licencia de Disney<\/p>\n<p>FUNKO y todos los t\u00e9rminos relacionados son marcas registradas Funko.<\/p>\n","protected":false},"excerpt":{"rendered":"<p>Emmett Brown es un cient\u00edfico y el mejor amigo de Marty McFly. Nacido en el<span class=\"Apple-converted-space\">\u00a0 <\/span>pueblo de Hill Valley, California, en 1914, se define como &#8220;estudiante de todas las ciencias&#8221;<span class=\"Apple-converted-space\">\u00a0 <\/span>y pasa gran parte de su tiempo inventando diversos artefactos, entre los que destaca la m\u00e1quina del tiempo, construida sobre la carrocer\u00eda de un autom\u00f3vil deportivo llamado DMC DeLorean, que motiva las peripecias de Back to the Future.<\/p>\n","protected":false},"featured_media":5720,"comment_status":"open","ping_status":"closed","template":"","meta":[],"product_brand":[],"product_cat":[20],"product_tag":[],"class_list":{"0":"post-5822","1":"product","2":"type-product","3":"status-publish","4":"has-post-thumbnail","6":"product_cat-funko1","8":"first","9":"instock","10":"taxable","11":"shipping-taxable","12":"purchasable","13":"product-type-simple"},"_links":{"self":[{"href":"https:\/\/r2-toys.com\/index.php\/wp-json\/wp\/v2\/product\/5822","targetHints":{"allow":["GET"]}}],"collection":[{"href":"https:\/\/r2-toys.com\/index.php\/wp-json\/wp\/v2\/product"}],"about":[{"href":"https:\/\/r2-toys.com\/index.php\/wp-json\/wp\/v2\/types\/product"}],"replies":[{"embeddable":true,"href":"https:\/\/r2-toys.com\/index.php\/wp-json\/wp\/v2\/comments?post=5822"}],"wp:featuredmedia":[{"embeddable":true,"href":"https:\/\/r2-toys.com\/index.php\/wp-json\/wp\/v2\/media\/5720"}],"wp:attachment":[{"href":"https:\/\/r2-toys.com\/index.php\/wp-json\/wp\/v2\/media?parent=5822"}],"wp:term":[{"taxonomy":"product_brand","embeddable":true,"href":"https:\/\/r2-toys.com\/index.php\/wp-json\/wp\/v2\/product_brand?post=5822"},{"taxonomy":"product_cat","embeddable":true,"href":"https:\/\/r2-toys.com\/index.php\/wp-json\/wp\/v2\/product_cat?post=5822"},{"taxonomy":"product_tag","embeddable":true,"href":"https:\/\/r2-toys.com\/index.php\/wp-json\/wp\/v2\/product_tag?post=5822"}],"curies":[{"name":"wp","href":"https:\/\/api.w.org\/{rel}","templated":true}]}}