{"id":5870,"date":"2023-03-17T12:27:30","date_gmt":"2023-03-17T06:27:30","guid":{"rendered":"https:\/\/r2-toys.com\/?post_type=product&#038;p=5870"},"modified":"2026-01-25T05:14:14","modified_gmt":"2026-01-24T23:14:14","slug":"chopper-c1-10p-84","status":"publish","type":"product","link":"https:\/\/r2-toys.com\/index.php\/product\/chopper-c1-10p-84\/","title":{"rendered":"Chopper C1-10P (84)"},"content":{"rendered":"<p>Chopper es el droide residente del Fantasma, que ayuda a la tripulaci\u00f3n en todo, desde el mantenimiento del barco hasta el combate, aunque no siempre quiere hacerlo.<\/p>\n<p>La figura de la serie Black a escala de 6 pulgadas se detalla para parecerse al personaje Chopper (C1-10P) de la serie animada Star Wars Rebels, con detalles premium y m\u00faltiples puntos de articulaci\u00f3n.<\/p>\n<p>Incluye: figura y 2 accesorios.<\/p>\n<p>Chopper es el droide residente del Fantasma, que ayuda a la tripulaci\u00f3n en todo, desde el mantenimiento del barco hasta el combate, aunque no siempre quiere<\/p>\n<p>Los fan\u00e1ticos y coleccionistas pueden imaginar escenas de Star Wars Galaxy con este juguete premium Chopper (C1-10P), inspirado en la serie animada Star Wars Rebels.<\/p>\n<p>Esta figura de acci\u00f3n de Star Wars The Black Series viene con 2 accesorios inspirados en Chopper (C1-10P) que son excelentes adiciones a cualquier colecci\u00f3n de Star Wars.<\/p>\n<p>Los fan\u00e1ticos y coleccionistas de Star Wars pueden exhibir esta figura altamente articulada (4 extremidades completamente articuladas), con decoraci\u00f3n premium, en su colecci\u00f3n de figuras de acci\u00f3n y veh\u00edculos.<\/p>\n<p>Edad recomendada :4 a\u00f1os en adelante<\/p>\n<p>\u26a0\ufe0f ADVERTENCIA: PELIGRO DE ASFIXIA &#8211; Piezas peque\u00f1as. No apto para ni\u00f1os menores de 4 a\u00f1os.<\/p>\n<p>Los juguetes de Hasbro de la L\u00ednea Star Wars Black Series son productos originales que traer\u00e1n horas de diversi\u00f3n a chicos y grandes, adem\u00e1s cuentan con licencias oficiales<\/p>\n<p>&nbsp;<\/p>\n<p>&nbsp;<\/p>\n","protected":false},"excerpt":{"rendered":"<p>Chopper es el droide residente del Fantasma, que ayuda a la tripulaci\u00f3n en todo, desde el mantenimiento del barco hasta el combate, aunque no siempre quiere hacerlo.<\/p>\n","protected":false},"featured_media":5868,"comment_status":"open","ping_status":"closed","template":"","meta":[],"product_brand":[],"product_cat":[28],"product_tag":[],"class_list":{"0":"post-5870","1":"product","2":"type-product","3":"status-publish","4":"has-post-thumbnail","6":"product_cat-black-series","8":"first","9":"instock","10":"taxable","11":"shipping-taxable","12":"purchasable","13":"product-type-simple"},"_links":{"self":[{"href":"https:\/\/r2-toys.com\/index.php\/wp-json\/wp\/v2\/product\/5870","targetHints":{"allow":["GET"]}}],"collection":[{"href":"https:\/\/r2-toys.com\/index.php\/wp-json\/wp\/v2\/product"}],"about":[{"href":"https:\/\/r2-toys.com\/index.php\/wp-json\/wp\/v2\/types\/product"}],"replies":[{"embeddable":true,"href":"https:\/\/r2-toys.com\/index.php\/wp-json\/wp\/v2\/comments?post=5870"}],"wp:featuredmedia":[{"embeddable":true,"href":"https:\/\/r2-toys.com\/index.php\/wp-json\/wp\/v2\/media\/5868"}],"wp:attachment":[{"href":"https:\/\/r2-toys.com\/index.php\/wp-json\/wp\/v2\/media?parent=5870"}],"wp:term":[{"taxonomy":"product_brand","embeddable":true,"href":"https:\/\/r2-toys.com\/index.php\/wp-json\/wp\/v2\/product_brand?post=5870"},{"taxonomy":"product_cat","embeddable":true,"href":"https:\/\/r2-toys.com\/index.php\/wp-json\/wp\/v2\/product_cat?post=5870"},{"taxonomy":"product_tag","embeddable":true,"href":"https:\/\/r2-toys.com\/index.php\/wp-json\/wp\/v2\/product_tag?post=5870"}],"curies":[{"name":"wp","href":"https:\/\/api.w.org\/{rel}","templated":true}]}}