{"id":588,"date":"2022-03-30T07:45:19","date_gmt":"2022-03-30T01:45:19","guid":{"rendered":"https:\/\/r2-toys.com\/?post_type=product&#038;p=588"},"modified":"2025-12-10T15:01:17","modified_gmt":"2025-12-10T09:01:17","slug":"at-at-driver-40th-anniversary-15-cm","status":"publish","type":"product","link":"https:\/\/r2-toys.com\/index.php\/product\/at-at-driver-40th-anniversary-15-cm\/","title":{"rendered":"AT-AT DRIVER 40th ANNIVERSARY (15 CM)"},"content":{"rendered":"<p>Durante el avance del Imperio en la Base Echo de Hoth, los conductores de AT-AT destruyeron numerosos deslizadores de nieve y destrozaron las defensas terrestres de los rebeldes.<\/p>\n<p>Star Wars The Black Series Star Wars: The Empire Strikes Back 40TH Anniversary Las figuras cl\u00e1sicas de Star Wars a escala de 15 cm cuentan con la marca Kenner original (cada una se vende por separado. Sujeto a disponibilidad).<\/p>\n<p>Celebre los 40 a\u00f1os de Star Wars: El Imperio Contraataca con esta figura de acci\u00f3n AT-AT Driver The Black Series con un dise\u00f1o inspirado en la d\u00e9cada de 1980.<\/p>\n<div>\n<p>Edad recomendada: 4 a\u00f1os en adelante<\/p>\n<\/div>\n<div>\n<p>\u26a0\ufe0f ADVERTENCIA: PELIGRO DE ASFIXIA &#8211; Piezas peque\u00f1as. No apto para ni\u00f1os menores de 4 a\u00f1os.<\/p>\n<\/div>\n<div>\n<p>Los productos Star Wars son producidos por Hasbro bajo licencia de Lucasfilm Ltd.<\/p>\n<\/div>\n<div>\n<p>Hasbro y todos los t\u00e9rminos relacionados son marcas de comercio de Hasbro.<\/p>\n<\/div>\n","protected":false},"excerpt":{"rendered":"<p>Durante el avance del Imperio en la Base Echo de Hoth, los conductores de AT-AT destruyeron numerosos deslizadores de nieve y destrozaron las defensas terrestres de los rebeldes.<\/p>\n<p>Celebre los 40 a\u00f1os de Star Wars: El Imperio Contraataca con esta figura de acci\u00f3n AT-AT Driver The Black Series con un dise\u00f1o inspirado en la d\u00e9cada de 1980.<\/p>\n","protected":false},"featured_media":3121,"comment_status":"open","ping_status":"closed","template":"","meta":[],"product_brand":[],"product_cat":[29],"product_tag":[],"class_list":{"0":"post-588","1":"product","2":"type-product","3":"status-publish","4":"has-post-thumbnail","6":"product_cat-vintage","8":"first","9":"instock","10":"taxable","11":"shipping-taxable","12":"purchasable","13":"product-type-simple"},"_links":{"self":[{"href":"https:\/\/r2-toys.com\/index.php\/wp-json\/wp\/v2\/product\/588","targetHints":{"allow":["GET"]}}],"collection":[{"href":"https:\/\/r2-toys.com\/index.php\/wp-json\/wp\/v2\/product"}],"about":[{"href":"https:\/\/r2-toys.com\/index.php\/wp-json\/wp\/v2\/types\/product"}],"replies":[{"embeddable":true,"href":"https:\/\/r2-toys.com\/index.php\/wp-json\/wp\/v2\/comments?post=588"}],"wp:featuredmedia":[{"embeddable":true,"href":"https:\/\/r2-toys.com\/index.php\/wp-json\/wp\/v2\/media\/3121"}],"wp:attachment":[{"href":"https:\/\/r2-toys.com\/index.php\/wp-json\/wp\/v2\/media?parent=588"}],"wp:term":[{"taxonomy":"product_brand","embeddable":true,"href":"https:\/\/r2-toys.com\/index.php\/wp-json\/wp\/v2\/product_brand?post=588"},{"taxonomy":"product_cat","embeddable":true,"href":"https:\/\/r2-toys.com\/index.php\/wp-json\/wp\/v2\/product_cat?post=588"},{"taxonomy":"product_tag","embeddable":true,"href":"https:\/\/r2-toys.com\/index.php\/wp-json\/wp\/v2\/product_tag?post=588"}],"curies":[{"name":"wp","href":"https:\/\/api.w.org\/{rel}","templated":true}]}}