{"id":5882,"date":"2023-03-22T23:19:36","date_gmt":"2023-03-22T17:19:36","guid":{"rendered":"https:\/\/r2-toys.com\/?post_type=product&#038;p=5882"},"modified":"2023-03-22T23:19:36","modified_gmt":"2023-03-22T17:19:36","slug":"egg-attack-action-eaa-113-darth-vader-glow-in-the-dark","status":"publish","type":"product","link":"https:\/\/r2-toys.com\/index.php\/product\/egg-attack-action-eaa-113-darth-vader-glow-in-the-dark\/","title":{"rendered":"Egg Attack Action EAA-113 Darth Vader (Glow In The Dark)"},"content":{"rendered":"<p>Alguna vez heroico Caballero Jedi, Darth Vader fue encaminado al lado oscuro de la Fuerza, se convirti\u00f3 en un Se\u00f1or Sith y lider\u00f3 la erradicaci\u00f3n de la Orden Jedi por parte del Imperio. Permaneci\u00f3 al servicio del Emperador, el malvado Darth Sidious.<\/p>\n<p>Figura de pl\u00e1stico de 15.5cm altamente articulada con casco removibe, brilla completamente en la oscuridad y tiene una funci\u00f3n LED con bater\u00edas (las bater\u00edas se venden por separado). Los tres pares de manos son reemplazables, as\u00ed como una capa con alambre, brindan una gran cantidad de opciones para posar.<\/p>\n<p>Edad recomendada: 16 a\u00f1os en adelante<\/p>\n<p>\u26a0\ufe0f\u008fADVERTENCIA: PELIGRO DE ASFIXIA &#8211; Piezas peque\u00f1as. No apto para ni\u00f1os menores de 16 a\u00f1os.<\/p>\n<p>Los productos Star Wars son producidos por BeastKingdom y Egg Attack Action bajo licencia de Lucasfilm Ltd. y Disney.<\/p>\n<p>BeastKingdom y Egg AttackAction y todos los t\u00e9rminos relacionados son marcas registradas de BeastKingdom y Egg AttackAction.<\/p>\n","protected":false},"excerpt":{"rendered":"<p>Alguna vez heroico Caballero Jedi, Darth Vader fue encaminado al lado oscuro de la Fuerza, se convirti\u00f3 en un Se\u00f1or Sith y lider\u00f3 la erradicaci\u00f3n de la Orden Jedi por parte del Imperio. Permaneci\u00f3 al servicio del Emperador, el malvado Darth Sidious.<\/p>\n<p>&nbsp;<\/p>\n","protected":false},"featured_media":5860,"comment_status":"open","ping_status":"closed","template":"","meta":[],"product_brand":[],"product_cat":[33],"product_tag":[],"class_list":{"0":"post-5882","1":"product","2":"type-product","3":"status-publish","4":"has-post-thumbnail","6":"product_cat-otros","8":"first","9":"instock","10":"taxable","11":"shipping-taxable","12":"purchasable","13":"product-type-simple"},"_links":{"self":[{"href":"https:\/\/r2-toys.com\/index.php\/wp-json\/wp\/v2\/product\/5882","targetHints":{"allow":["GET"]}}],"collection":[{"href":"https:\/\/r2-toys.com\/index.php\/wp-json\/wp\/v2\/product"}],"about":[{"href":"https:\/\/r2-toys.com\/index.php\/wp-json\/wp\/v2\/types\/product"}],"replies":[{"embeddable":true,"href":"https:\/\/r2-toys.com\/index.php\/wp-json\/wp\/v2\/comments?post=5882"}],"wp:featuredmedia":[{"embeddable":true,"href":"https:\/\/r2-toys.com\/index.php\/wp-json\/wp\/v2\/media\/5860"}],"wp:attachment":[{"href":"https:\/\/r2-toys.com\/index.php\/wp-json\/wp\/v2\/media?parent=5882"}],"wp:term":[{"taxonomy":"product_brand","embeddable":true,"href":"https:\/\/r2-toys.com\/index.php\/wp-json\/wp\/v2\/product_brand?post=5882"},{"taxonomy":"product_cat","embeddable":true,"href":"https:\/\/r2-toys.com\/index.php\/wp-json\/wp\/v2\/product_cat?post=5882"},{"taxonomy":"product_tag","embeddable":true,"href":"https:\/\/r2-toys.com\/index.php\/wp-json\/wp\/v2\/product_tag?post=5882"}],"curies":[{"name":"wp","href":"https:\/\/api.w.org\/{rel}","templated":true}]}}