{"id":592,"date":"2022-03-29T00:40:42","date_gmt":"2022-03-28T18:40:42","guid":{"rendered":"https:\/\/r2-toys.com\/?post_type=product&#038;p=592"},"modified":"2025-12-11T02:12:08","modified_gmt":"2025-12-10T20:12:08","slug":"battle-droid","status":"publish","type":"product","link":"https:\/\/r2-toys.com\/index.php\/product\/battle-droid\/","title":{"rendered":"BATTLE DROID"},"content":{"rendered":"<p>Los droides de batalla son tontos y no pueden competir con los soldados clon o los Jedi, pero no fueron dise\u00f1ados para ser inteligentes, fueron dise\u00f1ados para abrumar a los civiles de la Rep\u00fablica a trav\u00e9s de n\u00fameros.<\/p>\n<p>Con detalles y dise\u00f1o premium inspirados en Star Wars: The Phantom Menace, esta figura coleccionable de Battle Droid de 9.5 cm de Star Wars The Vintage Collection es un gran regalo para los fan\u00e1ticos y coleccionistas de Star Wars.<\/p>\n<p>Incluye: figura y 3 accesorios.<\/p>\n<p>En lugar de utilizar guerreros de carne y hueso, los separatistas prefieren soldados leales sin pensar que se controlen f\u00e1cilmente.<\/p>\n<p>Este juguete Battle Droid est\u00e1 inspirado en el personaje de Star Wars The Phantom Menace y es un gran regalo para los coleccionistas y fan\u00e1ticos de Star Wars de 4 a\u00f1os en adelante.<\/p>\n<p>Edad recomendada: 4 a\u00f1os en adelante<\/p>\n<p>\u26a0\ufe0f ADVERTENCIA: PELIGRO DE ASFIXIA &#8211; Piezas peque\u00f1as. No apto para ni\u00f1os menores de 4 a\u00f1os.<\/p>\n<p>Los productos Star Wars son producidos por Hasbro bajo licencia de Lucasfilm Ltd.<\/p>\n<p>Hasbro y todos los t\u00e9rminos relacionados son marcas de comercio de Hasbro.<\/p>\n<p>&nbsp;<\/p>\n","protected":false},"excerpt":{"rendered":"<p>Los droides de batalla son tontos y no pueden competir con los soldados clon o los Jedi, pero no fueron dise\u00f1ados para ser inteligentes, fueron dise\u00f1ados para abrumar a los civiles de la Rep\u00fablica a trav\u00e9s de n\u00fameros.<\/p>\n","protected":false},"featured_media":2893,"comment_status":"open","ping_status":"closed","template":"","meta":[],"product_brand":[],"product_cat":[29],"product_tag":[],"class_list":{"0":"post-592","1":"product","2":"type-product","3":"status-publish","4":"has-post-thumbnail","6":"product_cat-vintage","8":"first","9":"instock","10":"taxable","11":"shipping-taxable","12":"purchasable","13":"product-type-simple"},"_links":{"self":[{"href":"https:\/\/r2-toys.com\/index.php\/wp-json\/wp\/v2\/product\/592","targetHints":{"allow":["GET"]}}],"collection":[{"href":"https:\/\/r2-toys.com\/index.php\/wp-json\/wp\/v2\/product"}],"about":[{"href":"https:\/\/r2-toys.com\/index.php\/wp-json\/wp\/v2\/types\/product"}],"replies":[{"embeddable":true,"href":"https:\/\/r2-toys.com\/index.php\/wp-json\/wp\/v2\/comments?post=592"}],"wp:featuredmedia":[{"embeddable":true,"href":"https:\/\/r2-toys.com\/index.php\/wp-json\/wp\/v2\/media\/2893"}],"wp:attachment":[{"href":"https:\/\/r2-toys.com\/index.php\/wp-json\/wp\/v2\/media?parent=592"}],"wp:term":[{"taxonomy":"product_brand","embeddable":true,"href":"https:\/\/r2-toys.com\/index.php\/wp-json\/wp\/v2\/product_brand?post=592"},{"taxonomy":"product_cat","embeddable":true,"href":"https:\/\/r2-toys.com\/index.php\/wp-json\/wp\/v2\/product_cat?post=592"},{"taxonomy":"product_tag","embeddable":true,"href":"https:\/\/r2-toys.com\/index.php\/wp-json\/wp\/v2\/product_tag?post=592"}],"curies":[{"name":"wp","href":"https:\/\/api.w.org\/{rel}","templated":true}]}}