{"id":5922,"date":"2023-03-23T00:06:29","date_gmt":"2023-03-22T18:06:29","guid":{"rendered":"https:\/\/r2-toys.com\/?post_type=product&#038;p=5922"},"modified":"2023-03-23T00:06:30","modified_gmt":"2023-03-22T18:06:30","slug":"mission-fleet-x-wing","status":"publish","type":"product","link":"https:\/\/r2-toys.com\/index.php\/product\/mission-fleet-x-wing\/","title":{"rendered":"MISSION FLEET X-WING"},"content":{"rendered":"<p>Luke Skywalker accedi\u00f3 a tomar al ni\u00f1o en su cuidado y entrenarlo en los caminos de la Fuerza. Despu\u00e9s de ser entregado por Djarin al ser rescatado de Gideon.<\/p>\n<p>Caza estelar vers\u00e1til de la Alianza Rebelde que equilibra la velocidad con su armamento. Equipado con cuatro ca\u00f1ones l\u00e1ser y dos lanzadores de torpedos de protones, el X-wing puede enfrentarse a cualquier caza imperial. Los motores le dan la ventaja durante los combates a\u00e9reos y realizar saltos al hiperespacio.<\/p>\n<p>Estas figuras de 6cm articuladas de la colecci\u00f3n Mission Fleet cuenta con un excelente dise\u00f1o muy detallado.<\/p>\n<p>Edad recomendada: 4 a\u00f1os en adelante<\/p>\n<p>\u26a0\ufe0fADVERTENCIA: PELIGRO DE ASFIXIA \u2013 Piezas peque\u00f1as. No apto para ni\u00f1os menores de 4 a\u00f1os.<\/p>\n<p>Los productos Star Wars son producidos por Hasbro bajo licencia de Lucasfilm Ltd.<\/p>\n<p>Hasbro y todos los t\u00e9rminos relacionados son marcas registradas Hasbro.<\/p>\n","protected":false},"excerpt":{"rendered":"<p>Luke Skywalker accedi\u00f3 a tomar al ni\u00f1o en su cuidado y entrenarlo en los caminos de la Fuerza. Despu\u00e9s de ser entregado por Djarin al ser rescatado de Gideon.<\/p>\n","protected":false},"featured_media":5912,"comment_status":"open","ping_status":"closed","template":"","meta":[],"product_brand":[],"product_cat":[19],"product_tag":[],"class_list":{"0":"post-5922","1":"product","2":"type-product","3":"status-publish","4":"has-post-thumbnail","6":"product_cat-star-wars","8":"first","9":"instock","10":"taxable","11":"shipping-taxable","12":"purchasable","13":"product-type-simple"},"_links":{"self":[{"href":"https:\/\/r2-toys.com\/index.php\/wp-json\/wp\/v2\/product\/5922","targetHints":{"allow":["GET"]}}],"collection":[{"href":"https:\/\/r2-toys.com\/index.php\/wp-json\/wp\/v2\/product"}],"about":[{"href":"https:\/\/r2-toys.com\/index.php\/wp-json\/wp\/v2\/types\/product"}],"replies":[{"embeddable":true,"href":"https:\/\/r2-toys.com\/index.php\/wp-json\/wp\/v2\/comments?post=5922"}],"wp:featuredmedia":[{"embeddable":true,"href":"https:\/\/r2-toys.com\/index.php\/wp-json\/wp\/v2\/media\/5912"}],"wp:attachment":[{"href":"https:\/\/r2-toys.com\/index.php\/wp-json\/wp\/v2\/media?parent=5922"}],"wp:term":[{"taxonomy":"product_brand","embeddable":true,"href":"https:\/\/r2-toys.com\/index.php\/wp-json\/wp\/v2\/product_brand?post=5922"},{"taxonomy":"product_cat","embeddable":true,"href":"https:\/\/r2-toys.com\/index.php\/wp-json\/wp\/v2\/product_cat?post=5922"},{"taxonomy":"product_tag","embeddable":true,"href":"https:\/\/r2-toys.com\/index.php\/wp-json\/wp\/v2\/product_tag?post=5922"}],"curies":[{"name":"wp","href":"https:\/\/api.w.org\/{rel}","templated":true}]}}