{"id":5924,"date":"2023-03-23T00:23:34","date_gmt":"2023-03-22T18:23:34","guid":{"rendered":"https:\/\/r2-toys.com\/?post_type=product&#038;p=5924"},"modified":"2026-02-22T11:09:32","modified_gmt":"2026-02-22T05:09:32","slug":"batgirl-gaming-gotham-knights","status":"publish","type":"product","link":"https:\/\/r2-toys.com\/index.php\/product\/batgirl-gaming-gotham-knights\/","title":{"rendered":"Batgirl Gaming Gotham knights"},"content":{"rendered":"<p>Durante el d\u00eda, Barbara Gordon es la hija estudiosa del comisionado de polic\u00eda de Gotham City, Jim Gordon. Por la noche, Barbara se pone una capa y una capucha como Batgirl, comprometida con la justicia como su padre.<\/p>\n<p>Esta figura de 17cm cuenta con m\u00e1s de 22 articulaciones, escultura y pintura premium. Incluye accesorios ic\u00f3nicos del personaje basado en la aparici\u00f3n del videojuego Gotham Knights, incluye accesorios de combate y una base. Tambi\u00e9n se incluye una tarjeta de arte coleccionable con fotograf\u00eda de figuras en el frente y la biograf\u00eda del personaje en la parte posterior.<\/p>\n<p>Edad recomendada: 12 a\u00f1os en adelante<\/p>\n<p>\u26a0\ufe0fADVERTENCIA: PELIGRO DE ASFIXIA &#8211; Piezas peque\u00f1as. No apto para ni\u00f1os menores de 12 a\u00f1os.<\/p>\n<p>Los productos son producidos por McFarlane bajo licencia de DC comics.<\/p>\n<p>McFarlane, DC Comics y<span class=\"Apple-converted-space\">\u00a0 <\/span>todos los t\u00e9rminos relacionados son marcas registradas de Mc Farlane y DC Comics.<\/p>\n","protected":false},"excerpt":{"rendered":"<p>Durante el d\u00eda, Barbara Gordon es la hija estudiosa del comisionado de polic\u00eda de Gotham City, Jim Gordon. Por la noche, Barbara se pone una capa y una capucha como Batgirl, comprometida con la justicia como su padre.<\/p>\n","protected":false},"featured_media":5899,"comment_status":"open","ping_status":"closed","template":"","meta":[],"product_brand":[],"product_cat":[21],"product_tag":[],"class_list":{"0":"post-5924","1":"product","2":"type-product","3":"status-publish","4":"has-post-thumbnail","6":"product_cat-retro","8":"first","9":"instock","10":"taxable","11":"shipping-taxable","12":"purchasable","13":"product-type-simple"},"_links":{"self":[{"href":"https:\/\/r2-toys.com\/index.php\/wp-json\/wp\/v2\/product\/5924","targetHints":{"allow":["GET"]}}],"collection":[{"href":"https:\/\/r2-toys.com\/index.php\/wp-json\/wp\/v2\/product"}],"about":[{"href":"https:\/\/r2-toys.com\/index.php\/wp-json\/wp\/v2\/types\/product"}],"replies":[{"embeddable":true,"href":"https:\/\/r2-toys.com\/index.php\/wp-json\/wp\/v2\/comments?post=5924"}],"wp:featuredmedia":[{"embeddable":true,"href":"https:\/\/r2-toys.com\/index.php\/wp-json\/wp\/v2\/media\/5899"}],"wp:attachment":[{"href":"https:\/\/r2-toys.com\/index.php\/wp-json\/wp\/v2\/media?parent=5924"}],"wp:term":[{"taxonomy":"product_brand","embeddable":true,"href":"https:\/\/r2-toys.com\/index.php\/wp-json\/wp\/v2\/product_brand?post=5924"},{"taxonomy":"product_cat","embeddable":true,"href":"https:\/\/r2-toys.com\/index.php\/wp-json\/wp\/v2\/product_cat?post=5924"},{"taxonomy":"product_tag","embeddable":true,"href":"https:\/\/r2-toys.com\/index.php\/wp-json\/wp\/v2\/product_tag?post=5924"}],"curies":[{"name":"wp","href":"https:\/\/api.w.org\/{rel}","templated":true}]}}