{"id":5928,"date":"2023-03-23T00:46:47","date_gmt":"2023-03-22T18:46:47","guid":{"rendered":"https:\/\/r2-toys.com\/?post_type=product&#038;p=5928"},"modified":"2023-03-23T00:46:47","modified_gmt":"2023-03-22T18:46:47","slug":"space-marine-reiver-artist-proof-with-grapnel-launcher","status":"publish","type":"product","link":"https:\/\/r2-toys.com\/index.php\/product\/space-marine-reiver-artist-proof-with-grapnel-launcher\/","title":{"rendered":"SPACE MARINE REIVER (ARTIST PROOF) WITH GRAPNEL LAUNCHER"},"content":{"rendered":"<p>Todos los Marines Espaciales son expertos en el ataque r\u00e1pido, pero los Reivers llevan estas habilidades al siguiente nivel. Est\u00e1n especialmente entrenados y equipados para lanzar ataques brutalmente efectivos e inesperados. Lo hacen con una furia repentina y una violencia impactante, ya que los Reivers cumplen el papel de tropas terroristas que siembran el miedo y la confusi\u00f3n entre sus enemigos.<\/p>\n<p>Esta figura de 18cm<span class=\"Apple-converted-space\">\u00a0 <\/span>incre\u00edblemente detalladas, basada en la franquicia Warhammer 40k cuenta con 22 articulaciones y 3 accesorios.<\/p>\n<p>La figura se exhibe en una caja con ventana tem\u00e1tica de Warhammer McFarlane. Este Space Marine Reiver en gris mate cl\u00e1sica, permite al consumidor pintar y personalizar su figura como las figuras cl\u00e1sicas de Warhammer 40,000.<\/p>\n<p>Edad recomendada: 12 a\u00f1os en adelante<\/p>\n<p>\u26a0\ufe0fADVERTENCIA: PELIGRO DE ASFIXIA &#8211; Piezas peque\u00f1as. No apto para ni\u00f1os menores de 12 a\u00f1os.<\/p>\n<p>Los productos son producidos por McFarlane bajo licencia de 40k Warhammer.<\/p>\n<p><span class=\"Apple-converted-space\">\u00a0<\/span>McFarlane, 40k Warhammer y todos los t\u00e9rminos relacionados con este producto son marcas registradas de McFarlane y 40k Warhammer.<\/p>\n","protected":false},"excerpt":{"rendered":"<p>Todos los Marines Espaciales son expertos en el ataque r\u00e1pido, pero los Reivers llevan estas habilidades al siguiente nivel. Est\u00e1n especialmente entrenados y equipados para lanzar ataques brutalmente efectivos e inesperados. Lo hacen con una furia repentina y una violencia impactante, ya que los Reivers cumplen el papel de tropas terroristas que siembran el miedo y la confusi\u00f3n entre sus enemigos.<\/p>\n","protected":false},"featured_media":5888,"comment_status":"open","ping_status":"closed","template":"","meta":[],"product_brand":[],"product_cat":[21],"product_tag":[],"class_list":{"0":"post-5928","1":"product","2":"type-product","3":"status-publish","4":"has-post-thumbnail","6":"product_cat-retro","8":"first","9":"instock","10":"taxable","11":"shipping-taxable","12":"purchasable","13":"product-type-simple"},"_links":{"self":[{"href":"https:\/\/r2-toys.com\/index.php\/wp-json\/wp\/v2\/product\/5928","targetHints":{"allow":["GET"]}}],"collection":[{"href":"https:\/\/r2-toys.com\/index.php\/wp-json\/wp\/v2\/product"}],"about":[{"href":"https:\/\/r2-toys.com\/index.php\/wp-json\/wp\/v2\/types\/product"}],"replies":[{"embeddable":true,"href":"https:\/\/r2-toys.com\/index.php\/wp-json\/wp\/v2\/comments?post=5928"}],"wp:featuredmedia":[{"embeddable":true,"href":"https:\/\/r2-toys.com\/index.php\/wp-json\/wp\/v2\/media\/5888"}],"wp:attachment":[{"href":"https:\/\/r2-toys.com\/index.php\/wp-json\/wp\/v2\/media?parent=5928"}],"wp:term":[{"taxonomy":"product_brand","embeddable":true,"href":"https:\/\/r2-toys.com\/index.php\/wp-json\/wp\/v2\/product_brand?post=5928"},{"taxonomy":"product_cat","embeddable":true,"href":"https:\/\/r2-toys.com\/index.php\/wp-json\/wp\/v2\/product_cat?post=5928"},{"taxonomy":"product_tag","embeddable":true,"href":"https:\/\/r2-toys.com\/index.php\/wp-json\/wp\/v2\/product_tag?post=5928"}],"curies":[{"name":"wp","href":"https:\/\/api.w.org\/{rel}","templated":true}]}}