{"id":5930,"date":"2023-03-23T00:53:32","date_gmt":"2023-03-22T18:53:32","guid":{"rendered":"https:\/\/r2-toys.com\/?post_type=product&#038;p=5930"},"modified":"2023-03-23T00:53:33","modified_gmt":"2023-03-22T18:53:33","slug":"mirio-togata","status":"publish","type":"product","link":"https:\/\/r2-toys.com\/index.php\/product\/mirio-togata\/","title":{"rendered":"MIRIO TOGATA"},"content":{"rendered":"<p>Un estudiante de tercer a\u00f1o en la clase 3-B y uno de los &#8220;3 grandes&#8221; conocidos como los mejores estudiantes de la escuela secundaria U.A. Tiene una actitud muy optimista y siempre est\u00e1 sonriendo alegremente. Su Quirk es &#8220;Permeaci\u00f3n&#8221;, donde tiene la capacidad de permitir que la materia f\u00edsica pase a trav\u00e9s de su cuerpo. Hace una pasant\u00eda junto con Izuku Midoriya bajo el h\u00e9roe profesional Sir Night Eye.<\/p>\n<p>Esta figura de 13cm<span class=\"Apple-converted-space\">\u00a0 <\/span>incre\u00edblemente detalladas, basada en el Anime My Hero Academia con articulaci\u00f3n para movimiento est\u00e1ndar de figuras de acci\u00f3n.<\/p>\n<p>La figura se exhibe en una caja con ventana tem\u00e1tica de My Hero Academia.<\/p>\n<p>Edad recomendada: 3 a\u00f1os en adelante<\/p>\n<p>\u26a0\ufe0fADVERTENCIA: PELIGRO DE ASFIXIA &#8211; Piezas peque\u00f1as. No apto para ni\u00f1os menores de 3 a\u00f1os.<\/p>\n<p>Los productos son producidos por McFarlane bajo licencia de 40k Warhammer.<\/p>\n<p><span class=\"Apple-converted-space\">\u00a0<\/span>McFarlane, My Hero Academia, funimation y todos los t\u00e9rminos relacionados con este producto son marcas registradas de McFarlane, My Hero Academia, funimation.<\/p>\n","protected":false},"excerpt":{"rendered":"<p>Un estudiante de tercer a\u00f1o en la clase 3-B y uno de los &#8220;3 grandes&#8221; conocidos como los mejores estudiantes de la escuela secundaria U.A. Tiene una actitud muy optimista y siempre est\u00e1 sonriendo alegremente. Su Quirk es &#8220;Permeaci\u00f3n&#8221;, donde tiene la capacidad de permitir que la materia f\u00edsica pase a trav\u00e9s de su cuerpo. Hace una pasant\u00eda junto con Izuku Midoriya bajo el h\u00e9roe profesional Sir Night Eye.<\/p>\n<p>&nbsp;<\/p>\n","protected":false},"featured_media":5915,"comment_status":"open","ping_status":"closed","template":"","meta":[],"product_brand":[],"product_cat":[21],"product_tag":[],"class_list":{"0":"post-5930","1":"product","2":"type-product","3":"status-publish","4":"has-post-thumbnail","6":"product_cat-retro","8":"first","9":"instock","10":"taxable","11":"shipping-taxable","12":"purchasable","13":"product-type-simple"},"_links":{"self":[{"href":"https:\/\/r2-toys.com\/index.php\/wp-json\/wp\/v2\/product\/5930","targetHints":{"allow":["GET"]}}],"collection":[{"href":"https:\/\/r2-toys.com\/index.php\/wp-json\/wp\/v2\/product"}],"about":[{"href":"https:\/\/r2-toys.com\/index.php\/wp-json\/wp\/v2\/types\/product"}],"replies":[{"embeddable":true,"href":"https:\/\/r2-toys.com\/index.php\/wp-json\/wp\/v2\/comments?post=5930"}],"wp:featuredmedia":[{"embeddable":true,"href":"https:\/\/r2-toys.com\/index.php\/wp-json\/wp\/v2\/media\/5915"}],"wp:attachment":[{"href":"https:\/\/r2-toys.com\/index.php\/wp-json\/wp\/v2\/media?parent=5930"}],"wp:term":[{"taxonomy":"product_brand","embeddable":true,"href":"https:\/\/r2-toys.com\/index.php\/wp-json\/wp\/v2\/product_brand?post=5930"},{"taxonomy":"product_cat","embeddable":true,"href":"https:\/\/r2-toys.com\/index.php\/wp-json\/wp\/v2\/product_cat?post=5930"},{"taxonomy":"product_tag","embeddable":true,"href":"https:\/\/r2-toys.com\/index.php\/wp-json\/wp\/v2\/product_tag?post=5930"}],"curies":[{"name":"wp","href":"https:\/\/api.w.org\/{rel}","templated":true}]}}