{"id":5931,"date":"2023-03-23T01:08:59","date_gmt":"2023-03-22T19:08:59","guid":{"rendered":"https:\/\/r2-toys.com\/?post_type=product&#038;p=5931"},"modified":"2024-11-13T05:21:26","modified_gmt":"2024-11-12T23:21:26","slug":"wolverine-comic-cover-06","status":"publish","type":"product","link":"https:\/\/r2-toys.com\/index.php\/product\/wolverine-comic-cover-06\/","title":{"rendered":"Wolverine\u00a0 Comic Cover (06)"},"content":{"rendered":"<p>Wolverine se une a la lucha por la causa del Profesor X; \u00a1cortando y deteniendo a los villanos con sus garras de adamantium!<span class=\"Apple-converted-space\">\u00a0<\/span><\/p>\n<p>Gracias a FunkoPop podemos tener incre\u00edbles figuras de tus personajes favoritos con incre\u00edbles dise\u00f1os.<\/p>\n<p>Altura aproximada de 11 cm<\/p>\n<p>Empaque con ventana para su exhibici\u00f3n<\/p>\n<p>Fabricados en Vinyl<\/p>\n<p>Edad recomendada: 4 a\u00f1os en adelante<\/p>\n<p>\u26a0\ufe0f ADVERTENCIA: PELIGRO DE ASFIXIA \u2013 Piezas peque\u00f1as. No apto para ni\u00f1os menores de 4 a\u00f1os.<\/p>\n<p>Los productos Marvel son producidos por FUNKO bajo licencia de Disney y Marvel<\/p>\n<p>FUNKO, Marvel y todos los t\u00e9rminos relacionados son marcas registradas Funko y Marvel.<\/p>\n","protected":false},"excerpt":{"rendered":"<p>Wolverine se une a la lucha por la causa del Profesor X; \u00a1cortando y deteniendo a los villanos con sus garras de adamantium!<\/p>\n","protected":false},"featured_media":5908,"comment_status":"open","ping_status":"closed","template":"","meta":[],"product_brand":[],"product_cat":[20],"product_tag":[],"class_list":{"0":"post-5931","1":"product","2":"type-product","3":"status-publish","4":"has-post-thumbnail","6":"product_cat-funko1","8":"first","9":"outofstock","10":"taxable","11":"shipping-taxable","12":"purchasable","13":"product-type-simple"},"_links":{"self":[{"href":"https:\/\/r2-toys.com\/index.php\/wp-json\/wp\/v2\/product\/5931","targetHints":{"allow":["GET"]}}],"collection":[{"href":"https:\/\/r2-toys.com\/index.php\/wp-json\/wp\/v2\/product"}],"about":[{"href":"https:\/\/r2-toys.com\/index.php\/wp-json\/wp\/v2\/types\/product"}],"replies":[{"embeddable":true,"href":"https:\/\/r2-toys.com\/index.php\/wp-json\/wp\/v2\/comments?post=5931"}],"wp:featuredmedia":[{"embeddable":true,"href":"https:\/\/r2-toys.com\/index.php\/wp-json\/wp\/v2\/media\/5908"}],"wp:attachment":[{"href":"https:\/\/r2-toys.com\/index.php\/wp-json\/wp\/v2\/media?parent=5931"}],"wp:term":[{"taxonomy":"product_brand","embeddable":true,"href":"https:\/\/r2-toys.com\/index.php\/wp-json\/wp\/v2\/product_brand?post=5931"},{"taxonomy":"product_cat","embeddable":true,"href":"https:\/\/r2-toys.com\/index.php\/wp-json\/wp\/v2\/product_cat?post=5931"},{"taxonomy":"product_tag","embeddable":true,"href":"https:\/\/r2-toys.com\/index.php\/wp-json\/wp\/v2\/product_tag?post=5931"}],"curies":[{"name":"wp","href":"https:\/\/api.w.org\/{rel}","templated":true}]}}