{"id":5972,"date":"2023-04-08T11:06:46","date_gmt":"2023-04-08T05:06:46","guid":{"rendered":"https:\/\/r2-toys.com\/?post_type=product&#038;p=5972"},"modified":"2023-04-08T11:06:46","modified_gmt":"2023-04-08T05:06:46","slug":"luke-skywalker-with-grogu-583","status":"publish","type":"product","link":"https:\/\/r2-toys.com\/index.php\/product\/luke-skywalker-with-grogu-583\/","title":{"rendered":"Luke Skywalker with Grogu (583)"},"content":{"rendered":"<p>Cuando The Mandalorian se embarca en una misi\u00f3n para salvar a Grogu de Moff Gideon, recibe ayuda inesperada. Luke Skywalker accedi\u00f3 a tomar al ni\u00f1o en su cuidado y entrenarlo en los caminos de la Fuerza. Despu\u00e9s de ser entregado por Djarin.<\/p>\n<p>Desde 1977 la saga de Star Wars ha sido un movimiento revolucionario de la cultura pop generaci\u00f3n tras generaci\u00f3n, reclutando fans y seguidores, creando para ellos diversas producciones del amplio universo. Gracias a FunkoPop podemos tener incre\u00edbles figuras de tus personajes favoritos con incre\u00edbles dise\u00f1os.<\/p>\n<p>Altura aproximada de 11 cm<\/p>\n<p>Empaque con ventana para su exhibici\u00f3n<\/p>\n<p>Fabricados en Vinyl<\/p>\n<p>Edad recomendada: 4 a\u00f1os en adelante<\/p>\n<p>\u26a0\ufe0fADVERTENCIA: PELIGRO DE ASFIXIA &#8211; Piezas peque\u00f1as. No apto para ni\u00f1os menores de 4 a\u00f1os.<\/p>\n<p>Los productos Star Wars son producidos por FUNKO bajo licencia de Lucasfilm Ltd. y Disney<\/p>\n<p>FUNKO y todos los t\u00e9rminos relacionados son marcas registradas de Funko.<\/p>\n","protected":false},"excerpt":{"rendered":"<p>Cuando The Mandalorian se embarca en una misi\u00f3n para salvar a Grogu de Moff Gideon, recibe ayuda inesperada. Luke Skywalker accedi\u00f3 a tomar al ni\u00f1o en su cuidado y entrenarlo en los caminos de la Fuerza. Despu\u00e9s de ser entregado por Djarin.<\/p>\n","protected":false},"featured_media":5963,"comment_status":"open","ping_status":"closed","template":"","meta":[],"product_brand":[],"product_cat":[20],"product_tag":[],"class_list":{"0":"post-5972","1":"product","2":"type-product","3":"status-publish","4":"has-post-thumbnail","6":"product_cat-funko1","8":"first","9":"instock","10":"taxable","11":"shipping-taxable","12":"purchasable","13":"product-type-simple"},"_links":{"self":[{"href":"https:\/\/r2-toys.com\/index.php\/wp-json\/wp\/v2\/product\/5972","targetHints":{"allow":["GET"]}}],"collection":[{"href":"https:\/\/r2-toys.com\/index.php\/wp-json\/wp\/v2\/product"}],"about":[{"href":"https:\/\/r2-toys.com\/index.php\/wp-json\/wp\/v2\/types\/product"}],"replies":[{"embeddable":true,"href":"https:\/\/r2-toys.com\/index.php\/wp-json\/wp\/v2\/comments?post=5972"}],"wp:featuredmedia":[{"embeddable":true,"href":"https:\/\/r2-toys.com\/index.php\/wp-json\/wp\/v2\/media\/5963"}],"wp:attachment":[{"href":"https:\/\/r2-toys.com\/index.php\/wp-json\/wp\/v2\/media?parent=5972"}],"wp:term":[{"taxonomy":"product_brand","embeddable":true,"href":"https:\/\/r2-toys.com\/index.php\/wp-json\/wp\/v2\/product_brand?post=5972"},{"taxonomy":"product_cat","embeddable":true,"href":"https:\/\/r2-toys.com\/index.php\/wp-json\/wp\/v2\/product_cat?post=5972"},{"taxonomy":"product_tag","embeddable":true,"href":"https:\/\/r2-toys.com\/index.php\/wp-json\/wp\/v2\/product_tag?post=5972"}],"curies":[{"name":"wp","href":"https:\/\/api.w.org\/{rel}","templated":true}]}}