{"id":5994,"date":"2023-04-08T11:33:16","date_gmt":"2023-04-08T05:33:16","guid":{"rendered":"https:\/\/r2-toys.com\/?post_type=product&#038;p=5994"},"modified":"2023-04-08T11:33:16","modified_gmt":"2023-04-08T05:33:16","slug":"dark-angels-assault-intercessor-sergeant","status":"publish","type":"product","link":"https:\/\/r2-toys.com\/index.php\/product\/dark-angels-assault-intercessor-sergeant\/","title":{"rendered":"DARK ANGELS ASSAULT INTERCESSOR SERGEANT"},"content":{"rendered":"<p>Los \u00c1ngeles Oscuros son una hermandad adusta, caracterizada por su profundo compromiso con los rituales milenarios, la lealtad, la disciplina y la autosuficiencia. Son una fuerza de combate cuya lealtad al Emperador y su Imperio es casi imposible de disputar, sin embargo, pocos los llaman amigos y nadie sabe mucho de ellos gracias a su reclusi\u00f3n resuelta.<\/p>\n<p>Esta figura de 18cm<span class=\"Apple-converted-space\">\u00a0 <\/span>incre\u00edblemente detalladas, basada en la franquicia Warhammer 40k cuenta con 22 articulaciones y 2 accesorios Chain Sword y Plasma Pistol.<\/p>\n<p>La figura se exhibe en una caja con ventana tem\u00e1tica de Warhammer McFarlane.<\/p>\n<p>Edad recomendada: 12 a\u00f1os en adelante<\/p>\n<p>\u26a0\ufe0fADVERTENCIA: PELIGRO DE ASFIXIA &#8211; Piezas peque\u00f1as. No apto para ni\u00f1os menores de 12 a\u00f1os.<\/p>\n<p>Los productos son producidos por McFarlane bajo licencia de 40k Warhammer.<\/p>\n<p><span class=\"Apple-converted-space\">\u00a0<\/span>McFarlane, 40k Warhammer y todos los t\u00e9rminos relacionados con este producto son marcas registradas de McFarlane y 40k Warhammer.<\/p>\n","protected":false},"excerpt":{"rendered":"<p>Los \u00c1ngeles Oscuros son una hermandad adusta, caracterizada por su profundo compromiso con los rituales milenarios, la lealtad, la disciplina y la autosuficiencia. Son una fuerza de combate cuya lealtad al Emperador y su Imperio es casi imposible de disputar, sin embargo, pocos los llaman amigos y nadie sabe mucho de ellos gracias a su reclusi\u00f3n resuelta.<\/p>\n<p>&nbsp;<\/p>\n","protected":false},"featured_media":5986,"comment_status":"open","ping_status":"closed","template":"","meta":[],"product_brand":[],"product_cat":[21],"product_tag":[],"class_list":{"0":"post-5994","1":"product","2":"type-product","3":"status-publish","4":"has-post-thumbnail","6":"product_cat-retro","8":"first","9":"instock","10":"taxable","11":"shipping-taxable","12":"purchasable","13":"product-type-simple"},"_links":{"self":[{"href":"https:\/\/r2-toys.com\/index.php\/wp-json\/wp\/v2\/product\/5994","targetHints":{"allow":["GET"]}}],"collection":[{"href":"https:\/\/r2-toys.com\/index.php\/wp-json\/wp\/v2\/product"}],"about":[{"href":"https:\/\/r2-toys.com\/index.php\/wp-json\/wp\/v2\/types\/product"}],"replies":[{"embeddable":true,"href":"https:\/\/r2-toys.com\/index.php\/wp-json\/wp\/v2\/comments?post=5994"}],"wp:featuredmedia":[{"embeddable":true,"href":"https:\/\/r2-toys.com\/index.php\/wp-json\/wp\/v2\/media\/5986"}],"wp:attachment":[{"href":"https:\/\/r2-toys.com\/index.php\/wp-json\/wp\/v2\/media?parent=5994"}],"wp:term":[{"taxonomy":"product_brand","embeddable":true,"href":"https:\/\/r2-toys.com\/index.php\/wp-json\/wp\/v2\/product_brand?post=5994"},{"taxonomy":"product_cat","embeddable":true,"href":"https:\/\/r2-toys.com\/index.php\/wp-json\/wp\/v2\/product_cat?post=5994"},{"taxonomy":"product_tag","embeddable":true,"href":"https:\/\/r2-toys.com\/index.php\/wp-json\/wp\/v2\/product_tag?post=5994"}],"curies":[{"name":"wp","href":"https:\/\/api.w.org\/{rel}","templated":true}]}}