{"id":5996,"date":"2023-04-08T11:43:03","date_gmt":"2023-04-08T05:43:03","guid":{"rendered":"https:\/\/r2-toys.com\/?post_type=product&#038;p=5996"},"modified":"2023-04-08T11:43:03","modified_gmt":"2023-04-08T05:43:03","slug":"stain","status":"publish","type":"product","link":"https:\/\/r2-toys.com\/index.php\/product\/stain\/","title":{"rendered":"Stain"},"content":{"rendered":"<p>Es un villano y ex justiciero conocido por haber matado a muchos h\u00e9roes profesionales y a cualquiera que \u00e9l crea que no defiende sus ideales de sociedad y h\u00e9roes verdaderos.<\/p>\n<p>Esta figura de 13cm<span class=\"Apple-converted-space\">\u00a0 <\/span>incre\u00edblemente detalladas, basada en el Anime My Hero Academia con articulaci\u00f3n para movimiento est\u00e1ndar de figuras de acci\u00f3n.<\/p>\n<p>La figura se exhibe en una caja con ventana tem\u00e1tica de My Hero Academia.<\/p>\n<p>Edad recomendada: 3 a\u00f1os en adelante<\/p>\n<p>\u26a0\ufe0fADVERTENCIA: PELIGRO DE ASFIXIA &#8211; Piezas peque\u00f1as. No apto para ni\u00f1os menores de 3 a\u00f1os.<\/p>\n<p>Los productos son producidos por McFarlane bajo licencia de 40k Warhammer.<\/p>\n<p><span class=\"Apple-converted-space\">\u00a0<\/span>McFarlane, My Hero Academia, funimation y todos los t\u00e9rminos relacionados con este producto son marcas registradas de McFarlane, My Hero Academia, funimation.<\/p>\n","protected":false},"excerpt":{"rendered":"<p>Es un villano y ex justiciero conocido por haber matado a muchos h\u00e9roes profesionales y a cualquiera que \u00e9l crea que no defiende sus ideales de sociedad y h\u00e9roes verdaderos.<\/p>\n","protected":false},"featured_media":5979,"comment_status":"open","ping_status":"closed","template":"","meta":[],"product_brand":[],"product_cat":[21],"product_tag":[],"class_list":{"0":"post-5996","1":"product","2":"type-product","3":"status-publish","4":"has-post-thumbnail","6":"product_cat-retro","8":"first","9":"instock","10":"taxable","11":"shipping-taxable","12":"purchasable","13":"product-type-simple"},"_links":{"self":[{"href":"https:\/\/r2-toys.com\/index.php\/wp-json\/wp\/v2\/product\/5996","targetHints":{"allow":["GET"]}}],"collection":[{"href":"https:\/\/r2-toys.com\/index.php\/wp-json\/wp\/v2\/product"}],"about":[{"href":"https:\/\/r2-toys.com\/index.php\/wp-json\/wp\/v2\/types\/product"}],"replies":[{"embeddable":true,"href":"https:\/\/r2-toys.com\/index.php\/wp-json\/wp\/v2\/comments?post=5996"}],"wp:featuredmedia":[{"embeddable":true,"href":"https:\/\/r2-toys.com\/index.php\/wp-json\/wp\/v2\/media\/5979"}],"wp:attachment":[{"href":"https:\/\/r2-toys.com\/index.php\/wp-json\/wp\/v2\/media?parent=5996"}],"wp:term":[{"taxonomy":"product_brand","embeddable":true,"href":"https:\/\/r2-toys.com\/index.php\/wp-json\/wp\/v2\/product_brand?post=5996"},{"taxonomy":"product_cat","embeddable":true,"href":"https:\/\/r2-toys.com\/index.php\/wp-json\/wp\/v2\/product_cat?post=5996"},{"taxonomy":"product_tag","embeddable":true,"href":"https:\/\/r2-toys.com\/index.php\/wp-json\/wp\/v2\/product_tag?post=5996"}],"curies":[{"name":"wp","href":"https:\/\/api.w.org\/{rel}","templated":true}]}}