{"id":6013,"date":"2023-04-10T00:02:07","date_gmt":"2023-04-09T18:02:07","guid":{"rendered":"https:\/\/r2-toys.com\/?post_type=product&#038;p=6013"},"modified":"2026-04-03T01:21:53","modified_gmt":"2026-04-02T19:21:53","slug":"emperors-royal-guard-tie-fighter-pilot","status":"publish","type":"product","link":"https:\/\/r2-toys.com\/index.php\/product\/emperors-royal-guard-tie-fighter-pilot\/","title":{"rendered":"Emperor\u00b4s Royal Guard &#038; Tie Fighter Pilot"},"content":{"rendered":"<p>La Guardia Real Imperial protegi\u00f3 al Emperador. El secreto envolvi\u00f3 a la Guardia, con abundantes rumores sobre los antecedentes y las capacidades de combate de los centinelas.<\/p>\n<p>Los pilotos imperiales confiaban en reflejos ultrar\u00e1pidos y valent\u00ed\u00ada para sobrevivir a los turnos de servicio contra los enemigos del Imperio, ya que los TIE Fighters ten\u00edan una armadura ligera y carec\u00edan de escudos.<\/p>\n<p>Estas figura de 15cm presentan m\u00faltiples puntos de articulaci\u00f3n y dise\u00f1o incre\u00edble. Incluye accesorios de batalla.<\/p>\n<p>Edad recomendada: 4 a\u00f1os en adelante<\/p>\n<p>\u26a0\ufe0fADVERTENCIA: PELIGRO DE ASFIXIA &#8211; Piezas peque\u00f1as. No apto para ni\u00f1os menores de 4 a\u00f1os.<\/p>\n<p>Los productos Star Wars son producidos por Hasbro bajo licencia de Lucasfilm Ltd.<\/p>\n<p>Hasbro y todos los t\u00e9rminos relacionados son marcas registradas de Hasbro.<\/p>\n","protected":false},"excerpt":{"rendered":"<p>La Guardia Real Imperial protegi\u00f3 al Emperador. El secreto envolvi\u00f3 a la Guardia, con abundantes rumores sobre los antecedentes y las capacidades de combate de los centinelas.<\/p>\n<p>Los pilotos imperiales confiaban en reflejos ultrar\u00e1pidos y valent\u00ed\u00ada para sobrevivir a los turnos de servicio contra los enemigos del Imperio, ya que los TIE Fighters ten\u00edan una armadura ligera y carec\u00edan de escudos.<\/p>\n","protected":false},"featured_media":6107,"comment_status":"open","ping_status":"closed","template":"","meta":[],"product_brand":[],"product_cat":[29],"product_tag":[],"class_list":{"0":"post-6013","1":"product","2":"type-product","3":"status-publish","4":"has-post-thumbnail","6":"product_cat-vintage","8":"first","9":"instock","10":"taxable","11":"shipping-taxable","12":"purchasable","13":"product-type-simple"},"_links":{"self":[{"href":"https:\/\/r2-toys.com\/index.php\/wp-json\/wp\/v2\/product\/6013","targetHints":{"allow":["GET"]}}],"collection":[{"href":"https:\/\/r2-toys.com\/index.php\/wp-json\/wp\/v2\/product"}],"about":[{"href":"https:\/\/r2-toys.com\/index.php\/wp-json\/wp\/v2\/types\/product"}],"replies":[{"embeddable":true,"href":"https:\/\/r2-toys.com\/index.php\/wp-json\/wp\/v2\/comments?post=6013"}],"wp:featuredmedia":[{"embeddable":true,"href":"https:\/\/r2-toys.com\/index.php\/wp-json\/wp\/v2\/media\/6107"}],"wp:attachment":[{"href":"https:\/\/r2-toys.com\/index.php\/wp-json\/wp\/v2\/media?parent=6013"}],"wp:term":[{"taxonomy":"product_brand","embeddable":true,"href":"https:\/\/r2-toys.com\/index.php\/wp-json\/wp\/v2\/product_brand?post=6013"},{"taxonomy":"product_cat","embeddable":true,"href":"https:\/\/r2-toys.com\/index.php\/wp-json\/wp\/v2\/product_cat?post=6013"},{"taxonomy":"product_tag","embeddable":true,"href":"https:\/\/r2-toys.com\/index.php\/wp-json\/wp\/v2\/product_tag?post=6013"}],"curies":[{"name":"wp","href":"https:\/\/api.w.org\/{rel}","templated":true}]}}