{"id":6015,"date":"2023-04-10T00:15:44","date_gmt":"2023-04-09T18:15:44","guid":{"rendered":"https:\/\/r2-toys.com\/?post_type=product&#038;p=6015"},"modified":"2026-01-20T23:47:58","modified_gmt":"2026-01-20T17:47:58","slug":"tusken-chieftain","status":"publish","type":"product","link":"https:\/\/r2-toys.com\/index.php\/product\/tusken-chieftain\/","title":{"rendered":"Tusken Chieftain"},"content":{"rendered":"<p>El l\u00edder de una tribu de Tusken Raiders, el Tusken Chieftain captura a Boba Fett despu\u00e9s de su escape del Sarlacc en el Gran Foso de Carkoon. Viene armado con un gaffi especial y est\u00e1 adornado con marcas \u00fanicas que lo distinguen del resto de su clan.<span class=\"Apple-converted-space\">\u00a0<\/span><\/p>\n<p>Esta figura de 15cm presenta m\u00faltiples puntos de articulaci\u00f3n y dise\u00f1o incre\u00edble.<\/p>\n<p>Edad recomendada: 4 a\u00f1os en adelante<\/p>\n<p>\u26a0\ufe0fADVERTENCIA: PELIGRO DE ASFIXIA &#8211; Piezas peque\u00f1as. No apto para ni\u00f1os menores de 4 a\u00f1os.<\/p>\n<p>Los productos Star Wars son producidos por Hasbro bajo licencia de Lucasfilm Ltd.<\/p>\n<p>Hasbro y todos los t\u00e9rminos relacionados son marcas registradas de Hasbro.<\/p>\n","protected":false},"excerpt":{"rendered":"<p>El l\u00edder de una tribu de Tusken Raiders, el Tusken Chieftain captura a Boba Fett despu\u00e9s de su escape del Sarlacc en el Gran Foso de Carkoon. Viene armado con un gaffi especial y est\u00e1 adornado con marcas \u00fanicas que lo distinguen del resto de su clan.<\/p>\n","protected":false},"featured_media":7597,"comment_status":"open","ping_status":"closed","template":"","meta":[],"product_brand":[],"product_cat":[28],"product_tag":[],"class_list":{"0":"post-6015","1":"product","2":"type-product","3":"status-publish","4":"has-post-thumbnail","6":"product_cat-black-series","8":"first","9":"instock","10":"taxable","11":"shipping-taxable","12":"purchasable","13":"product-type-simple"},"_links":{"self":[{"href":"https:\/\/r2-toys.com\/index.php\/wp-json\/wp\/v2\/product\/6015","targetHints":{"allow":["GET"]}}],"collection":[{"href":"https:\/\/r2-toys.com\/index.php\/wp-json\/wp\/v2\/product"}],"about":[{"href":"https:\/\/r2-toys.com\/index.php\/wp-json\/wp\/v2\/types\/product"}],"replies":[{"embeddable":true,"href":"https:\/\/r2-toys.com\/index.php\/wp-json\/wp\/v2\/comments?post=6015"}],"wp:featuredmedia":[{"embeddable":true,"href":"https:\/\/r2-toys.com\/index.php\/wp-json\/wp\/v2\/media\/7597"}],"wp:attachment":[{"href":"https:\/\/r2-toys.com\/index.php\/wp-json\/wp\/v2\/media?parent=6015"}],"wp:term":[{"taxonomy":"product_brand","embeddable":true,"href":"https:\/\/r2-toys.com\/index.php\/wp-json\/wp\/v2\/product_brand?post=6015"},{"taxonomy":"product_cat","embeddable":true,"href":"https:\/\/r2-toys.com\/index.php\/wp-json\/wp\/v2\/product_cat?post=6015"},{"taxonomy":"product_tag","embeddable":true,"href":"https:\/\/r2-toys.com\/index.php\/wp-json\/wp\/v2\/product_tag?post=6015"}],"curies":[{"name":"wp","href":"https:\/\/api.w.org\/{rel}","templated":true}]}}