{"id":6022,"date":"2023-07-28T08:22:25","date_gmt":"2023-07-28T02:22:25","guid":{"rendered":"https:\/\/r2-toys.com\/?post_type=product&#038;p=6022"},"modified":"2026-02-15T04:29:07","modified_gmt":"2026-02-14T22:29:07","slug":"admiral-piett","status":"publish","type":"product","link":"https:\/\/r2-toys.com\/index.php\/product\/admiral-piett\/","title":{"rendered":"Admiral Piett"},"content":{"rendered":"<p>Oficial Imperial que sirvi\u00f3 en las fuerzas navales del Imperio Gal\u00e1ctico durante la Guerra Civil Gal\u00e1ctica. Para el momento de la Batalla de Hoth, se desempe\u00f1\u00f3 como primer oficial del Acorazado Estelar Ejecutor, nave insignia del Lord Sith Darth Vader, ayudando al Almirante Kendal Ozzel.<\/p>\n<p>Esta figura de 9,5 cm cuenta con un excelente<span class=\"Apple-converted-space\">\u00a0 <\/span>dise\u00f1o, en empaques inspirados en la l\u00ednea original e incluye 2 accesorios.<\/p>\n<p>Edad recomendada: 4 a\u00f1os en adelante<\/p>\n<p>\u26a0\ufe0fADVERTENCIA: PELIGRO DE ASFIXIA &#8211; Piezas peque\u00f1as. No apto para ni\u00f1os menores de 4 a\u00f1os.<\/p>\n<p>Los productos Star Wars son producidos por Hasbro bajo licencia de Lucasfilm Ltd.<\/p>\n<p>Hasbro y todos los t\u00e9rminos relacionados son marcas registradas de Hasbro.<\/p>\n","protected":false},"excerpt":{"rendered":"<p>Oficial Imperial que sirvi\u00f3 en las fuerzas navales del Imperio Gal\u00e1ctico durante la Guerra Civil Gal\u00e1ctica. Para el momento de la Batalla de Hoth, se desempe\u00f1\u00f3 como primer oficial del Acorazado Estelar Ejecutor, nave insignia del Lord Sith Darth Vader, ayudando al Almirante Kendal Ozzel.<\/p>\n<p>&nbsp;<\/p>\n","protected":false},"featured_media":6403,"comment_status":"open","ping_status":"closed","template":"","meta":[],"product_brand":[],"product_cat":[29],"product_tag":[],"class_list":{"0":"post-6022","1":"product","2":"type-product","3":"status-publish","4":"has-post-thumbnail","6":"product_cat-vintage","8":"first","9":"outofstock","10":"taxable","11":"shipping-taxable","12":"purchasable","13":"product-type-simple"},"_links":{"self":[{"href":"https:\/\/r2-toys.com\/index.php\/wp-json\/wp\/v2\/product\/6022","targetHints":{"allow":["GET"]}}],"collection":[{"href":"https:\/\/r2-toys.com\/index.php\/wp-json\/wp\/v2\/product"}],"about":[{"href":"https:\/\/r2-toys.com\/index.php\/wp-json\/wp\/v2\/types\/product"}],"replies":[{"embeddable":true,"href":"https:\/\/r2-toys.com\/index.php\/wp-json\/wp\/v2\/comments?post=6022"}],"wp:featuredmedia":[{"embeddable":true,"href":"https:\/\/r2-toys.com\/index.php\/wp-json\/wp\/v2\/media\/6403"}],"wp:attachment":[{"href":"https:\/\/r2-toys.com\/index.php\/wp-json\/wp\/v2\/media?parent=6022"}],"wp:term":[{"taxonomy":"product_brand","embeddable":true,"href":"https:\/\/r2-toys.com\/index.php\/wp-json\/wp\/v2\/product_brand?post=6022"},{"taxonomy":"product_cat","embeddable":true,"href":"https:\/\/r2-toys.com\/index.php\/wp-json\/wp\/v2\/product_cat?post=6022"},{"taxonomy":"product_tag","embeddable":true,"href":"https:\/\/r2-toys.com\/index.php\/wp-json\/wp\/v2\/product_tag?post=6022"}],"curies":[{"name":"wp","href":"https:\/\/api.w.org\/{rel}","templated":true}]}}