{"id":6024,"date":"2023-09-06T10:00:28","date_gmt":"2023-09-06T04:00:28","guid":{"rendered":"https:\/\/r2-toys.com\/?post_type=product&#038;p=6024"},"modified":"2025-12-10T08:23:05","modified_gmt":"2025-12-10T02:23:05","slug":"starkiller-vaders-apprentice","status":"publish","type":"product","link":"https:\/\/r2-toys.com\/index.php\/product\/starkiller-vaders-apprentice\/","title":{"rendered":"Starkiller (Vader\u00b4s Apprentice)"},"content":{"rendered":"<p>Galen Marek era un humano var\u00f3n tomado como Aprendiz Sith por Darth Vader -el asesino de su padre, un Caballero Jedi llamado Kento Marek-, en Kashyyyk durante la Gran Purga Jedi. Durante a\u00f1os, el Lord Sith le ense\u00f1\u00f3, bajo el nombre c\u00f3digo de Starkiller, las artes oscuras y a eliminar a sus enemigos, incluyendo a los Jedi que sobrevivieron a la orden 66.<\/p>\n<p>Esta figura de 9,5 cm cuenta con un excelente<span class=\"Apple-converted-space\">\u00a0 <\/span>dise\u00f1o, en empaques inspirados en la l\u00ednea original e incluye<span class=\"Apple-converted-space\">\u00a0 <\/span>6 accesorios.<\/p>\n<p>Edad recomendada: 4 a\u00f1os en adelante<\/p>\n<p>\u26a0\ufe0fADVERTENCIA: PELIGRO DE ASFIXIA &#8211; Piezas peque\u00f1as. No apto para ni\u00f1os menores de 4 a\u00f1os.<\/p>\n<p>Los productos Star Wars son producidos por Hasbro bajo licencia de Lucasfilm Ltd.<\/p>\n<p>Hasbro y todos los t\u00e9rminos relacionados son marcas registradas de Hasbro.<\/p>\n","protected":false},"excerpt":{"rendered":"<p>Galen Marek era un humano var\u00f3n tomado como Aprendiz Sith por Darth Vader -el asesino de su padre, un Caballero Jedi llamado Kento Marek-, en Kashyyyk durante la Gran Purga Jedi. Durante a\u00f1os, el Lord Sith le ense\u00f1\u00f3, bajo el nombre c\u00f3digo de Starkiller, las artes oscuras y a eliminar a sus enemigos, incluyendo a los Jedi que sobrevivieron a la orden 66.<\/p>\n","protected":false},"featured_media":6555,"comment_status":"open","ping_status":"closed","template":"","meta":[],"product_brand":[],"product_cat":[29],"product_tag":[],"class_list":{"0":"post-6024","1":"product","2":"type-product","3":"status-publish","4":"has-post-thumbnail","6":"product_cat-vintage","8":"first","9":"instock","10":"taxable","11":"shipping-taxable","12":"purchasable","13":"product-type-simple"},"_links":{"self":[{"href":"https:\/\/r2-toys.com\/index.php\/wp-json\/wp\/v2\/product\/6024","targetHints":{"allow":["GET"]}}],"collection":[{"href":"https:\/\/r2-toys.com\/index.php\/wp-json\/wp\/v2\/product"}],"about":[{"href":"https:\/\/r2-toys.com\/index.php\/wp-json\/wp\/v2\/types\/product"}],"replies":[{"embeddable":true,"href":"https:\/\/r2-toys.com\/index.php\/wp-json\/wp\/v2\/comments?post=6024"}],"wp:featuredmedia":[{"embeddable":true,"href":"https:\/\/r2-toys.com\/index.php\/wp-json\/wp\/v2\/media\/6555"}],"wp:attachment":[{"href":"https:\/\/r2-toys.com\/index.php\/wp-json\/wp\/v2\/media?parent=6024"}],"wp:term":[{"taxonomy":"product_brand","embeddable":true,"href":"https:\/\/r2-toys.com\/index.php\/wp-json\/wp\/v2\/product_brand?post=6024"},{"taxonomy":"product_cat","embeddable":true,"href":"https:\/\/r2-toys.com\/index.php\/wp-json\/wp\/v2\/product_cat?post=6024"},{"taxonomy":"product_tag","embeddable":true,"href":"https:\/\/r2-toys.com\/index.php\/wp-json\/wp\/v2\/product_tag?post=6024"}],"curies":[{"name":"wp","href":"https:\/\/api.w.org\/{rel}","templated":true}]}}