{"id":605,"date":"2022-03-29T00:48:11","date_gmt":"2022-03-28T18:48:11","guid":{"rendered":"https:\/\/r2-toys.com\/?post_type=product&#038;p=605"},"modified":"2025-01-13T09:18:38","modified_gmt":"2025-01-13T03:18:38","slug":"chewbacca-retro","status":"publish","type":"product","link":"https:\/\/r2-toys.com\/index.php\/product\/chewbacca-retro\/","title":{"rendered":"CHEWBACCA RETRO"},"content":{"rendered":"<p>Durante su larga vida Chewbacca ha sido muchas cosas: guerrero wookiee, contrabandista y h\u00e9roe rebelde.<\/p>\n<p>Esta figura coleccionable de Chewbacca de 9,5 cm cuenta con dise\u00f1o y detalles inspirados en la figura de Kenner de los a\u00f1os 70<\/p>\n<p>Incluye una ballesta wookiee basada en el arma del personaje que es perfecta para exhibir la figura en toda colecci\u00f3n Star Wars.<\/p>\n<p>Inspirada en las figuras de acci\u00f3n de Star Wars de los a\u00f1os 70, la colecci\u00f3n Star Wars Retro de figuras a escala de 9,5 cm cuenta con dise\u00f1o y detalles Kenner originales, consolid\u00e1ndose como una fant\u00e1stica adici\u00f3n a toda colecci\u00f3n Star Wars de fans nost\u00e1lgicos.<\/p>\n<div>\n<p>Edad recomendada: 4 a\u00f1os en adelante<\/p>\n<\/div>\n<div>\n<p>\u26a0\ufe0f ADVERTENCIA: PELIGRO DE ASFIXIA &#8211; Piezas peque\u00f1as. No apto para ni\u00f1os menores de 4 a\u00f1os.<\/p>\n<\/div>\n<div>\n<p>Los productos Star Wars son producidos por Hasbro bajo licencia de Lucasfilm Ltd.<\/p>\n<\/div>\n<div>\n<p>Hasbro y todos los t\u00e9rminos relacionados son marcas de comercio de Hasbro.<\/p>\n<\/div>\n<p>&nbsp;<\/p>\n","protected":false},"excerpt":{"rendered":"<p>Durante su larga vida Chewbacca ha sido muchas cosas: guerrero wookiee, contrabandista y h\u00e9roe rebelde.<\/p>\n<p>Esta figura coleccionable de Chewbacca de 9,5 cm cuenta con dise\u00f1o y detalles inspirados en la figura de Kenner de los a\u00f1os 70<\/p>\n<p>Incluye una ballesta wookiee basada en el arma del personaje que es perfecta para exhibir la figura en toda colecci\u00f3n Star Wars.<\/p>\n","protected":false},"featured_media":2915,"comment_status":"open","ping_status":"closed","template":"","meta":[],"product_brand":[],"product_cat":[29],"product_tag":[],"class_list":{"0":"post-605","1":"product","2":"type-product","3":"status-publish","4":"has-post-thumbnail","6":"product_cat-vintage","8":"first","9":"outofstock","10":"taxable","11":"shipping-taxable","12":"purchasable","13":"product-type-simple"},"_links":{"self":[{"href":"https:\/\/r2-toys.com\/index.php\/wp-json\/wp\/v2\/product\/605","targetHints":{"allow":["GET"]}}],"collection":[{"href":"https:\/\/r2-toys.com\/index.php\/wp-json\/wp\/v2\/product"}],"about":[{"href":"https:\/\/r2-toys.com\/index.php\/wp-json\/wp\/v2\/types\/product"}],"replies":[{"embeddable":true,"href":"https:\/\/r2-toys.com\/index.php\/wp-json\/wp\/v2\/comments?post=605"}],"wp:featuredmedia":[{"embeddable":true,"href":"https:\/\/r2-toys.com\/index.php\/wp-json\/wp\/v2\/media\/2915"}],"wp:attachment":[{"href":"https:\/\/r2-toys.com\/index.php\/wp-json\/wp\/v2\/media?parent=605"}],"wp:term":[{"taxonomy":"product_brand","embeddable":true,"href":"https:\/\/r2-toys.com\/index.php\/wp-json\/wp\/v2\/product_brand?post=605"},{"taxonomy":"product_cat","embeddable":true,"href":"https:\/\/r2-toys.com\/index.php\/wp-json\/wp\/v2\/product_cat?post=605"},{"taxonomy":"product_tag","embeddable":true,"href":"https:\/\/r2-toys.com\/index.php\/wp-json\/wp\/v2\/product_tag?post=605"}],"curies":[{"name":"wp","href":"https:\/\/api.w.org\/{rel}","templated":true}]}}