{"id":6058,"date":"2023-09-06T09:53:05","date_gmt":"2023-09-06T03:53:05","guid":{"rendered":"https:\/\/r2-toys.com\/?post_type=product&#038;p=6058"},"modified":"2024-09-02T11:32:03","modified_gmt":"2024-09-02T05:32:03","slug":"tusken-raiders-2","status":"publish","type":"product","link":"https:\/\/r2-toys.com\/index.php\/product\/tusken-raiders-2\/","title":{"rendered":"Tusken Raiders"},"content":{"rendered":"<p>La supervivencia en el implacable desierto de Tatooine requiere un entrenamiento y una disciplina estrictos para los miembros de una tribu tusken. Dirigido por un jefe, cada miembro del clan debe aprender a ser \u00fatil. Algunos se convierten en guardias, mientras que otros crecen para convertirse en h\u00e1biles guerreros.<\/p>\n<p>Estas figuras de 9,5 cm cuentan con un excelente<span class=\"Apple-converted-space\">\u00a0 <\/span>dise\u00f1o, en empaques inspirados en la l\u00ednea original, incluye 4 figuras 5 accesorios.<span class=\"Apple-converted-space\">\u00a0<\/span><\/p>\n<p>Edad recomendada: 4 a\u00f1os en adelante<\/p>\n<p>\u26a0\ufe0fADVERTENCIA: PELIGRO DE ASFIXIA &#8211; Piezas peque\u00f1as. No apto para ni\u00f1os menores de 4 a\u00f1os.<\/p>\n<p>Los productos Star Wars son producidos por Hasbro bajo licencia de Lucasfilm Ltd.<\/p>\n<p>Hasbro y todos los t\u00e9rminos relacionados son marcas registradas de Hasbro<\/p>\n","protected":false},"excerpt":{"rendered":"<p>La supervivencia en el implacable desierto de Tatooine requiere un entrenamiento y una disciplina estrictos para los miembros de una tribu tusken. Dirigido por un jefe, cada miembro del clan debe aprender a ser \u00fatil. Algunos se convierten en guardias, mientras que otros crecen para convertirse en h\u00e1biles guerreros.<\/p>\n<p>&nbsp;<\/p>\n","protected":false},"featured_media":6515,"comment_status":"open","ping_status":"closed","template":"","meta":[],"product_brand":[],"product_cat":[29],"product_tag":[],"class_list":{"0":"post-6058","1":"product","2":"type-product","3":"status-publish","4":"has-post-thumbnail","6":"product_cat-vintage","8":"first","9":"outofstock","10":"taxable","11":"shipping-taxable","12":"purchasable","13":"product-type-simple"},"_links":{"self":[{"href":"https:\/\/r2-toys.com\/index.php\/wp-json\/wp\/v2\/product\/6058","targetHints":{"allow":["GET"]}}],"collection":[{"href":"https:\/\/r2-toys.com\/index.php\/wp-json\/wp\/v2\/product"}],"about":[{"href":"https:\/\/r2-toys.com\/index.php\/wp-json\/wp\/v2\/types\/product"}],"replies":[{"embeddable":true,"href":"https:\/\/r2-toys.com\/index.php\/wp-json\/wp\/v2\/comments?post=6058"}],"wp:featuredmedia":[{"embeddable":true,"href":"https:\/\/r2-toys.com\/index.php\/wp-json\/wp\/v2\/media\/6515"}],"wp:attachment":[{"href":"https:\/\/r2-toys.com\/index.php\/wp-json\/wp\/v2\/media?parent=6058"}],"wp:term":[{"taxonomy":"product_brand","embeddable":true,"href":"https:\/\/r2-toys.com\/index.php\/wp-json\/wp\/v2\/product_brand?post=6058"},{"taxonomy":"product_cat","embeddable":true,"href":"https:\/\/r2-toys.com\/index.php\/wp-json\/wp\/v2\/product_cat?post=6058"},{"taxonomy":"product_tag","embeddable":true,"href":"https:\/\/r2-toys.com\/index.php\/wp-json\/wp\/v2\/product_tag?post=6058"}],"curies":[{"name":"wp","href":"https:\/\/api.w.org\/{rel}","templated":true}]}}