{"id":6059,"date":"2023-11-18T10:42:50","date_gmt":"2023-11-18T04:42:50","guid":{"rendered":"https:\/\/r2-toys.com\/?post_type=product&#038;p=6059"},"modified":"2025-08-12T07:48:42","modified_gmt":"2025-08-12T01:48:42","slug":"332nd-ahsokas-clone-trooper-electronic-helmet","status":"publish","type":"product","link":"https:\/\/r2-toys.com\/index.php\/product\/332nd-ahsokas-clone-trooper-electronic-helmet\/","title":{"rendered":"332nd Ahsoka\u2019s Clone Trooper Electronic Helmet"},"content":{"rendered":"<p>Durante las Guerras Clon, Ahsoka Tano le pidi\u00f3 a los Jedi que ayudaran a un Mandalore sitiado. Aunque se pudo ahorrar poco apoyo de la Rep\u00fablica, una divisi\u00f3n de soldados clon de la 501 prometi\u00f3 su lealtad a Ahsoka, demostrada por sus cascos repintados.<\/p>\n<p>Con una decoraci\u00f3n muy detallada.<\/p>\n<p>REQUIERE BATER\u00cdAS ALCALINAS AAA DE 1.5v. No incluidas.<\/p>\n<p>Edad recomendada: 14 a\u00f1os en adelante<\/p>\n<p>\u26a0\ufe0fADVERTENCIA: PELIGRO DE ASFIXIA &#8211; Piezas peque\u00f1as. No apto para ni\u00f1os menores de 14 a\u00f1os.<\/p>\n<p>Los productos Star Wars son producidos por Hasbro bajo licencia de Lucasfilm Ltd.<\/p>\n<p>Hasbro y todos los t\u00e9rminos relacionados son marcas registradas de Hasbro.<\/p>\n","protected":false},"excerpt":{"rendered":"<p>Durante las Guerras Clon, Ahsoka Tano le pidi\u00f3 a los Jedi que ayudaran a un Mandalore sitiado. Aunque se pudo ahorrar poco apoyo de la Rep\u00fablica, una divisi\u00f3n de soldados clon de la 501 prometi\u00f3 su lealtad a Ahsoka, demostrada por sus cascos repintados.<\/p>\n","protected":false},"featured_media":6704,"comment_status":"open","ping_status":"closed","template":"","meta":[],"product_brand":[],"product_cat":[26],"product_tag":[],"class_list":{"0":"post-6059","1":"product","2":"type-product","3":"status-publish","4":"has-post-thumbnail","6":"product_cat-cascos","8":"first","9":"outofstock","10":"taxable","11":"shipping-taxable","12":"purchasable","13":"product-type-simple"},"_links":{"self":[{"href":"https:\/\/r2-toys.com\/index.php\/wp-json\/wp\/v2\/product\/6059","targetHints":{"allow":["GET"]}}],"collection":[{"href":"https:\/\/r2-toys.com\/index.php\/wp-json\/wp\/v2\/product"}],"about":[{"href":"https:\/\/r2-toys.com\/index.php\/wp-json\/wp\/v2\/types\/product"}],"replies":[{"embeddable":true,"href":"https:\/\/r2-toys.com\/index.php\/wp-json\/wp\/v2\/comments?post=6059"}],"wp:featuredmedia":[{"embeddable":true,"href":"https:\/\/r2-toys.com\/index.php\/wp-json\/wp\/v2\/media\/6704"}],"wp:attachment":[{"href":"https:\/\/r2-toys.com\/index.php\/wp-json\/wp\/v2\/media?parent=6059"}],"wp:term":[{"taxonomy":"product_brand","embeddable":true,"href":"https:\/\/r2-toys.com\/index.php\/wp-json\/wp\/v2\/product_brand?post=6059"},{"taxonomy":"product_cat","embeddable":true,"href":"https:\/\/r2-toys.com\/index.php\/wp-json\/wp\/v2\/product_cat?post=6059"},{"taxonomy":"product_tag","embeddable":true,"href":"https:\/\/r2-toys.com\/index.php\/wp-json\/wp\/v2\/product_tag?post=6059"}],"curies":[{"name":"wp","href":"https:\/\/api.w.org\/{rel}","templated":true}]}}