{"id":6064,"date":"2024-03-04T05:04:15","date_gmt":"2024-03-03T23:04:15","guid":{"rendered":"https:\/\/r2-toys.com\/?post_type=product&#038;p=6064"},"modified":"2025-04-06T06:47:39","modified_gmt":"2025-04-06T00:47:39","slug":"r2-d2-artoo-deetoo-40th-anniversary-return-of-the-jedi","status":"publish","type":"product","link":"https:\/\/r2-toys.com\/index.php\/product\/r2-d2-artoo-deetoo-40th-anniversary-return-of-the-jedi\/","title":{"rendered":"R2-D2 (Artoo-Deetoo) 40th Anniversary Return of the Jedi"},"content":{"rendered":"<p>R2-D2\u00a0y a menudo referido como\u00a0R2 (Artoo),\u00a0droide astro-mec\u00e1nico de la\u00a0serie R2\u00a0fabricado por\u00a0Industrial Automaton.\u00a0R2-D2,\u00a0un\u00a0droide\u00a0inteligente y valiente, nunca recibi\u00f3 un\u00a0borrado\u00a0completo de la\u00a0memoria y nunca recibi\u00f3 nueva programaci\u00f3n, con estos factores resultando en una actitud aventurera e independiente.<\/p>\n<p>Figura de acci\u00f3n de 15cm Conmemora el 40.\u00ba aniversario de El retorno del Jedi con dise\u00f1o y empaque cl\u00e1sicos, cuenta 6 accesorios de combate.<\/p>\n<p>Edad recomendada: 4 a\u00f1os en adelante<\/p>\n<p>\u26a0\ufe0fADVERTENCIA: PELIGRO DE ASFIXIA &#8211; Piezas peque\u00f1as. No apto para ni\u00f1os menores de 4 a\u00f1os.<\/p>\n<p>Los productos Star Wars son producidos por Hasbro bajo licencia de Lucasfilm Ltd.<\/p>\n<p>Hasbro y todos los t\u00e9rminos relacionados son marcas registradas de Hasbro.<\/p>\n","protected":false},"excerpt":{"rendered":"<p>R2-D2\u00a0y a menudo referido como\u00a0R2 (Artoo),\u00a0droide astro-mec\u00e1nico de la\u00a0serie R2\u00a0fabricado por\u00a0Industrial Automaton.\u00a0R2-D2,\u00a0un\u00a0droide\u00a0inteligente y valiente, nunca recibi\u00f3 un\u00a0borrado\u00a0completo de la\u00a0memoria y nunca recibi\u00f3 nueva programaci\u00f3n, con estos factores resultando en una actitud aventurera e independiente.<\/p>\n<p>&nbsp;<\/p>\n","protected":false},"featured_media":6903,"comment_status":"open","ping_status":"closed","template":"","meta":[],"product_brand":[],"product_cat":[29],"product_tag":[],"class_list":{"0":"post-6064","1":"product","2":"type-product","3":"status-publish","4":"has-post-thumbnail","6":"product_cat-vintage","8":"first","9":"instock","10":"taxable","11":"shipping-taxable","12":"purchasable","13":"product-type-simple"},"_links":{"self":[{"href":"https:\/\/r2-toys.com\/index.php\/wp-json\/wp\/v2\/product\/6064","targetHints":{"allow":["GET"]}}],"collection":[{"href":"https:\/\/r2-toys.com\/index.php\/wp-json\/wp\/v2\/product"}],"about":[{"href":"https:\/\/r2-toys.com\/index.php\/wp-json\/wp\/v2\/types\/product"}],"replies":[{"embeddable":true,"href":"https:\/\/r2-toys.com\/index.php\/wp-json\/wp\/v2\/comments?post=6064"}],"wp:featuredmedia":[{"embeddable":true,"href":"https:\/\/r2-toys.com\/index.php\/wp-json\/wp\/v2\/media\/6903"}],"wp:attachment":[{"href":"https:\/\/r2-toys.com\/index.php\/wp-json\/wp\/v2\/media?parent=6064"}],"wp:term":[{"taxonomy":"product_brand","embeddable":true,"href":"https:\/\/r2-toys.com\/index.php\/wp-json\/wp\/v2\/product_brand?post=6064"},{"taxonomy":"product_cat","embeddable":true,"href":"https:\/\/r2-toys.com\/index.php\/wp-json\/wp\/v2\/product_cat?post=6064"},{"taxonomy":"product_tag","embeddable":true,"href":"https:\/\/r2-toys.com\/index.php\/wp-json\/wp\/v2\/product_tag?post=6064"}],"curies":[{"name":"wp","href":"https:\/\/api.w.org\/{rel}","templated":true}]}}