{"id":6068,"date":"2023-04-18T08:34:54","date_gmt":"2023-04-18T02:34:54","guid":{"rendered":"https:\/\/r2-toys.com\/?post_type=product&#038;p=6068"},"modified":"2023-10-31T23:54:39","modified_gmt":"2023-10-31T17:54:39","slug":"force-ghosts-3-pack","status":"publish","type":"product","link":"https:\/\/r2-toys.com\/index.php\/product\/force-ghosts-3-pack\/","title":{"rendered":"Force Ghosts 3-Pack"},"content":{"rendered":"<p>Momento ic\u00f3nico de la pel\u00edcula, cuando Luke Skywalker es testigo de los fantasmas de la Fuerza de las personas que lo moldearon: Anakin, Obi-Wan y Yoda.<\/p>\n<p>Figuras de acci\u00f3n de 15cm, cuentan con m\u00faltiples puntos de articulaci\u00f3n y<span class=\"Apple-converted-space\">\u00a0 <\/span>accesorios.<\/p>\n<p>Edad recomendada: 4 a\u00f1os en adelante<\/p>\n<p>\u26a0\ufe0fADVERTENCIA: PELIGRO DE ASFIXIA &#8211; Piezas peque\u00f1as. No apto para ni\u00f1os menores de 4 a\u00f1os.<\/p>\n<p>Los productos Star Wars son producidos por Hasbro bajo licencia de Lucasfilm Ltd.<\/p>\n<p>Hasbro y todos los t\u00e9rminos relacionados son marcas registradas de Hasbro.<\/p>\n","protected":false},"excerpt":{"rendered":"<p>Momento ic\u00f3nico de la pel\u00edcula, cuando Luke Skywalker es testigo de los fantasmas de la Fuerza de las personas que lo moldearon: Anakin, Obi-Wan y Yoda.<\/p>\n","protected":false},"featured_media":6418,"comment_status":"open","ping_status":"closed","template":"","meta":[],"product_brand":[],"product_cat":[28],"product_tag":[],"class_list":{"0":"post-6068","1":"product","2":"type-product","3":"status-publish","4":"has-post-thumbnail","6":"product_cat-black-series","8":"first","9":"outofstock","10":"taxable","11":"shipping-taxable","12":"purchasable","13":"product-type-simple"},"_links":{"self":[{"href":"https:\/\/r2-toys.com\/index.php\/wp-json\/wp\/v2\/product\/6068","targetHints":{"allow":["GET"]}}],"collection":[{"href":"https:\/\/r2-toys.com\/index.php\/wp-json\/wp\/v2\/product"}],"about":[{"href":"https:\/\/r2-toys.com\/index.php\/wp-json\/wp\/v2\/types\/product"}],"replies":[{"embeddable":true,"href":"https:\/\/r2-toys.com\/index.php\/wp-json\/wp\/v2\/comments?post=6068"}],"wp:featuredmedia":[{"embeddable":true,"href":"https:\/\/r2-toys.com\/index.php\/wp-json\/wp\/v2\/media\/6418"}],"wp:attachment":[{"href":"https:\/\/r2-toys.com\/index.php\/wp-json\/wp\/v2\/media?parent=6068"}],"wp:term":[{"taxonomy":"product_brand","embeddable":true,"href":"https:\/\/r2-toys.com\/index.php\/wp-json\/wp\/v2\/product_brand?post=6068"},{"taxonomy":"product_cat","embeddable":true,"href":"https:\/\/r2-toys.com\/index.php\/wp-json\/wp\/v2\/product_cat?post=6068"},{"taxonomy":"product_tag","embeddable":true,"href":"https:\/\/r2-toys.com\/index.php\/wp-json\/wp\/v2\/product_tag?post=6068"}],"curies":[{"name":"wp","href":"https:\/\/api.w.org\/{rel}","templated":true}]}}