{"id":611,"date":"2022-03-29T00:50:35","date_gmt":"2022-03-28T18:50:35","guid":{"rendered":"https:\/\/r2-toys.com\/?post_type=product&#038;p=611"},"modified":"2024-03-01T09:09:43","modified_gmt":"2024-03-01T03:09:43","slug":"chewbacca-40th-anniversary-15cm","status":"publish","type":"product","link":"https:\/\/r2-toys.com\/index.php\/product\/chewbacca-40th-anniversary-15cm\/","title":{"rendered":"CHEWBACCA 40th ANNIVERSARY (15CM)"},"content":{"rendered":"<p>&nbsp;<\/p>\n<p>Cuando un droide sonda imperial lleg\u00f3 al planeta helado Hoth, Chewbacca y Han Solo se enfrentaron y lo destruyeron, casi confirmando que el droide esp\u00eda fue enviado por el Imperio.<\/p>\n<p>Durante su larga vida Chewbacca ha sido muchas cosas: guerrero wookiee, contrabandista y h\u00e9roe rebelde.<\/p>\n<p>Figura de acci\u00f3n de Chewbacca a escala de 15 cm aproximadamente, del 40 aniversario de Star Wars The Black Series que incluye un accesorio de ballesta y presenta una decoraci\u00f3n de primera calidad en m\u00faltiples puntos de articulaci\u00f3n.<\/p>\n<p>Incluye: figura y accesorio.<\/p>\n<p>Celebre los 40 a\u00f1os de Star Wars: El Imperio Contraataca con esta figura de acci\u00f3n de Chewbacca The Black Series con un dise\u00f1o inspirado en la d\u00e9cada de 1980<\/p>\n<p>Los fan\u00e1ticos y coleccionistas de Star Wars pueden exhibir esta figura altamente articulada (4 extremidades totalmente articuladas), con decoraci\u00f3n premium, en su figura de acci\u00f3n y colecci\u00f3n de veh\u00edculos.<\/p>\n<div>\n<p>Edad recomendada: 4 a\u00f1os en adelante<\/p>\n<\/div>\n<div>\n<p>\u26a0\ufe0f ADVERTENCIA: PELIGRO DE ASFIXIA &#8211; Piezas peque\u00f1as. No apto para ni\u00f1os menores de 4 a\u00f1os.<\/p>\n<\/div>\n<div>\n<p>Los productos Star Wars son producidos por Hasbro bajo licencia de Lucasfilm Ltd.<\/p>\n<\/div>\n<div>\n<p>Hasbro y todos los t\u00e9rminos relacionados son marcas de comercio de Hasbro.<\/p>\n<\/div>\n","protected":false},"excerpt":{"rendered":"<p>Cuando un droide sonda imperial lleg\u00f3 al planeta helado Hoth, Chewbacca y Han Solo se enfrentaron y lo destruyeron, casi confirmando que el droide esp\u00eda fue enviado por el Imperio.<\/p>\n<p>Durante su larga vida Chewbacca ha sido muchas cosas: guerrero wookiee, contrabandista y h\u00e9roe rebelde.<\/p>\n","protected":false},"featured_media":2919,"comment_status":"open","ping_status":"closed","template":"","meta":[],"product_brand":[],"product_cat":[29],"product_tag":[],"class_list":{"0":"post-611","1":"product","2":"type-product","3":"status-publish","4":"has-post-thumbnail","6":"product_cat-vintage","8":"first","9":"outofstock","10":"taxable","11":"shipping-taxable","12":"purchasable","13":"product-type-simple"},"_links":{"self":[{"href":"https:\/\/r2-toys.com\/index.php\/wp-json\/wp\/v2\/product\/611","targetHints":{"allow":["GET"]}}],"collection":[{"href":"https:\/\/r2-toys.com\/index.php\/wp-json\/wp\/v2\/product"}],"about":[{"href":"https:\/\/r2-toys.com\/index.php\/wp-json\/wp\/v2\/types\/product"}],"replies":[{"embeddable":true,"href":"https:\/\/r2-toys.com\/index.php\/wp-json\/wp\/v2\/comments?post=611"}],"wp:featuredmedia":[{"embeddable":true,"href":"https:\/\/r2-toys.com\/index.php\/wp-json\/wp\/v2\/media\/2919"}],"wp:attachment":[{"href":"https:\/\/r2-toys.com\/index.php\/wp-json\/wp\/v2\/media?parent=611"}],"wp:term":[{"taxonomy":"product_brand","embeddable":true,"href":"https:\/\/r2-toys.com\/index.php\/wp-json\/wp\/v2\/product_brand?post=611"},{"taxonomy":"product_cat","embeddable":true,"href":"https:\/\/r2-toys.com\/index.php\/wp-json\/wp\/v2\/product_cat?post=611"},{"taxonomy":"product_tag","embeddable":true,"href":"https:\/\/r2-toys.com\/index.php\/wp-json\/wp\/v2\/product_tag?post=611"}],"curies":[{"name":"wp","href":"https:\/\/api.w.org\/{rel}","templated":true}]}}