{"id":6115,"date":"2023-04-21T06:04:49","date_gmt":"2023-04-21T00:04:49","guid":{"rendered":"https:\/\/r2-toys.com\/?post_type=product&#038;p=6115"},"modified":"2025-04-17T09:21:33","modified_gmt":"2025-04-17T03:21:33","slug":"r2-d2-r5-d4","status":"publish","type":"product","link":"https:\/\/r2-toys.com\/index.php\/product\/r2-d2-r5-d4\/","title":{"rendered":"R2-D2 &#038; R5-D4"},"content":{"rendered":"<p>Era un\u00a0droide astromec\u00e1nico\u00a0R5\u00a0de rayas\u00a0rojas\u00a0y blancas propiedad de un grupo de\u00a0jawas\u00a0en\u00a0Tatooine\u00a0en los primeros d\u00edas de la\u00a0Guerra Civil Gal\u00e1ctica. Poco antes de la\u00a0Batalla de Yavin, los jawas intentaron vend\u00e9rselo a\u00a0Owen Lars, pero el\u00a0droide\u00a0fall\u00f3 deliberadamente en su\u00a0motivador\u00a0siguiendo el consejo de\u00a0R2-D2, para que Lars pudiera comprar R2-D2 en lugar de R5-D4.<\/p>\n<p>R2-D2\u00a0y a menudo referido como\u00a0R2 (Artoo),\u00a0droide astro-mec\u00e1nico de la\u00a0serie R2\u00a0fabricado por\u00a0Industrial Automaton.\u00a0R2-D2,\u00a0un\u00a0droide\u00a0inteligente y valiente, nunca recibi\u00f3 un\u00a0borrado\u00a0completo de la\u00a0memoria y nunca recibi\u00f3 nueva programaci\u00f3n, con estos factores resultando en una actitud aventurera e independiente.<\/p>\n<p>Desde 1977 la saga de Star Wars ha sido un movimiento revolucionario de la cultura pop generaci\u00f3n tras generaci\u00f3n, reclutando fans y seguidores, creando para ellos diversas producciones del amplio universo. Gracias a FunkoPop podemos tener incre\u00edbles figuras de tus personajes favoritos con incre\u00edbles dise\u00f1os.<\/p>\n<p>Altura aproximada de 11 cm<\/p>\n<p>Empaque con ventana para su exhibici\u00f3n<\/p>\n<p>Fabricados en Vinyl<\/p>\n<p>Edad recomendada: 4 a\u00f1os en adelante<\/p>\n<p>\u26a0\ufe0fADVERTENCIA: PELIGRO DE ASFIXIA &#8211; Piezas peque\u00f1as. No apto para ni\u00f1os menores de 4 a\u00f1os.<\/p>\n<p>Los productos Star Wars son producidos por FUNKO bajo licencia de Lucasfilm Ltd. y Disney<\/p>\n<p>FUNKO y todos los t\u00e9rminos relacionados son marcas registradas Funko.<\/p>\n","protected":false},"excerpt":{"rendered":"<p>Era un\u00a0droide astromec\u00e1nico\u00a0R5\u00a0de rayas\u00a0rojas\u00a0y blancas propiedad de un grupo de\u00a0jawas\u00a0en\u00a0Tatooine\u00a0en los primeros d\u00edas de la\u00a0Guerra Civil Gal\u00e1ctica. Poco antes de la\u00a0Batalla de Yavin, los jawas intentaron vend\u00e9rselo a\u00a0Owen Lars, pero el\u00a0droide\u00a0fall\u00f3 deliberadamente en su\u00a0motivador\u00a0siguiendo el consejo de\u00a0R2-D2, para que Lars pudiera comprar R2-D2 en lugar de R5-D4.<\/p>\n<p>R2-D2\u00a0y a menudo referido como\u00a0R2 (Artoo),\u00a0droide astro-mec\u00e1nico de la\u00a0serie R2\u00a0fabricado por\u00a0Industrial Automaton.\u00a0R2-D2,\u00a0un\u00a0droide\u00a0inteligente y valiente, nunca recibi\u00f3 un\u00a0borrado\u00a0completo de la\u00a0memoria y nunca recibi\u00f3 nueva programaci\u00f3n, con estos factores resultando en una actitud aventurera e independiente.<\/p>\n","protected":false},"featured_media":6072,"comment_status":"open","ping_status":"closed","template":"","meta":[],"product_brand":[],"product_cat":[20],"product_tag":[],"class_list":{"0":"post-6115","1":"product","2":"type-product","3":"status-publish","4":"has-post-thumbnail","6":"product_cat-funko1","8":"first","9":"instock","10":"taxable","11":"shipping-taxable","12":"purchasable","13":"product-type-simple"},"_links":{"self":[{"href":"https:\/\/r2-toys.com\/index.php\/wp-json\/wp\/v2\/product\/6115","targetHints":{"allow":["GET"]}}],"collection":[{"href":"https:\/\/r2-toys.com\/index.php\/wp-json\/wp\/v2\/product"}],"about":[{"href":"https:\/\/r2-toys.com\/index.php\/wp-json\/wp\/v2\/types\/product"}],"replies":[{"embeddable":true,"href":"https:\/\/r2-toys.com\/index.php\/wp-json\/wp\/v2\/comments?post=6115"}],"wp:featuredmedia":[{"embeddable":true,"href":"https:\/\/r2-toys.com\/index.php\/wp-json\/wp\/v2\/media\/6072"}],"wp:attachment":[{"href":"https:\/\/r2-toys.com\/index.php\/wp-json\/wp\/v2\/media?parent=6115"}],"wp:term":[{"taxonomy":"product_brand","embeddable":true,"href":"https:\/\/r2-toys.com\/index.php\/wp-json\/wp\/v2\/product_brand?post=6115"},{"taxonomy":"product_cat","embeddable":true,"href":"https:\/\/r2-toys.com\/index.php\/wp-json\/wp\/v2\/product_cat?post=6115"},{"taxonomy":"product_tag","embeddable":true,"href":"https:\/\/r2-toys.com\/index.php\/wp-json\/wp\/v2\/product_tag?post=6115"}],"curies":[{"name":"wp","href":"https:\/\/api.w.org\/{rel}","templated":true}]}}