{"id":614,"date":"2022-03-29T00:49:39","date_gmt":"2022-03-28T18:49:39","guid":{"rendered":"https:\/\/r2-toys.com\/?post_type=product&#038;p=614"},"modified":"2025-01-13T09:18:24","modified_gmt":"2025-01-13T03:18:24","slug":"chewbacca","status":"publish","type":"product","link":"https:\/\/r2-toys.com\/index.php\/product\/chewbacca\/","title":{"rendered":"CHEWBACCA"},"content":{"rendered":"<p>Durante su larga vida Chewbacca ha sido muchas cosas: guerrero wookiee, contrabandista y h\u00e9roe rebelde.<\/p>\n<p>Esta figura de Chewbacca a escala de 9.5 cm aproximadamente presenta m\u00faltiples puntos de articulaci\u00f3n y dise\u00f1o y detalles inspirados en Star Wars: A New Hope, parte de la franquicia de pel\u00edculas de Star Wars que incluye Star Wars: The Last Jedi y Solo: A Star Wars Story.<\/p>\n<p>Los fan\u00e1ticos y coleccionistas pueden imaginar escenas de la galaxia de Star Wars con esta figura premium de Chewbacca.<\/p>\n<p>Incluye figura y 2 accesorios.<\/p>\n<p>Esta figura de acci\u00f3n de Star Wars The Vintage Collection Chewbacca incluye 2 accesorios inspirados en Chewbacca.<\/p>\n<p>Los fan\u00e1ticos pueden apreciar el copiloto wookiee, inspirado en el personaje de la galaxia de Star Wars.<\/p>\n<div>\n<p>Edad recomendada: 4 a\u00f1os en adelante<\/p>\n<\/div>\n<div>\n<p>\u26a0\ufe0f ADVERTENCIA: PELIGRO DE ASFIXIA &#8211; Piezas peque\u00f1as. No apto para ni\u00f1os menores de 4 a\u00f1os.<\/p>\n<\/div>\n<div>\n<p>Los productos Star Wars son producidos por Hasbro bajo licencia de Lucasfilm Ltd.<\/p>\n<\/div>\n<div>\n<p>Hasbro y todos los t\u00e9rminos relacionados son marcas de comercio de Hasbro.<\/p>\n<\/div>\n","protected":false},"excerpt":{"rendered":"<p>Durante su larga vida Chewbacca ha sido muchas cosas: guerrero wookiee, contrabandista y h\u00e9roe rebelde. Esta figura de Chewbacca a escala de 9.5 cm aproximadamente presenta m\u00faltiples puntos de articulaci\u00f3n y dise\u00f1o y detalles inspirados en Star Wars: A New Hope, parte de la franquicia de pel\u00edculas de Star Wars que incluye Star Wars: The Last Jedi y Solo: A Star Wars Story.<\/p>\n","protected":false},"featured_media":2918,"comment_status":"open","ping_status":"closed","template":"","meta":[],"product_brand":[],"product_cat":[29],"product_tag":[],"class_list":{"0":"post-614","1":"product","2":"type-product","3":"status-publish","4":"has-post-thumbnail","6":"product_cat-vintage","8":"first","9":"outofstock","10":"taxable","11":"shipping-taxable","12":"purchasable","13":"product-type-simple"},"_links":{"self":[{"href":"https:\/\/r2-toys.com\/index.php\/wp-json\/wp\/v2\/product\/614","targetHints":{"allow":["GET"]}}],"collection":[{"href":"https:\/\/r2-toys.com\/index.php\/wp-json\/wp\/v2\/product"}],"about":[{"href":"https:\/\/r2-toys.com\/index.php\/wp-json\/wp\/v2\/types\/product"}],"replies":[{"embeddable":true,"href":"https:\/\/r2-toys.com\/index.php\/wp-json\/wp\/v2\/comments?post=614"}],"wp:featuredmedia":[{"embeddable":true,"href":"https:\/\/r2-toys.com\/index.php\/wp-json\/wp\/v2\/media\/2918"}],"wp:attachment":[{"href":"https:\/\/r2-toys.com\/index.php\/wp-json\/wp\/v2\/media?parent=614"}],"wp:term":[{"taxonomy":"product_brand","embeddable":true,"href":"https:\/\/r2-toys.com\/index.php\/wp-json\/wp\/v2\/product_brand?post=614"},{"taxonomy":"product_cat","embeddable":true,"href":"https:\/\/r2-toys.com\/index.php\/wp-json\/wp\/v2\/product_cat?post=614"},{"taxonomy":"product_tag","embeddable":true,"href":"https:\/\/r2-toys.com\/index.php\/wp-json\/wp\/v2\/product_tag?post=614"}],"curies":[{"name":"wp","href":"https:\/\/api.w.org\/{rel}","templated":true}]}}