{"id":6153,"date":"2023-05-10T06:01:46","date_gmt":"2023-05-10T00:01:46","guid":{"rendered":"https:\/\/r2-toys.com\/?post_type=product&#038;p=6153"},"modified":"2023-05-10T06:12:32","modified_gmt":"2023-05-10T00:12:32","slug":"spider-man-web-man-1560","status":"publish","type":"product","link":"https:\/\/r2-toys.com\/index.php\/product\/spider-man-web-man-1560\/","title":{"rendered":"Spider-Man Web-Man (1560)"},"content":{"rendered":"<p>Spider-Man ha sido clonado! El Dr. Doom busca capturar al superh\u00e9roe ara\u00f1a y us\u00f3 su Twin Machine para crear una copia de Spider-Man, lo opuesto al Hombre Ara\u00f1a en todos los sentidos.<\/p>\n<p>Gracias a FunkoPop podemos tener incre\u00edbles figuras de tus personajes favoritos con incre\u00edbles dise\u00f1os.<\/p>\n<p>Altura aproximada de 11 cm<\/p>\n<p>Empaque con ventana para su exhibici\u00f3n<\/p>\n<p>Fabricados en Vinyl<\/p>\n<p>Edad recomendada: 4 a\u00f1os en adelante<\/p>\n<p>\u26a0\ufe0f ADVERTENCIA: PELIGRO DE ASFIXIA \u2013 Piezas peque\u00f1as. No apto para ni\u00f1os menores de 4 a\u00f1os.<\/p>\n<p>FUNKO, Marvel y todos los t\u00e9rminos relacionados son marcas registradas Funko y Marvel.<\/p>\n","protected":false},"excerpt":{"rendered":"<p>Spider-Man ha sido clonado! El Dr. Doom busca capturar al superh\u00e9roe ara\u00f1a y us\u00f3 su Twin Machine para crear una copia de Spider-Man, lo opuesto al Hombre Ara\u00f1a en todos los sentidos.<\/p>\n<p>&nbsp;<\/p>\n","protected":false},"featured_media":6128,"comment_status":"open","ping_status":"closed","template":"","meta":[],"product_brand":[],"product_cat":[20],"product_tag":[],"class_list":{"0":"post-6153","1":"product","2":"type-product","3":"status-publish","4":"has-post-thumbnail","6":"product_cat-funko1","8":"first","9":"instock","10":"taxable","11":"shipping-taxable","12":"purchasable","13":"product-type-simple"},"_links":{"self":[{"href":"https:\/\/r2-toys.com\/index.php\/wp-json\/wp\/v2\/product\/6153","targetHints":{"allow":["GET"]}}],"collection":[{"href":"https:\/\/r2-toys.com\/index.php\/wp-json\/wp\/v2\/product"}],"about":[{"href":"https:\/\/r2-toys.com\/index.php\/wp-json\/wp\/v2\/types\/product"}],"replies":[{"embeddable":true,"href":"https:\/\/r2-toys.com\/index.php\/wp-json\/wp\/v2\/comments?post=6153"}],"wp:featuredmedia":[{"embeddable":true,"href":"https:\/\/r2-toys.com\/index.php\/wp-json\/wp\/v2\/media\/6128"}],"wp:attachment":[{"href":"https:\/\/r2-toys.com\/index.php\/wp-json\/wp\/v2\/media?parent=6153"}],"wp:term":[{"taxonomy":"product_brand","embeddable":true,"href":"https:\/\/r2-toys.com\/index.php\/wp-json\/wp\/v2\/product_brand?post=6153"},{"taxonomy":"product_cat","embeddable":true,"href":"https:\/\/r2-toys.com\/index.php\/wp-json\/wp\/v2\/product_cat?post=6153"},{"taxonomy":"product_tag","embeddable":true,"href":"https:\/\/r2-toys.com\/index.php\/wp-json\/wp\/v2\/product_tag?post=6153"}],"curies":[{"name":"wp","href":"https:\/\/api.w.org\/{rel}","templated":true}]}}