{"id":618,"date":"2022-03-29T00:52:41","date_gmt":"2022-03-28T18:52:41","guid":{"rendered":"https:\/\/r2-toys.com\/?post_type=product&#038;p=618"},"modified":"2026-03-29T03:34:51","modified_gmt":"2026-03-28T21:34:51","slug":"clone-commander-wolfee","status":"publish","type":"product","link":"https:\/\/r2-toys.com\/index.php\/product\/clone-commander-wolfee\/","title":{"rendered":"CLONE COMMANDER WOLFFE"},"content":{"rendered":"<p>Un combatiente experimentado y maltratado, Wolffe ha sido testigo de algunos de los peores que la guerra tiene para ofrecer. A pesar de tal tragedia, sigue luchando con valent\u00eda, mostrando con orgullo sus cicatrices de batalla.<\/p>\n<p>Con detalles y dise\u00f1o premium en m\u00faltiples puntos de articulaci\u00f3n inspirados en Star Wars: The Clone Wars, esta figura coleccionable de escala de 9.5 cm aproximadamente de Star Wars The Vintage Collection es un gran regalo para los fan\u00e1ticos y coleccionistas de Star Wars.<\/p>\n<p>Incluye: figura y 3 accesorios.<\/p>\n<p>El Comandante Clon Wolffe sirvi\u00f3 bajo el mando del General Plo Koon en las Guerras Clon como comandante de la unidad de caballeros ajustados conocida como Wolfpack.<\/p>\n<div>\n<p>Edad recomendada: 4 a\u00f1os en adelante<\/p>\n<\/div>\n<div>\n<p>\u26a0\ufe0f ADVERTENCIA: PELIGRO DE ASFIXIA &#8211; Piezas peque\u00f1as. No apto para ni\u00f1os menores de 4 a\u00f1os.<\/p>\n<\/div>\n<div>\n<p>Los productos Star Wars son producidos por Hasbro bajo licencia de Lucasfilm Ltd.<\/p>\n<\/div>\n<div>\n<p>Hasbro y todos los t\u00e9rminos relacionados son marcas de comercio de Hasbro.<\/p>\n<\/div>\n","protected":false},"excerpt":{"rendered":"<p>Un combatiente experimentado y maltratado, Wolffe ha sido testigo de algunos de los peores que la guerra tiene para ofrecer. A pesar de tal tragedia, sigue luchando con valent\u00eda, mostrando con orgullo sus cicatrices de batalla.<\/p>\n","protected":false},"featured_media":2923,"comment_status":"open","ping_status":"closed","template":"","meta":[],"product_brand":[],"product_cat":[29],"product_tag":[],"class_list":{"0":"post-618","1":"product","2":"type-product","3":"status-publish","4":"has-post-thumbnail","6":"product_cat-vintage","8":"first","9":"outofstock","10":"taxable","11":"shipping-taxable","12":"purchasable","13":"product-type-simple"},"_links":{"self":[{"href":"https:\/\/r2-toys.com\/index.php\/wp-json\/wp\/v2\/product\/618","targetHints":{"allow":["GET"]}}],"collection":[{"href":"https:\/\/r2-toys.com\/index.php\/wp-json\/wp\/v2\/product"}],"about":[{"href":"https:\/\/r2-toys.com\/index.php\/wp-json\/wp\/v2\/types\/product"}],"replies":[{"embeddable":true,"href":"https:\/\/r2-toys.com\/index.php\/wp-json\/wp\/v2\/comments?post=618"}],"wp:featuredmedia":[{"embeddable":true,"href":"https:\/\/r2-toys.com\/index.php\/wp-json\/wp\/v2\/media\/2923"}],"wp:attachment":[{"href":"https:\/\/r2-toys.com\/index.php\/wp-json\/wp\/v2\/media?parent=618"}],"wp:term":[{"taxonomy":"product_brand","embeddable":true,"href":"https:\/\/r2-toys.com\/index.php\/wp-json\/wp\/v2\/product_brand?post=618"},{"taxonomy":"product_cat","embeddable":true,"href":"https:\/\/r2-toys.com\/index.php\/wp-json\/wp\/v2\/product_cat?post=618"},{"taxonomy":"product_tag","embeddable":true,"href":"https:\/\/r2-toys.com\/index.php\/wp-json\/wp\/v2\/product_tag?post=618"}],"curies":[{"name":"wp","href":"https:\/\/api.w.org\/{rel}","templated":true}]}}