{"id":6205,"date":"2023-05-29T12:03:09","date_gmt":"2023-05-29T06:03:09","guid":{"rendered":"https:\/\/r2-toys.com\/?post_type=product&#038;p=6205"},"modified":"2025-12-12T00:04:24","modified_gmt":"2025-12-11T18:04:24","slug":"boba-fett-the-mandalorian","status":"publish","type":"product","link":"https:\/\/r2-toys.com\/index.php\/product\/boba-fett-the-mandalorian\/","title":{"rendered":"Boba Fett (The Mandalorian)"},"content":{"rendered":"<p>Boba Fett aparentemente muri\u00f3 en el pozo Sarlacc en Tatooine y cinco a\u00f1os despu\u00e9s de la ca\u00edda del Imperio, reaparece de las sombras en Tatooine para reclamar su lugar en la galaxia.<\/p>\n<p>Figura de pl\u00e1stico de armar escala 1:12 totalmente detallada y articulado, incluye numeroso accesorios como 1 rifle bl\u00e1ster, 1 pistola bl\u00e1ster, 1 bufanda, Hilos de tela 1 juego de piezas de mano intercambiables, 1 base de exhibici\u00f3n dedicada, con una altura aproximada 15cm.<\/p>\n<p>Edad recomendada: 14 a\u00f1os en adelante<\/p>\n<p>\u26a0\ufe0fADVERTENCIA: PELIGRO DE ASFIXIA \u2013 Piezas peque\u00f1as. No apto para ni\u00f1os menores de 14 a\u00f1os.<\/p>\n<p>Los productos Star Wars son producidos por Bandai bajo licencia de Lucasfilm Ltd.<\/p>\n<p>Bandai y todos los t\u00e9rminos relacionados son marcas registradas de Bandai.<\/p>\n","protected":false},"excerpt":{"rendered":"<p>Boba Fett aparentemente muri\u00f3 en el pozo Sarlacc en Tatooine y cinco a\u00f1os despu\u00e9s de la ca\u00edda del Imperio, reaparece de las sombras en Tatooine para reclamar su lugar en la galaxia.<\/p>\n","protected":false},"featured_media":6203,"comment_status":"open","ping_status":"closed","template":"","meta":[],"product_brand":[],"product_cat":[25],"product_tag":[],"class_list":{"0":"post-6205","1":"product","2":"type-product","3":"status-publish","4":"has-post-thumbnail","6":"product_cat-armables","8":"first","9":"instock","10":"taxable","11":"shipping-taxable","12":"purchasable","13":"product-type-simple"},"_links":{"self":[{"href":"https:\/\/r2-toys.com\/index.php\/wp-json\/wp\/v2\/product\/6205","targetHints":{"allow":["GET"]}}],"collection":[{"href":"https:\/\/r2-toys.com\/index.php\/wp-json\/wp\/v2\/product"}],"about":[{"href":"https:\/\/r2-toys.com\/index.php\/wp-json\/wp\/v2\/types\/product"}],"replies":[{"embeddable":true,"href":"https:\/\/r2-toys.com\/index.php\/wp-json\/wp\/v2\/comments?post=6205"}],"wp:featuredmedia":[{"embeddable":true,"href":"https:\/\/r2-toys.com\/index.php\/wp-json\/wp\/v2\/media\/6203"}],"wp:attachment":[{"href":"https:\/\/r2-toys.com\/index.php\/wp-json\/wp\/v2\/media?parent=6205"}],"wp:term":[{"taxonomy":"product_brand","embeddable":true,"href":"https:\/\/r2-toys.com\/index.php\/wp-json\/wp\/v2\/product_brand?post=6205"},{"taxonomy":"product_cat","embeddable":true,"href":"https:\/\/r2-toys.com\/index.php\/wp-json\/wp\/v2\/product_cat?post=6205"},{"taxonomy":"product_tag","embeddable":true,"href":"https:\/\/r2-toys.com\/index.php\/wp-json\/wp\/v2\/product_tag?post=6205"}],"curies":[{"name":"wp","href":"https:\/\/api.w.org\/{rel}","templated":true}]}}