{"id":621,"date":"2022-03-29T00:54:55","date_gmt":"2022-03-28T18:54:55","guid":{"rendered":"https:\/\/r2-toys.com\/?post_type=product&#038;p=621"},"modified":"2024-02-21T01:02:54","modified_gmt":"2024-02-20T19:02:54","slug":"darth-maul","status":"publish","type":"product","link":"https:\/\/r2-toys.com\/index.php\/product\/darth-maul\/","title":{"rendered":"DARTH MAUL"},"content":{"rendered":"<p>Darth Maul, un letal y \u00e1gil Lord Sith entrenado por el malvado Darth Sidious, es un formidable guerrero y maestro estratega.<\/p>\n<p>Las figuras y veh\u00edculos cl\u00e1sicos a escala de 9,5 cm de la colecci\u00f3n Vintage de Star Wars vienen en empaques identificados con el logo original de Kenner<\/p>\n<p>Esta figura de Darth Maul inspirada en el personaje de Star Wars: La amenaza fantasma, es un regalo fant\u00e1stico para todo coleccionista o fan de Star Wars de 4 a\u00f1os en adelante. Con sus m\u00faltiples puntos de articulaci\u00f3n y detalles realistas, la figura de Darth Maul de Star Wars es perfecta para ser exhibida en colecciones de figuras de acci\u00f3n y veh\u00edculos.<\/p>\n<div>\n<p>Edad recomendada: 4 a\u00f1os en adelante<\/p>\n<\/div>\n<div>\n<p>\u26a0\ufe0f ADVERTENCIA: PELIGRO DE ASFIXIA &#8211; Piezas peque\u00f1as. No apto para ni\u00f1os menores de 4 a\u00f1os.<\/p>\n<\/div>\n<div>\n<p>Los productos Star Wars son producidos por Hasbro bajo licencia de Lucasfilm Ltd.<\/p>\n<\/div>\n<div>\n<p>Hasbro y todos los t\u00e9rminos relacionados son marcas de comercio de Hasbro.<\/p>\n<\/div>\n","protected":false},"excerpt":{"rendered":"<p>Darth Maul, un letal y \u00e1gil Lord Sith entrenado por el malvado Darth Sidious, es un formidable guerrero y maestro estratega.<\/p>\n","protected":false},"featured_media":2928,"comment_status":"open","ping_status":"closed","template":"","meta":[],"product_brand":[],"product_cat":[29],"product_tag":[],"class_list":{"0":"post-621","1":"product","2":"type-product","3":"status-publish","4":"has-post-thumbnail","6":"product_cat-vintage","8":"first","9":"outofstock","10":"taxable","11":"shipping-taxable","12":"purchasable","13":"product-type-simple"},"_links":{"self":[{"href":"https:\/\/r2-toys.com\/index.php\/wp-json\/wp\/v2\/product\/621","targetHints":{"allow":["GET"]}}],"collection":[{"href":"https:\/\/r2-toys.com\/index.php\/wp-json\/wp\/v2\/product"}],"about":[{"href":"https:\/\/r2-toys.com\/index.php\/wp-json\/wp\/v2\/types\/product"}],"replies":[{"embeddable":true,"href":"https:\/\/r2-toys.com\/index.php\/wp-json\/wp\/v2\/comments?post=621"}],"wp:featuredmedia":[{"embeddable":true,"href":"https:\/\/r2-toys.com\/index.php\/wp-json\/wp\/v2\/media\/2928"}],"wp:attachment":[{"href":"https:\/\/r2-toys.com\/index.php\/wp-json\/wp\/v2\/media?parent=621"}],"wp:term":[{"taxonomy":"product_brand","embeddable":true,"href":"https:\/\/r2-toys.com\/index.php\/wp-json\/wp\/v2\/product_brand?post=621"},{"taxonomy":"product_cat","embeddable":true,"href":"https:\/\/r2-toys.com\/index.php\/wp-json\/wp\/v2\/product_cat?post=621"},{"taxonomy":"product_tag","embeddable":true,"href":"https:\/\/r2-toys.com\/index.php\/wp-json\/wp\/v2\/product_tag?post=621"}],"curies":[{"name":"wp","href":"https:\/\/api.w.org\/{rel}","templated":true}]}}